{"id":699,"date":"2025-08-03T10:17:09","date_gmt":"2025-08-03T10:17:09","guid":{"rendered":"https:\/\/paadvogados.com\/sitenovo\/?page_id=699"},"modified":"2025-08-15T10:45:13","modified_gmt":"2025-08-15T13:45:13","slug":"direito-imobiliario","status":"publish","type":"page","link":"https:\/\/paadvogados.com\/sitenovo\/direito-imobiliario\/","title":{"rendered":"Direito Imobili\u00e1rio"},"content":{"rendered":"\t\t<div data-elementor-type=\"wp-page\" data-elementor-id=\"699\" class=\"elementor elementor-699\" data-elementor-post-type=\"page\">\n\t\t\t\t<div class=\"elementor-element elementor-element-1a706911 e-flex e-con-boxed e-con e-parent\" data-id=\"1a706911\" data-element_type=\"container\" data-settings=\"{&quot;background_background&quot;:&quot;classic&quot;}\">\n\t\t\t\t\t<div class=\"e-con-inner\">\n\t\t\t\t<div class=\"elementor-element elementor-element-365e4d43 elementor-icon-list--layout-inline elementor-align-center elementor-list-item-link-full_width elementor-widget elementor-widget-icon-list\" data-id=\"365e4d43\" data-element_type=\"widget\" data-widget_type=\"icon-list.default\">\n\t\t\t\t\t\t\t<ul class=\"elementor-icon-list-items elementor-inline-items\">\n\t\t\t\t\t\t\t<li class=\"elementor-icon-list-item elementor-inline-item\">\n\t\t\t\t\t\t\t\t\t\t\t<a href=\"\/paadvogados\/\">\n\n\t\t\t\t\t\t\t\t\t\t\t<span class=\"elementor-icon-list-text\">Home<\/span>\n\t\t\t\t\t\t\t\t\t\t\t<\/a>\n\t\t\t\t\t\t\t\t\t<\/li>\n\t\t\t\t\t\t\t\t<li class=\"elementor-icon-list-item elementor-inline-item\">\n\t\t\t\t\t\t\t\t\t\t<span class=\"elementor-icon-list-text\">-<\/span>\n\t\t\t\t\t\t\t\t\t<\/li>\n\t\t\t\t\t\t\t\t<li class=\"elementor-icon-list-item elementor-inline-item\">\n\t\t\t\t\t\t\t\t\t\t\t<a href=\"#\">\n\n\t\t\t\t\t\t\t\t\t\t\t<span class=\"elementor-icon-list-text\"><\/span>\n\t\t\t\t\t\t\t\t\t\t\t<\/a>\n\t\t\t\t\t\t\t\t\t<\/li>\n\t\t\t\t\t\t<\/ul>\n\t\t\t\t\t\t<\/div>\n\t\t\t\t\t<\/div>\n\t\t\t\t<\/div>\n\t\t<div class=\"elementor-element elementor-element-6e6e367e e-flex e-con-boxed e-con e-parent\" data-id=\"6e6e367e\" data-element_type=\"container\">\n\t\t\t\t\t<div class=\"e-con-inner\">\n\t\t<div class=\"elementor-element elementor-element-3da48cfc e-con-full e-flex e-con e-child\" data-id=\"3da48cfc\" data-element_type=\"container\">\n\t\t<div class=\"elementor-element elementor-element-4d6db66a e-con-full e-flex e-con e-child\" data-id=\"4d6db66a\" data-element_type=\"container\">\n\t\t\t\t<div class=\"elementor-element elementor-element-386b22ce elementor-widget elementor-widget-heading\" data-id=\"386b22ce\" data-element_type=\"widget\" data-widget_type=\"heading.default\">\n\t\t\t\t\t<h2 class=\"elementor-heading-title elementor-size-default\">A Seguran\u00e7a Jur\u00eddica do Seu Patrim\u00f4nio<\/h2>\t\t\t\t<\/div>\n\t\t\t\t<div class=\"elementor-element elementor-element-766f3d77 elementor-widget elementor-widget-text-editor\" data-id=\"766f3d77\" data-element_type=\"widget\" data-widget_type=\"text-editor.default\">\n\t\t\t\t\t\t\t\t\t<p>A compra, venda ou loca\u00e7\u00e3o de um im\u00f3vel \u00e9 um passo decisivo, seja na vida pessoal, seja na estrat\u00e9gia de uma empresa. Por\u00e9m, esse processo envolve burocracia complexa e riscos que, se n\u00e3o forem devidamente prevenidos, podem gerar preju\u00edzos e disputas. Documenta\u00e7\u00e3o irregular, cl\u00e1usulas contratuais desfavor\u00e1veis e pend\u00eancias ocultas s\u00e3o armadilhas frequentes.<\/p><p>Na P&amp;A Advogados, oferecemos assessoria especializada em todas as etapas da transa\u00e7\u00e3o, garantindo que cada detalhe seja analisado com rigor t\u00e9cnico, proporcionando seguran\u00e7a jur\u00eddica, transpar\u00eancia e tranquilidade para voc\u00ea concretizar seu neg\u00f3cio.<\/p>\t\t\t\t\t\t\t\t<\/div>\n\t\t\t\t<\/div>\n\t\t\t\t<\/div>\n\t\t<div class=\"elementor-element elementor-element-5336fed2 e-con-full e-flex e-con e-child\" data-id=\"5336fed2\" data-element_type=\"container\">\n\t\t\t\t<div class=\"elementor-element elementor-element-225bda0f elementor-widget elementor-widget-image\" data-id=\"225bda0f\" data-element_type=\"widget\" data-widget_type=\"image.default\">\n\t\t\t\t\t\t\t\t\t\t\t\t\t\t\t<img fetchpriority=\"high\" decoding=\"async\" width=\"1920\" height=\"1275\" src=\"https:\/\/paadvogados.com\/sitenovo\/wp-content\/uploads\/2025\/08\/famous-united-states-supreme-court-building-under-PTBFT83-1.jpg\" class=\"attachment-full size-full wp-image-81\" alt=\"\" srcset=\"https:\/\/paadvogados.com\/sitenovo\/wp-content\/uploads\/2025\/08\/famous-united-states-supreme-court-building-under-PTBFT83-1.jpg 1920w, https:\/\/paadvogados.com\/sitenovo\/wp-content\/uploads\/2025\/08\/famous-united-states-supreme-court-building-under-PTBFT83-1-300x199.jpg 300w, https:\/\/paadvogados.com\/sitenovo\/wp-content\/uploads\/2025\/08\/famous-united-states-supreme-court-building-under-PTBFT83-1-1024x680.jpg 1024w, https:\/\/paadvogados.com\/sitenovo\/wp-content\/uploads\/2025\/08\/famous-united-states-supreme-court-building-under-PTBFT83-1-768x510.jpg 768w, https:\/\/paadvogados.com\/sitenovo\/wp-content\/uploads\/2025\/08\/famous-united-states-supreme-court-building-under-PTBFT83-1-1536x1020.jpg 1536w\" sizes=\"(max-width: 1920px) 100vw, 1920px\" \/>\t\t\t\t\t\t\t\t\t\t\t\t\t\t\t<\/div>\n\t\t\t\t<\/div>\n\t\t\t\t\t<\/div>\n\t\t\t\t<\/div>\n\t\t<div class=\"elementor-element elementor-element-2019b586 e-flex e-con-boxed e-con e-parent\" data-id=\"2019b586\" data-element_type=\"container\">\n\t\t\t\t\t<div class=\"e-con-inner\">\n\t\t<div class=\"elementor-element elementor-element-49a37fa e-con-full e-flex e-con e-child\" data-id=\"49a37fa\" data-element_type=\"container\">\n\t\t<div class=\"elementor-element elementor-element-63fd8766 e-con-full e-flex e-con e-child\" data-id=\"63fd8766\" data-element_type=\"container\">\n\t\t<div class=\"elementor-element elementor-element-77552de2 e-con-full e-flex e-con e-child\" data-id=\"77552de2\" data-element_type=\"container\">\n\t\t<div class=\"elementor-element elementor-element-2a77c794 e-con-full e-flex e-con e-child\" data-id=\"2a77c794\" data-element_type=\"container\" data-settings=\"{&quot;background_background&quot;:&quot;classic&quot;}\">\n\t\t\t\t<div class=\"elementor-element elementor-element-3948eefc elementor-view-default elementor-widget elementor-widget-icon\" data-id=\"3948eefc\" data-element_type=\"widget\" data-widget_type=\"icon.default\">\n\t\t\t\t\t\t\t<div class=\"elementor-icon-wrapper\">\n\t\t\t<div class=\"elementor-icon\">\n\t\t\t<i aria-hidden=\"true\" class=\"jki jki-briefcase-light\"><\/i>\t\t\t<\/div>\n\t\t<\/div>\n\t\t\t\t\t\t<\/div>\n\t\t\t\t<\/div>\n\t\t\t\t<\/div>\n\t\t<div class=\"elementor-element elementor-element-70ef8ad3 e-con-full e-flex e-con e-child\" data-id=\"70ef8ad3\" data-element_type=\"container\">\n\t\t\t\t<div class=\"elementor-element elementor-element-737ae8b1 elementor-widget elementor-widget-heading\" data-id=\"737ae8b1\" data-element_type=\"widget\" data-widget_type=\"heading.default\">\n\t\t\t\t\t<h2 class=\"elementor-heading-title elementor-size-default\">Nossa Atua\u00e7\u00e3o em Direito Imobili\u00e1rio<\/h2>\t\t\t\t<\/div>\n\t\t\t\t<\/div>\n\t\t\t\t<\/div>\n\t\t\t\t<\/div>\n\t\t<div class=\"elementor-element elementor-element-2206b85d e-con-full e-flex e-con e-child\" data-id=\"2206b85d\" data-element_type=\"container\">\n\t\t\t\t<div class=\"elementor-element elementor-element-3c39ad2c jkit-equal-height-disable elementor-widget elementor-widget-jkit_icon_box\" data-id=\"3c39ad2c\" data-element_type=\"widget\" data-widget_type=\"jkit_icon_box.default\">\n\t\t\t\t\t<div  class=\"jeg-elementor-kit jkit-icon-box icon-position-top elementor-animation- jeg_module___69f91abb38f6b\" ><div class=\"jkit-icon-box-wrapper hover-from-left\"><div class=\"icon-box icon-box-header elementor-animation-\"><div class=\"icon style-color\"><i aria-hidden=\"true\" class=\"jki jki-user-cog-solid\"><\/i><\/div><\/div><div class=\"icon-box icon-box-body\">\n                <h2 class=\"title\">Assessoria em Compra e Venda<\/h2><p class=\"icon-box-description\">An\u00e1lise completa da documenta\u00e7\u00e3o do im\u00f3vel e dos vendedores (due diligence), elabora\u00e7\u00e3o do contrato de compra e venda e acompanhamento at\u00e9 o registro final.<\/p>\n            <\/div>\n            \n            <\/div><\/div>\t\t\t\t<\/div>\n\t\t\t\t<\/div>\n\t\t<div class=\"elementor-element elementor-element-46a642fc e-con-full e-flex e-con e-child\" data-id=\"46a642fc\" data-element_type=\"container\">\n\t\t\t\t<div class=\"elementor-element elementor-element-6bf9bfb5 jkit-equal-height-disable elementor-widget elementor-widget-jkit_icon_box\" data-id=\"6bf9bfb5\" data-element_type=\"widget\" data-widget_type=\"jkit_icon_box.default\">\n\t\t\t\t\t<div  class=\"jeg-elementor-kit jkit-icon-box icon-position-top elementor-animation- jeg_module__1_69f91abb39401\" ><div class=\"jkit-icon-box-wrapper hover-from-left\"><div class=\"icon-box icon-box-header elementor-animation-\"><div class=\"icon style-color\"><i aria-hidden=\"true\" class=\"jki jki-user-cog-solid\"><\/i><\/div><\/div><div class=\"icon-box icon-box-body\">\n                <h2 class=\"title\">Contratos de Loca\u00e7\u00e3o<\/h2><p class=\"icon-box-description\">Elabora\u00e7\u00e3o e an\u00e1lise de contratos de loca\u00e7\u00e3o residencial e comercial, protegendo os direitos de locadores e locat\u00e1rios.<\/p>\n            <\/div>\n            \n            <\/div><\/div>\t\t\t\t<\/div>\n\t\t\t\t<\/div>\n\t\t<div class=\"elementor-element elementor-element-23b0bce6 e-con-full e-flex e-con e-child\" data-id=\"23b0bce6\" data-element_type=\"container\">\n\t\t\t\t<div class=\"elementor-element elementor-element-84de8af jkit-equal-height-disable elementor-widget elementor-widget-jkit_icon_box\" data-id=\"84de8af\" data-element_type=\"widget\" data-widget_type=\"jkit_icon_box.default\">\n\t\t\t\t\t<div  class=\"jeg-elementor-kit jkit-icon-box icon-position-top elementor-animation- jeg_module__2_69f91abb39702\" ><div class=\"jkit-icon-box-wrapper hover-from-left\"><div class=\"icon-box icon-box-header elementor-animation-\"><div class=\"icon style-color\"><i aria-hidden=\"true\" class=\"jki jki-user-cog-solid\"><\/i><\/div><\/div><div class=\"icon-box icon-box-body\">\n                <h2 class=\"title\">Regulariza\u00e7\u00e3o de Im\u00f3veis<\/h2><p class=\"icon-box-description\">Atua\u00e7\u00e3o completa para regularizar a documenta\u00e7\u00e3o de im\u00f3veis urbanos e rurais, incluindo processos de usucapi\u00e3o, retifica\u00e7\u00e3o de registro e obten\u00e7\u00e3o de certid\u00f5es.<\/p>\n            <\/div>\n            \n            <\/div><\/div>\t\t\t\t<\/div>\n\t\t\t\t<\/div>\n\t\t<div class=\"elementor-element elementor-element-45c7f544 e-con-full e-flex e-con e-child\" data-id=\"45c7f544\" data-element_type=\"container\">\n\t\t\t\t<div class=\"elementor-element elementor-element-1a965ec6 jkit-equal-height-disable elementor-widget elementor-widget-jkit_icon_box\" data-id=\"1a965ec6\" data-element_type=\"widget\" data-widget_type=\"jkit_icon_box.default\">\n\t\t\t\t\t<div  class=\"jeg-elementor-kit jkit-icon-box icon-position-top elementor-animation- jeg_module__3_69f91abb399c7\" ><div class=\"jkit-icon-box-wrapper hover-from-left\"><div class=\"icon-box icon-box-header elementor-animation-\"><div class=\"icon style-color\"><i aria-hidden=\"true\" class=\"jki jki-user-cog-solid\"><\/i><\/div><\/div><div class=\"icon-box icon-box-body\">\n                <h2 class=\"title\">Estrutura\u00e7\u00e3o de Empreendimentos<\/h2><p class=\"icon-box-description\"> Suporte jur\u00eddico para incorpora\u00e7\u00f5es imobili\u00e1rias, loteamentos e condom\u00ednios, desde a concep\u00e7\u00e3o do projeto at\u00e9 a entrega das unidades.<\/p>\n            <\/div>\n            \n            <\/div><\/div>\t\t\t\t<\/div>\n\t\t\t\t<\/div>\n\t\t<div class=\"elementor-element elementor-element-2e7931a e-con-full e-flex e-con e-child\" data-id=\"2e7931a\" data-element_type=\"container\">\n\t\t\t\t<div class=\"elementor-element elementor-element-050b408 jkit-equal-height-disable elementor-widget elementor-widget-jkit_icon_box\" data-id=\"050b408\" data-element_type=\"widget\" data-widget_type=\"jkit_icon_box.default\">\n\t\t\t\t\t<div  class=\"jeg-elementor-kit jkit-icon-box icon-position-top elementor-animation- jeg_module__4_69f91abb39c63\" ><div class=\"jkit-icon-box-wrapper hover-from-left\"><div class=\"icon-box icon-box-header elementor-animation-\"><div class=\"icon style-color\"><i aria-hidden=\"true\" class=\"jki jki-user-cog-solid\"><\/i><\/div><\/div><div class=\"icon-box icon-box-body\">\n                <h2 class=\"title\">Distratos e Rescis\u00f5es<\/h2><p class=\"icon-box-description\">Orienta\u00e7\u00e3o jur\u00eddica para o cancelamento (distrato) de contratos de compra de im\u00f3veis na planta, buscando a restitui\u00e7\u00e3o de valores pagos.<\/p>\n            <\/div>\n            \n            <\/div><\/div>\t\t\t\t<\/div>\n\t\t\t\t<\/div>\n\t\t<div class=\"elementor-element elementor-element-d2752d3 e-con-full e-flex e-con e-child\" data-id=\"d2752d3\" data-element_type=\"container\">\n\t\t\t\t<div class=\"elementor-element elementor-element-9026a71 jkit-equal-height-disable elementor-widget elementor-widget-jkit_icon_box\" data-id=\"9026a71\" data-element_type=\"widget\" data-widget_type=\"jkit_icon_box.default\">\n\t\t\t\t\t<div  class=\"jeg-elementor-kit jkit-icon-box icon-position-top elementor-animation- jeg_module__5_69f91abb39ef6\" ><div class=\"jkit-icon-box-wrapper hover-from-left\"><div class=\"icon-box icon-box-header elementor-animation-\"><div class=\"icon style-color\"><i aria-hidden=\"true\" class=\"jki jki-user-cog-solid\"><\/i><\/div><\/div><div class=\"icon-box icon-box-body\">\n                <h2 class=\"title\">Atua\u00e7\u00e3o em Lit\u00edgios Imobili\u00e1rios<\/h2><p class=\"icon-box-description\">Representa\u00e7\u00e3o em a\u00e7\u00f5es judiciais envolvendo quest\u00f5es de posse, propriedade, v\u00edcios construtivos, despejo e cobran\u00e7a de alugu\u00e9is.<\/p>\n            <\/div>\n            \n            <\/div><\/div>\t\t\t\t<\/div>\n\t\t\t\t<\/div>\n\t\t\t\t\t<\/div>\n\t\t\t\t<\/div>\n\t\t<div class=\"elementor-element elementor-element-64c35ae9 e-con-full e-flex e-con e-parent\" data-id=\"64c35ae9\" data-element_type=\"container\">\n\t\t<div class=\"elementor-element elementor-element-1ec67962 e-con-full e-flex e-con e-child\" data-id=\"1ec67962\" data-element_type=\"container\" data-settings=\"{&quot;background_background&quot;:&quot;classic&quot;}\">\n\t\t\t\t<div class=\"elementor-element elementor-element-961fe9b elementor-widget__width-initial elementor-widget elementor-widget-image\" data-id=\"961fe9b\" data-element_type=\"widget\" data-widget_type=\"image.default\">\n\t\t\t\t\t\t\t\t\t\t\t\t\t\t\t<img decoding=\"async\" width=\"1700\" height=\"1862\" src=\"https:\/\/paadvogados.com\/sitenovo\/wp-content\/uploads\/2025\/08\/11.png\" class=\"attachment-full size-full wp-image-196\" alt=\"PA Advogados Logo 11\" srcset=\"https:\/\/paadvogados.com\/sitenovo\/wp-content\/uploads\/2025\/08\/11.png 1700w, https:\/\/paadvogados.com\/sitenovo\/wp-content\/uploads\/2025\/08\/11-274x300.png 274w, https:\/\/paadvogados.com\/sitenovo\/wp-content\/uploads\/2025\/08\/11-935x1024.png 935w, https:\/\/paadvogados.com\/sitenovo\/wp-content\/uploads\/2025\/08\/11-768x841.png 768w, https:\/\/paadvogados.com\/sitenovo\/wp-content\/uploads\/2025\/08\/11-1402x1536.png 1402w\" sizes=\"(max-width: 1700px) 100vw, 1700px\" \/>\t\t\t\t\t\t\t\t\t\t\t\t\t\t\t<\/div>\n\t\t<div class=\"elementor-element elementor-element-485fb007 e-con-full e-flex e-con e-child\" data-id=\"485fb007\" data-element_type=\"container\">\n\t\t\t\t<div class=\"elementor-element elementor-element-7eaa5d07 elementor-widget elementor-widget-heading\" data-id=\"7eaa5d07\" data-element_type=\"widget\" data-widget_type=\"heading.default\">\n\t\t\t\t\t<h2 class=\"elementor-heading-title elementor-size-default\">O Diferencial da P&amp;A no Mercado Imobili\u00e1rio<\/h2>\t\t\t\t<\/div>\n\t\t\t\t<div class=\"elementor-element elementor-element-5fbaf3b9 elementor-widget elementor-widget-heading\" data-id=\"5fbaf3b9\" data-element_type=\"widget\" data-widget_type=\"heading.default\">\n\t\t\t\t\t<h2 class=\"elementor-heading-title elementor-size-default\">Na P&amp;A Advogados, atuamos de forma preventiva e detalhista no Direito Imobili\u00e1rio, investigando cada aspecto jur\u00eddico do im\u00f3vel para eliminar riscos e garantir transa\u00e7\u00f5es seguras, protegendo seu patrim\u00f4nio e investimentos.<\/h2>\t\t\t\t<\/div>\n\t\t\t\t<\/div>\n\t\t\t\t<\/div>\n\t\t\t\t<\/div>\n\t\t<div class=\"elementor-element elementor-element-7383f333 e-flex e-con-boxed e-con e-parent\" data-id=\"7383f333\" data-element_type=\"container\">\n\t\t\t\t\t<div class=\"e-con-inner\">\n\t\t<div class=\"elementor-element elementor-element-5fb40c5c e-con-full e-flex e-con e-child\" data-id=\"5fb40c5c\" data-element_type=\"container\">\n\t\t<div class=\"elementor-element elementor-element-76fe21ab e-con-full e-flex e-con e-child\" data-id=\"76fe21ab\" data-element_type=\"container\">\n\t\t\t\t<div class=\"elementor-element elementor-element-5f8005f6 elementor-widget__width-initial elementor-widget elementor-widget-heading\" data-id=\"5f8005f6\" data-element_type=\"widget\" data-widget_type=\"heading.default\">\n\t\t\t\t\t<h2 class=\"elementor-heading-title elementor-size-default\">Experi\u00eancia Comprovada em Direito Imobili\u00e1rio<\/h2>\t\t\t\t<\/div>\n\t\t\t\t<div class=\"elementor-element elementor-element-43c41afc elementor-widget__width-initial elementor-widget elementor-widget-text-editor\" data-id=\"43c41afc\" data-element_type=\"widget\" data-widget_type=\"text-editor.default\">\n\t\t\t\t\t\t\t\t\t<p class=\"ng-star-inserted\"><strong>Regulariza\u00e7\u00e3o de Im\u00f3vel para Venda<\/strong><\/p><p class=\"ng-star-inserted\"><span class=\"ng-star-inserted\"><strong>\u00c0rea:<\/strong> Direito Imobili\u00e1rio<\/span><\/p><p class=\"ng-star-inserted\"><strong class=\"ng-star-inserted\"><span class=\"ng-star-inserted\">Resumo: <\/span><\/strong><span class=\"ng-star-inserted\">Um cliente possu\u00eda um im\u00f3vel com pend\u00eancias documentais que impediam sua venda h\u00e1 anos. Conduzimos todo o processo de regulariza\u00e7\u00e3o junto aos \u00f3rg\u00e3os competentes, resolvendo as pend\u00eancias e permitindo que a venda fosse realizada de forma r\u00e1pida, segura e valorizada.<\/span><\/p>\t\t\t\t\t\t\t\t<\/div>\n\t\t\t\t<\/div>\n\t\t\t\t<\/div>\n\t\t<div class=\"elementor-element elementor-element-13920404 e-con-full e-flex e-con e-child\" data-id=\"13920404\" data-element_type=\"container\">\n\t\t\t\t<div class=\"elementor-element elementor-element-624b8d41 elementor-widget elementor-widget-image\" data-id=\"624b8d41\" data-element_type=\"widget\" data-widget_type=\"image.default\">\n\t\t\t\t\t\t\t\t\t\t\t\t\t\t\t<img decoding=\"async\" width=\"1200\" height=\"800\" src=\"https:\/\/paadvogados.com\/sitenovo\/wp-content\/uploads\/2025\/08\/Pa-Advogados-1.jpg\" class=\"attachment-full size-full wp-image-718\" alt=\"Pa Advogados 1\" srcset=\"https:\/\/paadvogados.com\/sitenovo\/wp-content\/uploads\/2025\/08\/Pa-Advogados-1.jpg 1200w, https:\/\/paadvogados.com\/sitenovo\/wp-content\/uploads\/2025\/08\/Pa-Advogados-1-300x200.jpg 300w, https:\/\/paadvogados.com\/sitenovo\/wp-content\/uploads\/2025\/08\/Pa-Advogados-1-1024x683.jpg 1024w, https:\/\/paadvogados.com\/sitenovo\/wp-content\/uploads\/2025\/08\/Pa-Advogados-1-768x512.jpg 768w\" sizes=\"(max-width: 1200px) 100vw, 1200px\" \/>\t\t\t\t\t\t\t\t\t\t\t\t\t\t\t<\/div>\n\t\t\t\t<\/div>\n\t\t\t\t\t<\/div>\n\t\t\t\t<\/div>\n\t\t<div class=\"elementor-element elementor-element-1e44744 e-con-full e-flex e-con e-parent\" data-id=\"1e44744\" data-element_type=\"container\">\n\t\t<div class=\"elementor-element elementor-element-7da35fb4 e-con-full e-flex e-con e-child\" data-id=\"7da35fb4\" data-element_type=\"container\" data-settings=\"{&quot;background_background&quot;:&quot;classic&quot;}\">\n\t\t\t\t<div class=\"elementor-element elementor-element-1208f7e0 elementor-widget__width-initial elementor-widget elementor-widget-image\" data-id=\"1208f7e0\" data-element_type=\"widget\" data-widget_type=\"image.default\">\n\t\t\t\t\t\t\t\t\t\t\t\t\t\t\t<img loading=\"lazy\" decoding=\"async\" width=\"1700\" height=\"1862\" src=\"https:\/\/paadvogados.com\/sitenovo\/wp-content\/uploads\/2025\/08\/12.png\" class=\"attachment-full size-full wp-image-197\" alt=\"PA Advogados Logo 12\" srcset=\"https:\/\/paadvogados.com\/sitenovo\/wp-content\/uploads\/2025\/08\/12.png 1700w, https:\/\/paadvogados.com\/sitenovo\/wp-content\/uploads\/2025\/08\/12-274x300.png 274w, https:\/\/paadvogados.com\/sitenovo\/wp-content\/uploads\/2025\/08\/12-935x1024.png 935w, https:\/\/paadvogados.com\/sitenovo\/wp-content\/uploads\/2025\/08\/12-768x841.png 768w, https:\/\/paadvogados.com\/sitenovo\/wp-content\/uploads\/2025\/08\/12-1402x1536.png 1402w\" sizes=\"(max-width: 1700px) 100vw, 1700px\" \/>\t\t\t\t\t\t\t\t\t\t\t\t\t\t\t<\/div>\n\t\t<div class=\"elementor-element elementor-element-75c936a0 e-con-full e-flex e-con e-child\" data-id=\"75c936a0\" data-element_type=\"container\">\n\t\t\t\t<div class=\"elementor-element elementor-element-5a26c335 elementor-widget elementor-widget-heading\" data-id=\"5a26c335\" data-element_type=\"widget\" data-widget_type=\"heading.default\">\n\t\t\t\t\t<h2 class=\"elementor-heading-title elementor-size-default\"> Pronto para Realizar Seu Neg\u00f3cio Imobili\u00e1rio com Seguran\u00e7a?<\/h2>\t\t\t\t<\/div>\n\t\t\t\t<div class=\"elementor-element elementor-element-7e1a95c9 elementor-widget elementor-widget-heading\" data-id=\"7e1a95c9\" data-element_type=\"widget\" data-widget_type=\"heading.default\">\n\t\t\t\t\t<h2 class=\"elementor-heading-title elementor-size-default\">Seja para comprar, vender, alugar ou regularizar um im\u00f3vel, nossos especialistas est\u00e3o prontos para oferecer a orienta\u00e7\u00e3o jur\u00eddica que garante a sua tranquilidade. Fale conosco e proteja seu investimento.<\/h2>\t\t\t\t<\/div>\n\t\t\t\t<\/div>\n\t\t\t\t<div class=\"elementor-element elementor-element-29a370e7 elementor-align-center elementor-widget elementor-widget-button\" data-id=\"29a370e7\" data-element_type=\"widget\" data-widget_type=\"button.default\">\n\t\t\t\t\t\t\t\t\t\t<a class=\"elementor-button elementor-button-link elementor-size-sm\" href=\"https:\/\/wa.me\/5511917875610\" target=\"_blank\">\n\t\t\t\t\t\t<span class=\"elementor-button-content-wrapper\">\n\t\t\t\t\t\t\t\t\t<span class=\"elementor-button-text\"> Agende uma Consulta<\/span>\n\t\t\t\t\t<\/span>\n\t\t\t\t\t<\/a>\n\t\t\t\t\t\t\t\t<\/div>\n\t\t\t\t<\/div>\n\t\t\t\t<\/div>\n\t\t\t\t<\/div>\n\t\t","protected":false},"excerpt":{"rendered":"<p>Home &#8211; A Seguran\u00e7a Jur\u00eddica do Seu Patrim\u00f4nio A compra, venda ou loca\u00e7\u00e3o de um im\u00f3vel \u00e9 um passo decisivo, seja na vida pessoal, seja na estrat\u00e9gia de uma empresa. Por\u00e9m, esse processo envolve burocracia complexa e riscos que, se n\u00e3o forem devidamente prevenidos, podem gerar preju\u00edzos e disputas. Documenta\u00e7\u00e3o irregular, cl\u00e1usulas contratuais desfavor\u00e1veis e [&hellip;]<\/p>\n","protected":false},"author":1,"featured_media":0,"parent":0,"menu_order":0,"comment_status":"closed","ping_status":"closed","template":"elementor_header_footer","meta":{"footnotes":""},"class_list":["post-699","page","type-page","status-publish","hentry"],"_links":{"self":[{"href":"https:\/\/paadvogados.com\/sitenovo\/wp-json\/wp\/v2\/pages\/699","targetHints":{"allow":["GET"]}}],"collection":[{"href":"https:\/\/paadvogados.com\/sitenovo\/wp-json\/wp\/v2\/pages"}],"about":[{"href":"https:\/\/paadvogados.com\/sitenovo\/wp-json\/wp\/v2\/types\/page"}],"author":[{"embeddable":true,"href":"https:\/\/paadvogados.com\/sitenovo\/wp-json\/wp\/v2\/users\/1"}],"replies":[{"embeddable":true,"href":"https:\/\/paadvogados.com\/sitenovo\/wp-json\/wp\/v2\/comments?post=699"}],"version-history":[{"count":40,"href":"https:\/\/paadvogados.com\/sitenovo\/wp-json\/wp\/v2\/pages\/699\/revisions"}],"predecessor-version":[{"id":1665,"href":"https:\/\/paadvogados.com\/sitenovo\/wp-json\/wp\/v2\/pages\/699\/revisions\/1665"}],"wp:attachment":[{"href":"https:\/\/paadvogados.com\/sitenovo\/wp-json\/wp\/v2\/media?parent=699"}],"curies":[{"name":"wp","href":"https:\/\/api.w.org\/{rel}","templated":true}]}}