{"id":697,"date":"2025-08-03T10:16:19","date_gmt":"2025-08-03T10:16:19","guid":{"rendered":"https:\/\/paadvogados.com\/sitenovo\/?page_id=697"},"modified":"2025-08-05T14:30:18","modified_gmt":"2025-08-05T14:30:18","slug":"direito-do-consumidor","status":"publish","type":"page","link":"https:\/\/paadvogados.com\/sitenovo\/direito-do-consumidor\/","title":{"rendered":"Direito do Consumidor"},"content":{"rendered":"\t\t<div data-elementor-type=\"wp-page\" data-elementor-id=\"697\" class=\"elementor elementor-697\" data-elementor-post-type=\"page\">\n\t\t\t\t<div class=\"elementor-element elementor-element-1c88486d e-flex e-con-boxed e-con e-parent\" data-id=\"1c88486d\" data-element_type=\"container\" data-settings=\"{&quot;background_background&quot;:&quot;classic&quot;}\">\n\t\t\t\t\t<div class=\"e-con-inner\">\n\t\t\t\t<div class=\"elementor-element elementor-element-7107a024 elementor-icon-list--layout-inline elementor-align-center elementor-list-item-link-full_width elementor-widget elementor-widget-icon-list\" data-id=\"7107a024\" data-element_type=\"widget\" data-widget_type=\"icon-list.default\">\n\t\t\t\t\t\t\t<ul class=\"elementor-icon-list-items elementor-inline-items\">\n\t\t\t\t\t\t\t<li class=\"elementor-icon-list-item elementor-inline-item\">\n\t\t\t\t\t\t\t\t\t\t\t<a href=\"\/paadvogados\/\">\n\n\t\t\t\t\t\t\t\t\t\t\t<span class=\"elementor-icon-list-text\">Home<\/span>\n\t\t\t\t\t\t\t\t\t\t\t<\/a>\n\t\t\t\t\t\t\t\t\t<\/li>\n\t\t\t\t\t\t\t\t<li class=\"elementor-icon-list-item elementor-inline-item\">\n\t\t\t\t\t\t\t\t\t\t<span class=\"elementor-icon-list-text\">-<\/span>\n\t\t\t\t\t\t\t\t\t<\/li>\n\t\t\t\t\t\t\t\t<li class=\"elementor-icon-list-item elementor-inline-item\">\n\t\t\t\t\t\t\t\t\t\t\t<a href=\"#\">\n\n\t\t\t\t\t\t\t\t\t\t\t<span class=\"elementor-icon-list-text\"><\/span>\n\t\t\t\t\t\t\t\t\t\t\t<\/a>\n\t\t\t\t\t\t\t\t\t<\/li>\n\t\t\t\t\t\t<\/ul>\n\t\t\t\t\t\t<\/div>\n\t\t\t\t\t<\/div>\n\t\t\t\t<\/div>\n\t\t<div class=\"elementor-element elementor-element-273fe7ed e-flex e-con-boxed e-con e-parent\" data-id=\"273fe7ed\" data-element_type=\"container\">\n\t\t\t\t\t<div class=\"e-con-inner\">\n\t\t<div class=\"elementor-element elementor-element-7daf8275 e-con-full e-flex e-con e-child\" data-id=\"7daf8275\" data-element_type=\"container\">\n\t\t<div class=\"elementor-element elementor-element-6907e8a5 e-con-full e-flex e-con e-child\" data-id=\"6907e8a5\" data-element_type=\"container\">\n\t\t\t\t<div class=\"elementor-element elementor-element-5e1dd9ae elementor-widget elementor-widget-heading\" data-id=\"5e1dd9ae\" data-element_type=\"widget\" data-widget_type=\"heading.default\">\n\t\t\t\t\t<h2 class=\"elementor-heading-title elementor-size-default\">Quando Seus Direitos S\u00e3o Desrespeitados<\/h2>\t\t\t\t<\/div>\n\t\t\t\t<div class=\"elementor-element elementor-element-656f0eec elementor-widget elementor-widget-text-editor\" data-id=\"656f0eec\" data-element_type=\"widget\" data-widget_type=\"text-editor.default\">\n\t\t\t\t\t\t\t\t\t<p class=\"ng-star-inserted\">Como consumidor, voc\u00ea tem direitos que garantem a qualidade, a seguran\u00e7a e a informa\u00e7\u00e3o sobre os produtos e servi\u00e7os que adquire. No entanto, muitas vezes as empresas falham em cumprir suas obriga\u00e7\u00f5es, resultando em produtos defeituosos, cobran\u00e7as indevidas, publicidade enganosa e um atendimento que ignora suas reclama\u00e7\u00f5es. Nesses momentos, voc\u00ea pode se sentir em desvantagem. A P&amp;A Advogados atua como sua voz e sua defesa, utilizando o poder da lei para reequilibrar essa rela\u00e7\u00e3o e buscar a justa repara\u00e7\u00e3o.<\/p>\t\t\t\t\t\t\t\t<\/div>\n\t\t\t\t<\/div>\n\t\t\t\t<\/div>\n\t\t<div class=\"elementor-element elementor-element-107da2aa e-con-full e-flex e-con e-child\" data-id=\"107da2aa\" data-element_type=\"container\">\n\t\t\t\t<div class=\"elementor-element elementor-element-1df499f6 elementor-widget elementor-widget-image\" data-id=\"1df499f6\" data-element_type=\"widget\" data-widget_type=\"image.default\">\n\t\t\t\t\t\t\t\t\t\t\t\t\t\t\t<img fetchpriority=\"high\" decoding=\"async\" width=\"1920\" height=\"1275\" src=\"https:\/\/paadvogados.com\/sitenovo\/wp-content\/uploads\/2025\/08\/famous-united-states-supreme-court-building-under-PTBFT83-1.jpg\" class=\"attachment-full size-full wp-image-81\" alt=\"\" srcset=\"https:\/\/paadvogados.com\/sitenovo\/wp-content\/uploads\/2025\/08\/famous-united-states-supreme-court-building-under-PTBFT83-1.jpg 1920w, https:\/\/paadvogados.com\/sitenovo\/wp-content\/uploads\/2025\/08\/famous-united-states-supreme-court-building-under-PTBFT83-1-300x199.jpg 300w, https:\/\/paadvogados.com\/sitenovo\/wp-content\/uploads\/2025\/08\/famous-united-states-supreme-court-building-under-PTBFT83-1-1024x680.jpg 1024w, https:\/\/paadvogados.com\/sitenovo\/wp-content\/uploads\/2025\/08\/famous-united-states-supreme-court-building-under-PTBFT83-1-768x510.jpg 768w, https:\/\/paadvogados.com\/sitenovo\/wp-content\/uploads\/2025\/08\/famous-united-states-supreme-court-building-under-PTBFT83-1-1536x1020.jpg 1536w\" sizes=\"(max-width: 1920px) 100vw, 1920px\" \/>\t\t\t\t\t\t\t\t\t\t\t\t\t\t\t<\/div>\n\t\t\t\t<\/div>\n\t\t\t\t\t<\/div>\n\t\t\t\t<\/div>\n\t\t<div class=\"elementor-element elementor-element-6a95607a e-flex e-con-boxed e-con e-parent\" data-id=\"6a95607a\" data-element_type=\"container\">\n\t\t\t\t\t<div class=\"e-con-inner\">\n\t\t<div class=\"elementor-element elementor-element-1ba29e54 e-con-full e-flex e-con e-child\" data-id=\"1ba29e54\" data-element_type=\"container\">\n\t\t<div class=\"elementor-element elementor-element-49298d41 e-con-full e-flex e-con e-child\" data-id=\"49298d41\" data-element_type=\"container\">\n\t\t<div class=\"elementor-element elementor-element-b6c1314 e-con-full e-flex e-con e-child\" data-id=\"b6c1314\" data-element_type=\"container\">\n\t\t<div class=\"elementor-element elementor-element-1363b3fe e-con-full e-flex e-con e-child\" data-id=\"1363b3fe\" data-element_type=\"container\" data-settings=\"{&quot;background_background&quot;:&quot;classic&quot;}\">\n\t\t\t\t<div class=\"elementor-element elementor-element-7d66eef4 elementor-view-default elementor-widget elementor-widget-icon\" data-id=\"7d66eef4\" data-element_type=\"widget\" data-widget_type=\"icon.default\">\n\t\t\t\t\t\t\t<div class=\"elementor-icon-wrapper\">\n\t\t\t<div class=\"elementor-icon\">\n\t\t\t<i aria-hidden=\"true\" class=\"jki jki-briefcase-light\"><\/i>\t\t\t<\/div>\n\t\t<\/div>\n\t\t\t\t\t\t<\/div>\n\t\t\t\t<\/div>\n\t\t\t\t<\/div>\n\t\t<div class=\"elementor-element elementor-element-4ea972b5 e-con-full e-flex e-con e-child\" data-id=\"4ea972b5\" data-element_type=\"container\">\n\t\t\t\t<div class=\"elementor-element elementor-element-2ed9b7b9 elementor-widget elementor-widget-heading\" data-id=\"2ed9b7b9\" data-element_type=\"widget\" data-widget_type=\"heading.default\">\n\t\t\t\t\t<h2 class=\"elementor-heading-title elementor-size-default\">Nossa Atua\u00e7\u00e3o em Direito do Consumidor<\/h2>\t\t\t\t<\/div>\n\t\t\t\t<\/div>\n\t\t\t\t<\/div>\n\t\t\t\t<\/div>\n\t\t<div class=\"elementor-element elementor-element-13788d02 e-con-full e-flex e-con e-child\" data-id=\"13788d02\" data-element_type=\"container\">\n\t\t\t\t<div class=\"elementor-element elementor-element-727d72d1 jkit-equal-height-disable elementor-widget elementor-widget-jkit_icon_box\" data-id=\"727d72d1\" data-element_type=\"widget\" data-widget_type=\"jkit_icon_box.default\">\n\t\t\t\t\t<div  class=\"jeg-elementor-kit jkit-icon-box icon-position-top elementor-animation- jeg_module___69f91ab3f2202\" ><div class=\"jkit-icon-box-wrapper hover-from-left\"><div class=\"icon-box icon-box-header elementor-animation-\"><div class=\"icon style-color\"><i aria-hidden=\"true\" class=\"jki jki-user-cog-solid\"><\/i><\/div><\/div><div class=\"icon-box icon-box-body\">\n                <h2 class=\"title\">Produtos com Defeito ou V\u00edcio<\/h2><p class=\"icon-box-description\">Atua\u00e7\u00e3o para exigir a troca, o conserto, o abatimento do pre\u00e7o ou a devolu\u00e7\u00e3o do valor pago por produtos que n\u00e3o funcionam adequadamente.<\/p>\n            <\/div>\n            \n            <\/div><\/div>\t\t\t\t<\/div>\n\t\t\t\t<\/div>\n\t\t<div class=\"elementor-element elementor-element-332e835a e-con-full e-flex e-con e-child\" data-id=\"332e835a\" data-element_type=\"container\">\n\t\t\t\t<div class=\"elementor-element elementor-element-6d0b567f jkit-equal-height-disable elementor-widget elementor-widget-jkit_icon_box\" data-id=\"6d0b567f\" data-element_type=\"widget\" data-widget_type=\"jkit_icon_box.default\">\n\t\t\t\t\t<div  class=\"jeg-elementor-kit jkit-icon-box icon-position-top elementor-animation- jeg_module__1_69f91ab3f265b\" ><div class=\"jkit-icon-box-wrapper hover-from-left\"><div class=\"icon-box icon-box-header elementor-animation-\"><div class=\"icon style-color\"><i aria-hidden=\"true\" class=\"jki jki-user-cog-solid\"><\/i><\/div><\/div><div class=\"icon-box icon-box-body\">\n                <h2 class=\"title\">Falha na Presta\u00e7\u00e3o de Servi\u00e7os<\/h2><p class=\"icon-box-description\">A\u00e7\u00f5es contra empresas de telefonia, internet, bancos, companhias a\u00e9reas e outros fornecedores por servi\u00e7os n\u00e3o prestados ou prestados com falhas.<\/p>\n            <\/div>\n            \n            <\/div><\/div>\t\t\t\t<\/div>\n\t\t\t\t<\/div>\n\t\t<div class=\"elementor-element elementor-element-59a218cf e-con-full e-flex e-con e-child\" data-id=\"59a218cf\" data-element_type=\"container\">\n\t\t\t\t<div class=\"elementor-element elementor-element-35aa5beb jkit-equal-height-disable elementor-widget elementor-widget-jkit_icon_box\" data-id=\"35aa5beb\" data-element_type=\"widget\" data-widget_type=\"jkit_icon_box.default\">\n\t\t\t\t\t<div  class=\"jeg-elementor-kit jkit-icon-box icon-position-top elementor-animation- jeg_module__2_69f91ab3f294a\" ><div class=\"jkit-icon-box-wrapper hover-from-left\"><div class=\"icon-box icon-box-header elementor-animation-\"><div class=\"icon style-color\"><i aria-hidden=\"true\" class=\"jki jki-user-cog-solid\"><\/i><\/div><\/div><div class=\"icon-box icon-box-body\">\n                <h2 class=\"title\">Cobran\u00e7as Indevidas e Abusivas<\/h2><p class=\"icon-box-description\">Defesa contra cobran\u00e7as indevidas, negativa\u00e7\u00e3o injusta do nome no SPC\/Serasa e pr\u00e1ticas de cobran\u00e7a que causem constrangimento.<\/p>\n            <\/div>\n            \n            <\/div><\/div>\t\t\t\t<\/div>\n\t\t\t\t<\/div>\n\t\t<div class=\"elementor-element elementor-element-183cd49c e-con-full e-flex e-con e-child\" data-id=\"183cd49c\" data-element_type=\"container\">\n\t\t\t\t<div class=\"elementor-element elementor-element-c6c3c8b jkit-equal-height-disable elementor-widget elementor-widget-jkit_icon_box\" data-id=\"c6c3c8b\" data-element_type=\"widget\" data-widget_type=\"jkit_icon_box.default\">\n\t\t\t\t\t<div  class=\"jeg-elementor-kit jkit-icon-box icon-position-top elementor-animation- jeg_module__3_69f91ab3f2c32\" ><div class=\"jkit-icon-box-wrapper hover-from-left\"><div class=\"icon-box icon-box-header elementor-animation-\"><div class=\"icon style-color\"><i aria-hidden=\"true\" class=\"jki jki-user-cog-solid\"><\/i><\/div><\/div><div class=\"icon-box icon-box-body\">\n                <h2 class=\"title\">Publicidade Enganosa<\/h2><p class=\"icon-box-description\">A\u00e7\u00f5es para garantir o cumprimento de ofertas e promo\u00e7\u00f5es, ou para buscar repara\u00e7\u00e3o por informa\u00e7\u00f5es falsas que induziram \u00e0 compra.<\/p>\n            <\/div>\n            \n            <\/div><\/div>\t\t\t\t<\/div>\n\t\t\t\t<\/div>\n\t\t<div class=\"elementor-element elementor-element-5478dd1 e-con-full e-flex e-con e-child\" data-id=\"5478dd1\" data-element_type=\"container\">\n\t\t\t\t<div class=\"elementor-element elementor-element-c863455 jkit-equal-height-disable elementor-widget elementor-widget-jkit_icon_box\" data-id=\"c863455\" data-element_type=\"widget\" data-widget_type=\"jkit_icon_box.default\">\n\t\t\t\t\t<div  class=\"jeg-elementor-kit jkit-icon-box icon-position-top elementor-animation- jeg_module__4_69f91ab3f2efa\" ><div class=\"jkit-icon-box-wrapper hover-from-left\"><div class=\"icon-box icon-box-header elementor-animation-\"><div class=\"icon style-color\"><i aria-hidden=\"true\" class=\"jki jki-user-cog-solid\"><\/i><\/div><\/div><div class=\"icon-box icon-box-body\">\n                <h2 class=\"title\">Cl\u00e1usulas Contratuais Abusivas<\/h2><p class=\"icon-box-description\">An\u00e1lise e questionamento judicial de cl\u00e1usulas em contratos de ades\u00e3o que coloquem o consumidor em extrema desvantagem.<\/p>\n            <\/div>\n            \n            <\/div><\/div>\t\t\t\t<\/div>\n\t\t\t\t<\/div>\n\t\t<div class=\"elementor-element elementor-element-876b17d e-con-full e-flex e-con e-child\" data-id=\"876b17d\" data-element_type=\"container\">\n\t\t\t\t<div class=\"elementor-element elementor-element-e98f3e6 jkit-equal-height-disable elementor-widget elementor-widget-jkit_icon_box\" data-id=\"e98f3e6\" data-element_type=\"widget\" data-widget_type=\"jkit_icon_box.default\">\n\t\t\t\t\t<div  class=\"jeg-elementor-kit jkit-icon-box icon-position-top elementor-animation- jeg_module__5_69f91ab3f31e1\" ><div class=\"jkit-icon-box-wrapper hover-from-left\"><div class=\"icon-box icon-box-header elementor-animation-\"><div class=\"icon style-color\"><i aria-hidden=\"true\" class=\"jki jki-user-cog-solid\"><\/i><\/div><\/div><div class=\"icon-box icon-box-body\">\n                <h2 class=\"title\">Indeniza\u00e7\u00e3o por Danos Morais e Materiais<\/h2><p class=\"icon-box-description\">Busca por compensa\u00e7\u00e3o financeira por preju\u00edzos e transtornos causados por falhas de fornecedores, como em casos de cancelamento de voos ou fraudes.<\/p>\n            <\/div>\n            \n            <\/div><\/div>\t\t\t\t<\/div>\n\t\t\t\t<\/div>\n\t\t\t\t\t<\/div>\n\t\t\t\t<\/div>\n\t\t<div class=\"elementor-element elementor-element-c5aa39d e-con-full e-flex e-con e-parent\" data-id=\"c5aa39d\" data-element_type=\"container\">\n\t\t<div class=\"elementor-element elementor-element-346d06d8 e-con-full e-flex e-con e-child\" data-id=\"346d06d8\" data-element_type=\"container\" data-settings=\"{&quot;background_background&quot;:&quot;classic&quot;}\">\n\t\t\t\t<div class=\"elementor-element elementor-element-1195b3 elementor-widget__width-initial elementor-widget elementor-widget-image\" data-id=\"1195b3\" data-element_type=\"widget\" data-widget_type=\"image.default\">\n\t\t\t\t\t\t\t\t\t\t\t\t\t\t\t<img decoding=\"async\" width=\"1700\" height=\"1862\" src=\"https:\/\/paadvogados.com\/sitenovo\/wp-content\/uploads\/2025\/08\/11.png\" class=\"attachment-full size-full wp-image-196\" alt=\"PA Advogados Logo 11\" srcset=\"https:\/\/paadvogados.com\/sitenovo\/wp-content\/uploads\/2025\/08\/11.png 1700w, https:\/\/paadvogados.com\/sitenovo\/wp-content\/uploads\/2025\/08\/11-274x300.png 274w, https:\/\/paadvogados.com\/sitenovo\/wp-content\/uploads\/2025\/08\/11-935x1024.png 935w, https:\/\/paadvogados.com\/sitenovo\/wp-content\/uploads\/2025\/08\/11-768x841.png 768w, https:\/\/paadvogados.com\/sitenovo\/wp-content\/uploads\/2025\/08\/11-1402x1536.png 1402w\" sizes=\"(max-width: 1700px) 100vw, 1700px\" \/>\t\t\t\t\t\t\t\t\t\t\t\t\t\t\t<\/div>\n\t\t<div class=\"elementor-element elementor-element-14541be0 e-con-full e-flex e-con e-child\" data-id=\"14541be0\" data-element_type=\"container\">\n\t\t\t\t<div class=\"elementor-element elementor-element-32e5d993 elementor-widget elementor-widget-heading\" data-id=\"32e5d993\" data-element_type=\"widget\" data-widget_type=\"heading.default\">\n\t\t\t\t\t<h2 class=\"elementor-heading-title elementor-size-default\">O Diferencial da P&amp;A na Defesa do Consumidor\n<\/h2>\t\t\t\t<\/div>\n\t\t\t\t<div class=\"elementor-element elementor-element-1551f71f elementor-widget elementor-widget-heading\" data-id=\"1551f71f\" data-element_type=\"widget\" data-widget_type=\"heading.default\">\n\t\t\t\t\t<h2 class=\"elementor-heading-title elementor-size-default\">Acreditamos que a defesa do consumidor deve ser r\u00e1pida, eficiente e descomplicada. Nossa abordagem combina um profundo conhecimento do C\u00f3digo de Defesa do Consumidor com uma atua\u00e7\u00e3o \u00e1gil para resolver seu problema. Analisamos seu caso, explicamos seus direitos de forma clara e buscamos a solu\u00e7\u00e3o mais r\u00e1pida, seja atrav\u00e9s de uma negocia\u00e7\u00e3o direta com a empresa ou, se necess\u00e1rio, de uma a\u00e7\u00e3o judicial firme e bem fundamentada para garantir a repara\u00e7\u00e3o integral dos seus danos.\n<\/h2>\t\t\t\t<\/div>\n\t\t\t\t<\/div>\n\t\t\t\t<\/div>\n\t\t\t\t<\/div>\n\t\t<div class=\"elementor-element elementor-element-1f46140e e-flex e-con-boxed e-con e-parent\" data-id=\"1f46140e\" data-element_type=\"container\">\n\t\t\t\t\t<div class=\"e-con-inner\">\n\t\t<div class=\"elementor-element elementor-element-c4d02f2 e-con-full e-flex e-con e-child\" data-id=\"c4d02f2\" data-element_type=\"container\">\n\t\t<div class=\"elementor-element elementor-element-9f149b2 e-con-full e-flex e-con e-child\" data-id=\"9f149b2\" data-element_type=\"container\">\n\t\t\t\t<div class=\"elementor-element elementor-element-42913506 elementor-widget__width-initial elementor-widget elementor-widget-heading\" data-id=\"42913506\" data-element_type=\"widget\" data-widget_type=\"heading.default\">\n\t\t\t\t\t<h2 class=\"elementor-heading-title elementor-size-default\"> Experi\u00eancia Comprovada em Direito do Consumidor<\/h2>\t\t\t\t<\/div>\n\t\t\t\t<div class=\"elementor-element elementor-element-325b4684 elementor-widget__width-initial elementor-widget elementor-widget-text-editor\" data-id=\"325b4684\" data-element_type=\"widget\" data-widget_type=\"text-editor.default\">\n\t\t\t\t\t\t\t\t\t<p class=\"ng-star-inserted\"><strong>Indeniza\u00e7\u00e3o por Falha em Servi\u00e7o Essencial<\/strong><\/p><p class=\"ng-star-inserted\"><span class=\"ng-star-inserted\"><strong>\u00c0rea:<\/strong> Direito do Consumidor<\/span><\/p><p class=\"ng-star-inserted\"><strong class=\"ng-star-inserted\"><span class=\"ng-star-inserted\">Resumo:<\/span><\/strong><span class=\"ng-star-inserted\">Representamos um consumidor que sofreu perdas materiais significativas devido \u00e0 falha cont\u00ednua na presta\u00e7\u00e3o de um servi\u00e7o essencial. Demonstramos judicialmente a responsabilidade da fornecedora, conquistando uma indeniza\u00e7\u00e3o por danos materiais e morais para nosso cliente.<\/span><\/p>\t\t\t\t\t\t\t\t<\/div>\n\t\t\t\t<\/div>\n\t\t\t\t<\/div>\n\t\t<div class=\"elementor-element elementor-element-4b704a96 e-con-full e-flex e-con e-child\" data-id=\"4b704a96\" data-element_type=\"container\">\n\t\t\t\t<div class=\"elementor-element elementor-element-4f63d61 elementor-widget elementor-widget-image\" data-id=\"4f63d61\" data-element_type=\"widget\" data-widget_type=\"image.default\">\n\t\t\t\t\t\t\t\t\t\t\t\t\t\t\t<img decoding=\"async\" width=\"1200\" height=\"800\" src=\"https:\/\/paadvogados.com\/sitenovo\/wp-content\/uploads\/2025\/08\/Pa-Advogados-6.jpg\" class=\"attachment-full size-full wp-image-723\" alt=\"Pa Advogados 6\" srcset=\"https:\/\/paadvogados.com\/sitenovo\/wp-content\/uploads\/2025\/08\/Pa-Advogados-6.jpg 1200w, https:\/\/paadvogados.com\/sitenovo\/wp-content\/uploads\/2025\/08\/Pa-Advogados-6-300x200.jpg 300w, https:\/\/paadvogados.com\/sitenovo\/wp-content\/uploads\/2025\/08\/Pa-Advogados-6-1024x683.jpg 1024w, https:\/\/paadvogados.com\/sitenovo\/wp-content\/uploads\/2025\/08\/Pa-Advogados-6-768x512.jpg 768w\" sizes=\"(max-width: 1200px) 100vw, 1200px\" \/>\t\t\t\t\t\t\t\t\t\t\t\t\t\t\t<\/div>\n\t\t\t\t<\/div>\n\t\t\t\t\t<\/div>\n\t\t\t\t<\/div>\n\t\t<div class=\"elementor-element elementor-element-3e38e25f e-con-full e-flex e-con e-parent\" data-id=\"3e38e25f\" data-element_type=\"container\">\n\t\t<div class=\"elementor-element elementor-element-d579a88 e-con-full e-flex e-con e-child\" data-id=\"d579a88\" data-element_type=\"container\" data-settings=\"{&quot;background_background&quot;:&quot;classic&quot;}\">\n\t\t\t\t<div class=\"elementor-element elementor-element-1a438128 elementor-widget__width-initial elementor-widget elementor-widget-image\" data-id=\"1a438128\" data-element_type=\"widget\" data-widget_type=\"image.default\">\n\t\t\t\t\t\t\t\t\t\t\t\t\t\t\t<img loading=\"lazy\" decoding=\"async\" width=\"1700\" height=\"1862\" src=\"https:\/\/paadvogados.com\/sitenovo\/wp-content\/uploads\/2025\/08\/12.png\" class=\"attachment-full size-full wp-image-197\" alt=\"PA Advogados Logo 12\" srcset=\"https:\/\/paadvogados.com\/sitenovo\/wp-content\/uploads\/2025\/08\/12.png 1700w, https:\/\/paadvogados.com\/sitenovo\/wp-content\/uploads\/2025\/08\/12-274x300.png 274w, https:\/\/paadvogados.com\/sitenovo\/wp-content\/uploads\/2025\/08\/12-935x1024.png 935w, https:\/\/paadvogados.com\/sitenovo\/wp-content\/uploads\/2025\/08\/12-768x841.png 768w, https:\/\/paadvogados.com\/sitenovo\/wp-content\/uploads\/2025\/08\/12-1402x1536.png 1402w\" sizes=\"(max-width: 1700px) 100vw, 1700px\" \/>\t\t\t\t\t\t\t\t\t\t\t\t\t\t\t<\/div>\n\t\t<div class=\"elementor-element elementor-element-935cfe5 e-con-full e-flex e-con e-child\" data-id=\"935cfe5\" data-element_type=\"container\">\n\t\t\t\t<div class=\"elementor-element elementor-element-7284f827 elementor-widget elementor-widget-heading\" data-id=\"7284f827\" data-element_type=\"widget\" data-widget_type=\"heading.default\">\n\t\t\t\t\t<h2 class=\"elementor-heading-title elementor-size-default\">Seus Direitos Foram Desrespeitados?<\/h2>\t\t\t\t<\/div>\n\t\t\t\t<div class=\"elementor-element elementor-element-21bae17c elementor-widget elementor-widget-heading\" data-id=\"21bae17c\" data-element_type=\"widget\" data-widget_type=\"heading.default\">\n\t\t\t\t\t<h2 class=\"elementor-heading-title elementor-size-default\">N\u00e3o aceite o preju\u00edzo. Nossos especialistas em Direito do Consumidor est\u00e3o prontos para lutar por voc\u00ea. Entre em contato e saiba como podemos ajudar a resolver o seu problema.<\/h2>\t\t\t\t<\/div>\n\t\t\t\t<\/div>\n\t\t\t\t<div class=\"elementor-element elementor-element-73d38d47 elementor-align-center elementor-widget elementor-widget-button\" data-id=\"73d38d47\" data-element_type=\"widget\" data-widget_type=\"button.default\">\n\t\t\t\t\t\t\t\t\t\t<a class=\"elementor-button elementor-button-link elementor-size-sm\" href=\"https:\/\/wa.me\/5511917875610\" target=\"_blank\">\n\t\t\t\t\t\t<span class=\"elementor-button-content-wrapper\">\n\t\t\t\t\t\t\t\t\t<span class=\"elementor-button-text\"> Agende uma Consulta<\/span>\n\t\t\t\t\t<\/span>\n\t\t\t\t\t<\/a>\n\t\t\t\t\t\t\t\t<\/div>\n\t\t\t\t<\/div>\n\t\t\t\t<\/div>\n\t\t\t\t<\/div>\n\t\t","protected":false},"excerpt":{"rendered":"<p>Home &#8211; Quando Seus Direitos S\u00e3o Desrespeitados Como consumidor, voc\u00ea tem direitos que garantem a qualidade, a seguran\u00e7a e a informa\u00e7\u00e3o sobre os produtos e servi\u00e7os que adquire. No entanto, muitas vezes as empresas falham em cumprir suas obriga\u00e7\u00f5es, resultando em produtos defeituosos, cobran\u00e7as indevidas, publicidade enganosa e um atendimento que ignora suas reclama\u00e7\u00f5es. Nesses [&hellip;]<\/p>\n","protected":false},"author":1,"featured_media":0,"parent":0,"menu_order":0,"comment_status":"closed","ping_status":"closed","template":"elementor_header_footer","meta":{"footnotes":""},"class_list":["post-697","page","type-page","status-publish","hentry"],"_links":{"self":[{"href":"https:\/\/paadvogados.com\/sitenovo\/wp-json\/wp\/v2\/pages\/697","targetHints":{"allow":["GET"]}}],"collection":[{"href":"https:\/\/paadvogados.com\/sitenovo\/wp-json\/wp\/v2\/pages"}],"about":[{"href":"https:\/\/paadvogados.com\/sitenovo\/wp-json\/wp\/v2\/types\/page"}],"author":[{"embeddable":true,"href":"https:\/\/paadvogados.com\/sitenovo\/wp-json\/wp\/v2\/users\/1"}],"replies":[{"embeddable":true,"href":"https:\/\/paadvogados.com\/sitenovo\/wp-json\/wp\/v2\/comments?post=697"}],"version-history":[{"count":31,"href":"https:\/\/paadvogados.com\/sitenovo\/wp-json\/wp\/v2\/pages\/697\/revisions"}],"predecessor-version":[{"id":1228,"href":"https:\/\/paadvogados.com\/sitenovo\/wp-json\/wp\/v2\/pages\/697\/revisions\/1228"}],"wp:attachment":[{"href":"https:\/\/paadvogados.com\/sitenovo\/wp-json\/wp\/v2\/media?parent=697"}],"curies":[{"name":"wp","href":"https:\/\/api.w.org\/{rel}","templated":true}]}}