{"id":692,"date":"2025-08-03T10:14:59","date_gmt":"2025-08-03T10:14:59","guid":{"rendered":"https:\/\/paadvogados.com\/sitenovo\/?page_id=692"},"modified":"2025-08-05T13:49:51","modified_gmt":"2025-08-05T13:49:51","slug":"direito-empresarial","status":"publish","type":"page","link":"https:\/\/paadvogados.com\/sitenovo\/direito-empresarial\/","title":{"rendered":"Direito Empresarial"},"content":{"rendered":"\t\t<div data-elementor-type=\"wp-page\" data-elementor-id=\"692\" class=\"elementor elementor-692\" data-elementor-post-type=\"page\">\n\t\t\t\t<div class=\"elementor-element elementor-element-1feb57d8 e-flex e-con-boxed e-con e-parent\" data-id=\"1feb57d8\" data-element_type=\"container\" data-settings=\"{&quot;background_background&quot;:&quot;classic&quot;}\">\n\t\t\t\t\t<div class=\"e-con-inner\">\n\t\t\t\t<div class=\"elementor-element elementor-element-47dcbad5 elementor-icon-list--layout-inline elementor-align-center elementor-list-item-link-full_width elementor-widget elementor-widget-icon-list\" data-id=\"47dcbad5\" data-element_type=\"widget\" data-widget_type=\"icon-list.default\">\n\t\t\t\t\t\t\t<ul class=\"elementor-icon-list-items elementor-inline-items\">\n\t\t\t\t\t\t\t<li class=\"elementor-icon-list-item elementor-inline-item\">\n\t\t\t\t\t\t\t\t\t\t\t<a href=\"\/paadvogados\/\">\n\n\t\t\t\t\t\t\t\t\t\t\t<span class=\"elementor-icon-list-text\">Home<\/span>\n\t\t\t\t\t\t\t\t\t\t\t<\/a>\n\t\t\t\t\t\t\t\t\t<\/li>\n\t\t\t\t\t\t\t\t<li class=\"elementor-icon-list-item elementor-inline-item\">\n\t\t\t\t\t\t\t\t\t\t<span class=\"elementor-icon-list-text\">-<\/span>\n\t\t\t\t\t\t\t\t\t<\/li>\n\t\t\t\t\t\t\t\t<li class=\"elementor-icon-list-item elementor-inline-item\">\n\t\t\t\t\t\t\t\t\t\t\t<a href=\"#\">\n\n\t\t\t\t\t\t\t\t\t\t\t<span class=\"elementor-icon-list-text\"><\/span>\n\t\t\t\t\t\t\t\t\t\t\t<\/a>\n\t\t\t\t\t\t\t\t\t<\/li>\n\t\t\t\t\t\t<\/ul>\n\t\t\t\t\t\t<\/div>\n\t\t\t\t\t<\/div>\n\t\t\t\t<\/div>\n\t\t<div class=\"elementor-element elementor-element-66751aa3 e-flex e-con-boxed e-con e-parent\" data-id=\"66751aa3\" data-element_type=\"container\">\n\t\t\t\t\t<div class=\"e-con-inner\">\n\t\t<div class=\"elementor-element elementor-element-45df31c e-con-full e-flex e-con e-child\" data-id=\"45df31c\" data-element_type=\"container\">\n\t\t<div class=\"elementor-element elementor-element-3ff5a496 e-con-full e-flex e-con e-child\" data-id=\"3ff5a496\" data-element_type=\"container\">\n\t\t\t\t<div class=\"elementor-element elementor-element-59822449 elementor-widget elementor-widget-heading\" data-id=\"59822449\" data-element_type=\"widget\" data-widget_type=\"heading.default\">\n\t\t\t\t\t<h2 class=\"elementor-heading-title elementor-size-default\">Protegendo Seu Ativo Mais Valioso: Sua Empresa<\/h2>\t\t\t\t<\/div>\n\t\t\t\t<div class=\"elementor-element elementor-element-cdacb0 elementor-widget elementor-widget-text-editor\" data-id=\"cdacb0\" data-element_type=\"widget\" data-widget_type=\"text-editor.default\">\n\t\t\t\t\t\t\t\t\t<p class=\"ng-star-inserted\">Em um mercado competitivo, a seguran\u00e7a jur\u00eddica n\u00e3o \u00e9 um luxo, mas um pilar fundamental para o crescimento sustent\u00e1vel. Desde a constitui\u00e7\u00e3o da empresa at\u00e9 a negocia\u00e7\u00e3o de contratos complexos e a gest\u00e3o de conflitos, cada decis\u00e3o tem um impacto legal. Um passo em falso pode resultar em perdas financeiras, lit\u00edgios e instabilidade. A P&amp;A Advogados atua como um parceiro estrat\u00e9gico, oferecendo a blindagem jur\u00eddica necess\u00e1ria para que voc\u00ea possa focar no que faz de melhor: inovar e expandir seu neg\u00f3cio com confian\u00e7a e seguran\u00e7a.<\/p>\t\t\t\t\t\t\t\t<\/div>\n\t\t\t\t<\/div>\n\t\t\t\t<\/div>\n\t\t<div class=\"elementor-element elementor-element-1af6e159 e-con-full e-flex e-con e-child\" data-id=\"1af6e159\" data-element_type=\"container\">\n\t\t\t\t<div class=\"elementor-element elementor-element-65d4d73a elementor-widget elementor-widget-image\" data-id=\"65d4d73a\" data-element_type=\"widget\" data-widget_type=\"image.default\">\n\t\t\t\t\t\t\t\t\t\t\t\t\t\t\t<img fetchpriority=\"high\" decoding=\"async\" width=\"1920\" height=\"1275\" src=\"https:\/\/paadvogados.com\/sitenovo\/wp-content\/uploads\/2025\/08\/famous-united-states-supreme-court-building-under-PTBFT83-1.jpg\" class=\"attachment-full size-full wp-image-81\" alt=\"\" srcset=\"https:\/\/paadvogados.com\/sitenovo\/wp-content\/uploads\/2025\/08\/famous-united-states-supreme-court-building-under-PTBFT83-1.jpg 1920w, https:\/\/paadvogados.com\/sitenovo\/wp-content\/uploads\/2025\/08\/famous-united-states-supreme-court-building-under-PTBFT83-1-300x199.jpg 300w, https:\/\/paadvogados.com\/sitenovo\/wp-content\/uploads\/2025\/08\/famous-united-states-supreme-court-building-under-PTBFT83-1-1024x680.jpg 1024w, https:\/\/paadvogados.com\/sitenovo\/wp-content\/uploads\/2025\/08\/famous-united-states-supreme-court-building-under-PTBFT83-1-768x510.jpg 768w, https:\/\/paadvogados.com\/sitenovo\/wp-content\/uploads\/2025\/08\/famous-united-states-supreme-court-building-under-PTBFT83-1-1536x1020.jpg 1536w\" sizes=\"(max-width: 1920px) 100vw, 1920px\" \/>\t\t\t\t\t\t\t\t\t\t\t\t\t\t\t<\/div>\n\t\t\t\t<\/div>\n\t\t\t\t\t<\/div>\n\t\t\t\t<\/div>\n\t\t<div class=\"elementor-element elementor-element-43f40d65 e-flex e-con-boxed e-con e-parent\" data-id=\"43f40d65\" data-element_type=\"container\">\n\t\t\t\t\t<div class=\"e-con-inner\">\n\t\t<div class=\"elementor-element elementor-element-7fbcca0a e-con-full e-flex e-con e-child\" data-id=\"7fbcca0a\" data-element_type=\"container\">\n\t\t<div class=\"elementor-element elementor-element-6a9eee6e e-con-full e-flex e-con e-child\" data-id=\"6a9eee6e\" data-element_type=\"container\">\n\t\t<div class=\"elementor-element elementor-element-1cde1441 e-con-full e-flex e-con e-child\" data-id=\"1cde1441\" data-element_type=\"container\">\n\t\t<div class=\"elementor-element elementor-element-14cca147 e-con-full e-flex e-con e-child\" data-id=\"14cca147\" data-element_type=\"container\" data-settings=\"{&quot;background_background&quot;:&quot;classic&quot;}\">\n\t\t\t\t<div class=\"elementor-element elementor-element-18d2e40d elementor-view-default elementor-widget elementor-widget-icon\" data-id=\"18d2e40d\" data-element_type=\"widget\" data-widget_type=\"icon.default\">\n\t\t\t\t\t\t\t<div class=\"elementor-icon-wrapper\">\n\t\t\t<div class=\"elementor-icon\">\n\t\t\t<i aria-hidden=\"true\" class=\"jki jki-briefcase-light\"><\/i>\t\t\t<\/div>\n\t\t<\/div>\n\t\t\t\t\t\t<\/div>\n\t\t\t\t<\/div>\n\t\t\t\t<\/div>\n\t\t<div class=\"elementor-element elementor-element-b0848a0 e-con-full e-flex e-con e-child\" data-id=\"b0848a0\" data-element_type=\"container\">\n\t\t\t\t<div class=\"elementor-element elementor-element-7e077409 elementor-widget elementor-widget-heading\" data-id=\"7e077409\" data-element_type=\"widget\" data-widget_type=\"heading.default\">\n\t\t\t\t\t<h2 class=\"elementor-heading-title elementor-size-default\"> Nossa Atua\u00e7\u00e3o em Direito Empresarial<\/h2>\t\t\t\t<\/div>\n\t\t\t\t<\/div>\n\t\t\t\t<\/div>\n\t\t\t\t<\/div>\n\t\t<div class=\"elementor-element elementor-element-30a69e3d e-con-full e-flex e-con e-child\" data-id=\"30a69e3d\" data-element_type=\"container\">\n\t\t\t\t<div class=\"elementor-element elementor-element-5f0c19ec jkit-equal-height-disable elementor-widget elementor-widget-jkit_icon_box\" data-id=\"5f0c19ec\" data-element_type=\"widget\" data-widget_type=\"jkit_icon_box.default\">\n\t\t\t\t\t<div  class=\"jeg-elementor-kit jkit-icon-box icon-position-top elementor-animation- jeg_module___69f91aefc0ea3\" ><div class=\"jkit-icon-box-wrapper hover-from-left\"><div class=\"icon-box icon-box-header elementor-animation-\"><div class=\"icon style-color\"><i aria-hidden=\"true\" class=\"jki jki-user-cog-solid\"><\/i><\/div><\/div><div class=\"icon-box icon-box-body\">\n                <h2 class=\"title\">Consultoria Societ\u00e1ria<\/h2><p class=\"icon-box-description\">Estrutura\u00e7\u00e3o e reorganiza\u00e7\u00e3o de sociedades, acordos de s\u00f3cios, fus\u00f5es e aquisi\u00e7\u00f5es (M&amp;A), e suporte completo para a governan\u00e7a corporativa.<\/p>\n            <\/div>\n            \n            <\/div><\/div>\t\t\t\t<\/div>\n\t\t\t\t<\/div>\n\t\t<div class=\"elementor-element elementor-element-120a2e2f e-con-full e-flex e-con e-child\" data-id=\"120a2e2f\" data-element_type=\"container\">\n\t\t\t\t<div class=\"elementor-element elementor-element-2896baa5 jkit-equal-height-disable elementor-widget elementor-widget-jkit_icon_box\" data-id=\"2896baa5\" data-element_type=\"widget\" data-widget_type=\"jkit_icon_box.default\">\n\t\t\t\t\t<div  class=\"jeg-elementor-kit jkit-icon-box icon-position-top elementor-animation- jeg_module__1_69f91aefc1325\" ><div class=\"jkit-icon-box-wrapper hover-from-left\"><div class=\"icon-box icon-box-header elementor-animation-\"><div class=\"icon style-color\"><i aria-hidden=\"true\" class=\"jki jki-user-cog-solid\"><\/i><\/div><\/div><div class=\"icon-box icon-box-body\">\n                <h2 class=\"title\">Elabora\u00e7\u00e3o de Contratos<\/h2><p class=\"icon-box-description\">An\u00e1lise, negocia\u00e7\u00e3o e reda\u00e7\u00e3o de todos os tipos de contratos comerciais (fornecedores, clientes, parceiros), garantindo clareza e seguran\u00e7a jur\u00eddica.<\/p>\n            <\/div>\n            \n            <\/div><\/div>\t\t\t\t<\/div>\n\t\t\t\t<\/div>\n\t\t<div class=\"elementor-element elementor-element-2749ed3a e-con-full e-flex e-con e-child\" data-id=\"2749ed3a\" data-element_type=\"container\">\n\t\t\t\t<div class=\"elementor-element elementor-element-6f3be23c jkit-equal-height-disable elementor-widget elementor-widget-jkit_icon_box\" data-id=\"6f3be23c\" data-element_type=\"widget\" data-widget_type=\"jkit_icon_box.default\">\n\t\t\t\t\t<div  class=\"jeg-elementor-kit jkit-icon-box icon-position-top elementor-animation- jeg_module__2_69f91aefc161b\" ><div class=\"jkit-icon-box-wrapper hover-from-left\"><div class=\"icon-box icon-box-header elementor-animation-\"><div class=\"icon style-color\"><i aria-hidden=\"true\" class=\"jki jki-user-cog-solid\"><\/i><\/div><\/div><div class=\"icon-box icon-box-body\">\n                <h2 class=\"title\">Recupera\u00e7\u00e3o de Cr\u00e9ditos<\/h2><p class=\"icon-box-description\"> Atua\u00e7\u00e3o estrat\u00e9gica na cobran\u00e7a de d\u00edvidas e recupera\u00e7\u00e3o de ativos, tanto na esfera extrajudicial quanto judicial, para proteger o fluxo de caixa da sua empresa.<\/p>\n            <\/div>\n            \n            <\/div><\/div>\t\t\t\t<\/div>\n\t\t\t\t<\/div>\n\t\t<div class=\"elementor-element elementor-element-19c3894c e-con-full e-flex e-con e-child\" data-id=\"19c3894c\" data-element_type=\"container\">\n\t\t\t\t<div class=\"elementor-element elementor-element-5350324c jkit-equal-height-disable elementor-widget elementor-widget-jkit_icon_box\" data-id=\"5350324c\" data-element_type=\"widget\" data-widget_type=\"jkit_icon_box.default\">\n\t\t\t\t\t<div  class=\"jeg-elementor-kit jkit-icon-box icon-position-top elementor-animation- jeg_module__3_69f91aefc18e1\" ><div class=\"jkit-icon-box-wrapper hover-from-left\"><div class=\"icon-box icon-box-header elementor-animation-\"><div class=\"icon style-color\"><i aria-hidden=\"true\" class=\"jki jki-user-cog-solid\"><\/i><\/div><\/div><div class=\"icon-box icon-box-body\">\n                <h2 class=\"title\">Due Diligence (Auditoria Jur\u00eddica)<\/h2><p class=\"icon-box-description\">An\u00e1lise aprofundada de riscos legais em opera\u00e7\u00f5es de compra e venda de empresas, garantindo uma transa\u00e7\u00e3o segura e informada.<\/p>\n            <\/div>\n            \n            <\/div><\/div>\t\t\t\t<\/div>\n\t\t\t\t<\/div>\n\t\t<div class=\"elementor-element elementor-element-e797beb e-con-full e-flex e-con e-child\" data-id=\"e797beb\" data-element_type=\"container\">\n\t\t\t\t<div class=\"elementor-element elementor-element-2aafb1e jkit-equal-height-disable elementor-widget elementor-widget-jkit_icon_box\" data-id=\"2aafb1e\" data-element_type=\"widget\" data-widget_type=\"jkit_icon_box.default\">\n\t\t\t\t\t<div  class=\"jeg-elementor-kit jkit-icon-box icon-position-top elementor-animation- jeg_module__4_69f91aefc1b95\" ><div class=\"jkit-icon-box-wrapper hover-from-left\"><div class=\"icon-box icon-box-header elementor-animation-\"><div class=\"icon style-color\"><i aria-hidden=\"true\" class=\"jki jki-user-cog-solid\"><\/i><\/div><\/div><div class=\"icon-box icon-box-body\">\n                <h2 class=\"title\">Propriedade Intelectual<\/h2><p class=\"icon-box-description\">Orienta\u00e7\u00e3o para registro e prote\u00e7\u00e3o de marcas, patentes e direitos autorais, defendendo os ativos intang\u00edveis do seu neg\u00f3cio.<\/p>\n            <\/div>\n            \n            <\/div><\/div>\t\t\t\t<\/div>\n\t\t\t\t<\/div>\n\t\t<div class=\"elementor-element elementor-element-7232d07 e-con-full e-flex e-con e-child\" data-id=\"7232d07\" data-element_type=\"container\">\n\t\t\t\t<div class=\"elementor-element elementor-element-81cdb0a jkit-equal-height-disable elementor-widget elementor-widget-jkit_icon_box\" data-id=\"81cdb0a\" data-element_type=\"widget\" data-widget_type=\"jkit_icon_box.default\">\n\t\t\t\t\t<div  class=\"jeg-elementor-kit jkit-icon-box icon-position-top elementor-animation- jeg_module__5_69f91aefc1e36\" ><div class=\"jkit-icon-box-wrapper hover-from-left\"><div class=\"icon-box icon-box-header elementor-animation-\"><div class=\"icon style-color\"><i aria-hidden=\"true\" class=\"jki jki-user-cog-solid\"><\/i><\/div><\/div><div class=\"icon-box icon-box-body\">\n                <h2 class=\"title\">Defesa em Lit\u00edgios Empresariais<\/h2><p class=\"icon-box-description\">Representa\u00e7\u00e3o robusta em disputas judiciais c\u00edveis e comerciais, defendendo os interesses da sua empresa com m\u00e1xima combatividade e estrat\u00e9gia.<\/p>\n            <\/div>\n            \n            <\/div><\/div>\t\t\t\t<\/div>\n\t\t\t\t<\/div>\n\t\t\t\t\t<\/div>\n\t\t\t\t<\/div>\n\t\t<div class=\"elementor-element elementor-element-79daded0 e-con-full e-flex e-con e-parent\" data-id=\"79daded0\" data-element_type=\"container\">\n\t\t<div class=\"elementor-element elementor-element-25222114 e-con-full e-flex e-con e-child\" data-id=\"25222114\" data-element_type=\"container\" data-settings=\"{&quot;background_background&quot;:&quot;classic&quot;}\">\n\t\t\t\t<div class=\"elementor-element elementor-element-666db971 elementor-widget__width-initial elementor-widget elementor-widget-image\" data-id=\"666db971\" data-element_type=\"widget\" data-widget_type=\"image.default\">\n\t\t\t\t\t\t\t\t\t\t\t\t\t\t\t<img decoding=\"async\" width=\"1700\" height=\"1862\" src=\"https:\/\/paadvogados.com\/sitenovo\/wp-content\/uploads\/2025\/08\/11.png\" class=\"attachment-full size-full wp-image-196\" alt=\"PA Advogados Logo 11\" srcset=\"https:\/\/paadvogados.com\/sitenovo\/wp-content\/uploads\/2025\/08\/11.png 1700w, https:\/\/paadvogados.com\/sitenovo\/wp-content\/uploads\/2025\/08\/11-274x300.png 274w, https:\/\/paadvogados.com\/sitenovo\/wp-content\/uploads\/2025\/08\/11-935x1024.png 935w, https:\/\/paadvogados.com\/sitenovo\/wp-content\/uploads\/2025\/08\/11-768x841.png 768w, https:\/\/paadvogados.com\/sitenovo\/wp-content\/uploads\/2025\/08\/11-1402x1536.png 1402w\" sizes=\"(max-width: 1700px) 100vw, 1700px\" \/>\t\t\t\t\t\t\t\t\t\t\t\t\t\t\t<\/div>\n\t\t<div class=\"elementor-element elementor-element-1ef1735d e-con-full e-flex e-con e-child\" data-id=\"1ef1735d\" data-element_type=\"container\">\n\t\t\t\t<div class=\"elementor-element elementor-element-64980f97 elementor-widget elementor-widget-heading\" data-id=\"64980f97\" data-element_type=\"widget\" data-widget_type=\"heading.default\">\n\t\t\t\t\t<h2 class=\"elementor-heading-title elementor-size-default\">O Diferencial da P&amp;A no Seu Neg\u00f3cio<\/h2>\t\t\t\t<\/div>\n\t\t\t\t<div class=\"elementor-element elementor-element-586d3a8a elementor-widget elementor-widget-heading\" data-id=\"586d3a8a\" data-element_type=\"widget\" data-widget_type=\"heading.default\">\n\t\t\t\t\t<h2 class=\"elementor-heading-title elementor-size-default\">Na P&amp;A Advogados, entendemos que o tempo e os recursos da sua empresa s\u00e3o preciosos. Nossa abordagem vai al\u00e9m da advocacia reativa; atuamos de forma proativa, como uma extens\u00e3o do seu time de gest\u00e3o. Mapeamos os riscos, criamos estrat\u00e9gias preventivas e oferecemos solu\u00e7\u00f5es personalizadas que se alinham aos seus objetivos comerciais. Com comunica\u00e7\u00e3o direta e foco absoluto em resultados, garantimos que a assessoria jur\u00eddica seja um investimento que agrega valor, e n\u00e3o apenas um custo.<\/h2>\t\t\t\t<\/div>\n\t\t\t\t<\/div>\n\t\t\t\t<\/div>\n\t\t\t\t<\/div>\n\t\t<div class=\"elementor-element elementor-element-7b670b16 e-flex e-con-boxed e-con e-parent\" data-id=\"7b670b16\" data-element_type=\"container\">\n\t\t\t\t\t<div class=\"e-con-inner\">\n\t\t<div class=\"elementor-element elementor-element-482b118e e-con-full e-flex e-con e-child\" data-id=\"482b118e\" data-element_type=\"container\">\n\t\t<div class=\"elementor-element elementor-element-3ed09ac2 e-con-full e-flex e-con e-child\" data-id=\"3ed09ac2\" data-element_type=\"container\">\n\t\t\t\t<div class=\"elementor-element elementor-element-3b754729 elementor-widget__width-initial elementor-widget elementor-widget-heading\" data-id=\"3b754729\" data-element_type=\"widget\" data-widget_type=\"heading.default\">\n\t\t\t\t\t<h2 class=\"elementor-heading-title elementor-size-default\">Experi\u00eancia Comprovada em Direito Empresarial<\/h2>\t\t\t\t<\/div>\n\t\t\t\t<div class=\"elementor-element elementor-element-6564fd0a elementor-widget__width-initial elementor-widget elementor-widget-text-editor\" data-id=\"6564fd0a\" data-element_type=\"widget\" data-widget_type=\"text-editor.default\">\n\t\t\t\t\t\t\t\t\t<p class=\"ng-star-inserted\"><strong>Sucesso em Reestrutura\u00e7\u00e3o Societ\u00e1ria<\/strong><\/p><p class=\"ng-star-inserted\"><span class=\"ng-star-inserted\"><strong>\u00c0rea:<\/strong> Direito Empresarial<\/span><\/p><p class=\"ng-star-inserted\"><strong class=\"ng-star-inserted\"><span class=\"ng-star-inserted\">Resumo: <\/span><\/strong><span class=\"ng-star-inserted\">Uma empresa familiar enfrentava um grave conflito entre os s\u00f3cios, arriscando a continuidade do neg\u00f3cio. Atuamos na media\u00e7\u00e3o e elaboramos um novo acordo de quotistas, reestruturando a sociedade de forma a proteger o patrim\u00f4nio e garantir uma gest\u00e3o profissional e pacificada.<\/span><\/p>\t\t\t\t\t\t\t\t<\/div>\n\t\t\t\t<\/div>\n\t\t\t\t<\/div>\n\t\t<div class=\"elementor-element elementor-element-6752039b e-con-full e-flex e-con e-child\" data-id=\"6752039b\" data-element_type=\"container\">\n\t\t\t\t<div class=\"elementor-element elementor-element-7c22df58 elementor-widget elementor-widget-image\" data-id=\"7c22df58\" data-element_type=\"widget\" data-widget_type=\"image.default\">\n\t\t\t\t\t\t\t\t\t\t\t\t\t\t\t<img decoding=\"async\" width=\"1200\" height=\"800\" src=\"https:\/\/paadvogados.com\/sitenovo\/wp-content\/uploads\/2025\/08\/Pa-Advogados-4.jpg\" class=\"attachment-full size-full wp-image-721\" alt=\"Pa Advogados 4\" srcset=\"https:\/\/paadvogados.com\/sitenovo\/wp-content\/uploads\/2025\/08\/Pa-Advogados-4.jpg 1200w, https:\/\/paadvogados.com\/sitenovo\/wp-content\/uploads\/2025\/08\/Pa-Advogados-4-300x200.jpg 300w, https:\/\/paadvogados.com\/sitenovo\/wp-content\/uploads\/2025\/08\/Pa-Advogados-4-1024x683.jpg 1024w, https:\/\/paadvogados.com\/sitenovo\/wp-content\/uploads\/2025\/08\/Pa-Advogados-4-768x512.jpg 768w\" sizes=\"(max-width: 1200px) 100vw, 1200px\" \/>\t\t\t\t\t\t\t\t\t\t\t\t\t\t\t<\/div>\n\t\t\t\t<\/div>\n\t\t\t\t\t<\/div>\n\t\t\t\t<\/div>\n\t\t<div class=\"elementor-element elementor-element-25678b30 e-con-full e-flex e-con e-parent\" data-id=\"25678b30\" data-element_type=\"container\">\n\t\t<div class=\"elementor-element elementor-element-6ef09e8f e-con-full e-flex e-con e-child\" data-id=\"6ef09e8f\" data-element_type=\"container\" data-settings=\"{&quot;background_background&quot;:&quot;classic&quot;}\">\n\t\t\t\t<div class=\"elementor-element elementor-element-1a92da4e elementor-widget__width-initial elementor-widget elementor-widget-image\" data-id=\"1a92da4e\" data-element_type=\"widget\" data-widget_type=\"image.default\">\n\t\t\t\t\t\t\t\t\t\t\t\t\t\t\t<img loading=\"lazy\" decoding=\"async\" width=\"1700\" height=\"1862\" src=\"https:\/\/paadvogados.com\/sitenovo\/wp-content\/uploads\/2025\/08\/12.png\" class=\"attachment-full size-full wp-image-197\" alt=\"PA Advogados Logo 12\" srcset=\"https:\/\/paadvogados.com\/sitenovo\/wp-content\/uploads\/2025\/08\/12.png 1700w, https:\/\/paadvogados.com\/sitenovo\/wp-content\/uploads\/2025\/08\/12-274x300.png 274w, https:\/\/paadvogados.com\/sitenovo\/wp-content\/uploads\/2025\/08\/12-935x1024.png 935w, https:\/\/paadvogados.com\/sitenovo\/wp-content\/uploads\/2025\/08\/12-768x841.png 768w, https:\/\/paadvogados.com\/sitenovo\/wp-content\/uploads\/2025\/08\/12-1402x1536.png 1402w\" sizes=\"(max-width: 1700px) 100vw, 1700px\" \/>\t\t\t\t\t\t\t\t\t\t\t\t\t\t\t<\/div>\n\t\t<div class=\"elementor-element elementor-element-5392c74b e-con-full e-flex e-con e-child\" data-id=\"5392c74b\" data-element_type=\"container\">\n\t\t\t\t<div class=\"elementor-element elementor-element-2ed5d017 elementor-widget elementor-widget-heading\" data-id=\"2ed5d017\" data-element_type=\"widget\" data-widget_type=\"heading.default\">\n\t\t\t\t\t<h2 class=\"elementor-heading-title elementor-size-default\">Pronto para Fortalecer a Seguran\u00e7a Jur\u00eddica da Sua Empresa?<\/h2>\t\t\t\t<\/div>\n\t\t\t\t<div class=\"elementor-element elementor-element-5ba3d95c elementor-widget elementor-widget-heading\" data-id=\"5ba3d95c\" data-element_type=\"widget\" data-widget_type=\"heading.default\">\n\t\t\t\t\t<h2 class=\"elementor-heading-title elementor-size-default\">Nossos especialistas em Direito Empresarial est\u00e3o prontos para entender os desafios do seu neg\u00f3cio e construir as solu\u00e7\u00f5es jur\u00eddicas que voc\u00ea precisa para crescer com seguran\u00e7a.<\/h2>\t\t\t\t<\/div>\n\t\t\t\t<\/div>\n\t\t\t\t<div class=\"elementor-element elementor-element-6c9b3917 elementor-align-center elementor-widget elementor-widget-button\" data-id=\"6c9b3917\" data-element_type=\"widget\" data-widget_type=\"button.default\">\n\t\t\t\t\t\t\t\t\t\t<a class=\"elementor-button elementor-button-link elementor-size-sm\" href=\"https:\/\/wa.me\/5511917875610\" target=\"_blank\">\n\t\t\t\t\t\t<span class=\"elementor-button-content-wrapper\">\n\t\t\t\t\t\t\t\t\t<span class=\"elementor-button-text\"> Agende uma Consulta<\/span>\n\t\t\t\t\t<\/span>\n\t\t\t\t\t<\/a>\n\t\t\t\t\t\t\t\t<\/div>\n\t\t\t\t<\/div>\n\t\t\t\t<\/div>\n\t\t\t\t<\/div>\n\t\t","protected":false},"excerpt":{"rendered":"<p>Home &#8211; Protegendo Seu Ativo Mais Valioso: Sua Empresa Em um mercado competitivo, a seguran\u00e7a jur\u00eddica n\u00e3o \u00e9 um luxo, mas um pilar fundamental para o crescimento sustent\u00e1vel. Desde a constitui\u00e7\u00e3o da empresa at\u00e9 a negocia\u00e7\u00e3o de contratos complexos e a gest\u00e3o de conflitos, cada decis\u00e3o tem um impacto legal. Um passo em falso pode [&hellip;]<\/p>\n","protected":false},"author":1,"featured_media":0,"parent":0,"menu_order":0,"comment_status":"closed","ping_status":"closed","template":"elementor_header_footer","meta":{"footnotes":""},"class_list":["post-692","page","type-page","status-publish","hentry"],"_links":{"self":[{"href":"https:\/\/paadvogados.com\/sitenovo\/wp-json\/wp\/v2\/pages\/692","targetHints":{"allow":["GET"]}}],"collection":[{"href":"https:\/\/paadvogados.com\/sitenovo\/wp-json\/wp\/v2\/pages"}],"about":[{"href":"https:\/\/paadvogados.com\/sitenovo\/wp-json\/wp\/v2\/types\/page"}],"author":[{"embeddable":true,"href":"https:\/\/paadvogados.com\/sitenovo\/wp-json\/wp\/v2\/users\/1"}],"replies":[{"embeddable":true,"href":"https:\/\/paadvogados.com\/sitenovo\/wp-json\/wp\/v2\/comments?post=692"}],"version-history":[{"count":46,"href":"https:\/\/paadvogados.com\/sitenovo\/wp-json\/wp\/v2\/pages\/692\/revisions"}],"predecessor-version":[{"id":1116,"href":"https:\/\/paadvogados.com\/sitenovo\/wp-json\/wp\/v2\/pages\/692\/revisions\/1116"}],"wp:attachment":[{"href":"https:\/\/paadvogados.com\/sitenovo\/wp-json\/wp\/v2\/media?parent=692"}],"curies":[{"name":"wp","href":"https:\/\/api.w.org\/{rel}","templated":true}]}}