{"id":242,"date":"2025-08-02T15:33:33","date_gmt":"2025-08-02T15:33:33","guid":{"rendered":"https:\/\/paadvogados.com\/sitenovo\/?page_id=242"},"modified":"2025-08-15T09:43:46","modified_gmt":"2025-08-15T12:43:46","slug":"contato","status":"publish","type":"page","link":"https:\/\/paadvogados.com\/sitenovo\/contato\/","title":{"rendered":"Contato"},"content":{"rendered":"\t\t<div data-elementor-type=\"wp-page\" data-elementor-id=\"242\" class=\"elementor elementor-242\" data-elementor-post-type=\"page\">\n\t\t\t\t<div class=\"elementor-element elementor-element-4a972913 e-flex e-con-boxed e-con e-parent\" data-id=\"4a972913\" data-element_type=\"container\" data-settings=\"{&quot;background_background&quot;:&quot;classic&quot;}\">\n\t\t\t\t\t<div class=\"e-con-inner\">\n\t\t\t\t<div class=\"elementor-element elementor-element-522a5c27 elementor-icon-list--layout-inline elementor-align-center elementor-list-item-link-full_width elementor-widget elementor-widget-icon-list\" data-id=\"522a5c27\" data-element_type=\"widget\" data-widget_type=\"icon-list.default\">\n\t\t\t\t\t\t\t<ul class=\"elementor-icon-list-items elementor-inline-items\">\n\t\t\t\t\t\t\t<li class=\"elementor-icon-list-item elementor-inline-item\">\n\t\t\t\t\t\t\t\t\t\t\t<a href=\"\/paadvogados\/home\">\n\n\t\t\t\t\t\t\t\t\t\t\t<span class=\"elementor-icon-list-text\">Home<\/span>\n\t\t\t\t\t\t\t\t\t\t\t<\/a>\n\t\t\t\t\t\t\t\t\t<\/li>\n\t\t\t\t\t\t\t\t<li class=\"elementor-icon-list-item elementor-inline-item\">\n\t\t\t\t\t\t\t\t\t\t<span class=\"elementor-icon-list-text\">-<\/span>\n\t\t\t\t\t\t\t\t\t<\/li>\n\t\t\t\t\t\t\t\t<li class=\"elementor-icon-list-item elementor-inline-item\">\n\t\t\t\t\t\t\t\t\t\t\t<a href=\"#\">\n\n\t\t\t\t\t\t\t\t\t\t\t<span class=\"elementor-icon-list-text\"><\/span>\n\t\t\t\t\t\t\t\t\t\t\t<\/a>\n\t\t\t\t\t\t\t\t\t<\/li>\n\t\t\t\t\t\t<\/ul>\n\t\t\t\t\t\t<\/div>\n\t\t\t\t\t<\/div>\n\t\t\t\t<\/div>\n\t\t<div class=\"elementor-element elementor-element-76330a9 e-flex e-con-boxed e-con e-parent\" data-id=\"76330a9\" data-element_type=\"container\" data-settings=\"{&quot;background_background&quot;:&quot;classic&quot;}\">\n\t\t\t\t\t<div class=\"e-con-inner\">\n\t\t<div class=\"elementor-element elementor-element-4774253 e-con-full e-flex e-con e-child\" data-id=\"4774253\" data-element_type=\"container\">\n\t\t\t\t<div class=\"elementor-element elementor-element-1184fa4 elementor-position-left elementor-view-default elementor-mobile-position-top elementor-widget elementor-widget-icon-box\" data-id=\"1184fa4\" data-element_type=\"widget\" data-widget_type=\"icon-box.default\">\n\t\t\t\t\t\t\t<div class=\"elementor-icon-box-wrapper\">\n\n\t\t\t\t\t\t<div class=\"elementor-icon-box-icon\">\n\t\t\t\t<a href=\"https:\/\/www.google.com\/maps\/place\/R.+do+Bosque,+1589+-+807+-+Barra+Funda,+S%C3%A3o+Paulo+-+SP,+01136-001\/@-23.5231106,-46.666257,17z\/data=!3m1!4b1!4m5!3m4!1s0x94ce5806fa9951f1:0x54c5ad077662d42c!8m2!3d-23.5231106!4d-46.6636821?entry=ttu&#038;g_ep=EgoyMDI1MDczMC4wIKXMDSoASAFQAw%3D%3D\" target=\"_blank\" class=\"elementor-icon\" tabindex=\"-1\" aria-label=\"Localiza\u00e7\u00e3o\">\n\t\t\t\t<i aria-hidden=\"true\" class=\"jki jki-home-solid\"><\/i>\t\t\t\t<\/a>\n\t\t\t<\/div>\n\t\t\t\n\t\t\t\t\t\t<div class=\"elementor-icon-box-content\">\n\n\t\t\t\t\t\t\t\t\t<h3 class=\"elementor-icon-box-title\">\n\t\t\t\t\t\t<a href=\"https:\/\/www.google.com\/maps\/place\/R.+do+Bosque,+1589+-+807+-+Barra+Funda,+S%C3%A3o+Paulo+-+SP,+01136-001\/@-23.5231106,-46.666257,17z\/data=!3m1!4b1!4m5!3m4!1s0x94ce5806fa9951f1:0x54c5ad077662d42c!8m2!3d-23.5231106!4d-46.6636821?entry=ttu&#038;g_ep=EgoyMDI1MDczMC4wIKXMDSoASAFQAw%3D%3D\" target=\"_blank\" >\n\t\t\t\t\t\t\tLocaliza\u00e7\u00e3o\t\t\t\t\t\t<\/a>\n\t\t\t\t\t<\/h3>\n\t\t\t\t\n\t\t\t\t\t\t\t\t\t<p class=\"elementor-icon-box-description\">\n\t\t\t\t\t\tRua do Bosque, 1589, Cj. 1211 \/ 1212\n- Barra Funda, S\u00e3o Paulo - SP\nCEP: 01136-000\t\t\t\t\t<\/p>\n\t\t\t\t\n\t\t\t<\/div>\n\t\t\t\n\t\t<\/div>\n\t\t\t\t\t\t<\/div>\n\t\t\t\t<div class=\"elementor-element elementor-element-57f8f40 elementor-position-left elementor-view-default elementor-mobile-position-top elementor-widget elementor-widget-icon-box\" data-id=\"57f8f40\" data-element_type=\"widget\" data-widget_type=\"icon-box.default\">\n\t\t\t\t\t\t\t<div class=\"elementor-icon-box-wrapper\">\n\n\t\t\t\t\t\t<div class=\"elementor-icon-box-icon\">\n\t\t\t\t<a href=\"mailto:paadvogadosadm@gmail.com\" target=\"_blank\" class=\"elementor-icon\" tabindex=\"-1\" aria-label=\"E-mail \">\n\t\t\t\t<i aria-hidden=\"true\" class=\"jki jki-email-light\"><\/i>\t\t\t\t<\/a>\n\t\t\t<\/div>\n\t\t\t\n\t\t\t\t\t\t<div class=\"elementor-icon-box-content\">\n\n\t\t\t\t\t\t\t\t\t<h3 class=\"elementor-icon-box-title\">\n\t\t\t\t\t\t<a href=\"mailto:paadvogadosadm@gmail.com\" target=\"_blank\" >\n\t\t\t\t\t\t\tE-mail \t\t\t\t\t\t<\/a>\n\t\t\t\t\t<\/h3>\n\t\t\t\t\n\t\t\t\t\t\t\t\t\t<p class=\"elementor-icon-box-description\">\n\t\t\t\t\t\tpaadvogadosadm@gmail.com\t\t\t\t\t<\/p>\n\t\t\t\t\n\t\t\t<\/div>\n\t\t\t\n\t\t<\/div>\n\t\t\t\t\t\t<\/div>\n\t\t\t\t<div class=\"elementor-element elementor-element-13fba4a elementor-position-left elementor-view-default elementor-mobile-position-top elementor-widget elementor-widget-icon-box\" data-id=\"13fba4a\" data-element_type=\"widget\" data-widget_type=\"icon-box.default\">\n\t\t\t\t\t\t\t<div class=\"elementor-icon-box-wrapper\">\n\n\t\t\t\t\t\t<div class=\"elementor-icon-box-icon\">\n\t\t\t\t<a href=\"https:\/\/wa.me\/5511917875610\" target=\"_blank\" class=\"elementor-icon\" tabindex=\"-1\" aria-label=\"Whatsapp\">\n\t\t\t\t<i aria-hidden=\"true\" class=\"jki jki-support1-light\"><\/i>\t\t\t\t<\/a>\n\t\t\t<\/div>\n\t\t\t\n\t\t\t\t\t\t<div class=\"elementor-icon-box-content\">\n\n\t\t\t\t\t\t\t\t\t<h3 class=\"elementor-icon-box-title\">\n\t\t\t\t\t\t<a href=\"https:\/\/wa.me\/5511917875610\" target=\"_blank\" >\n\t\t\t\t\t\t\tWhatsapp\t\t\t\t\t\t<\/a>\n\t\t\t\t\t<\/h3>\n\t\t\t\t\n\t\t\t\t\t\t\t\t\t<p class=\"elementor-icon-box-description\">\n\t\t\t\t\t\t(11) 91787-5610\t\t\t\t\t<\/p>\n\t\t\t\t\n\t\t\t<\/div>\n\t\t\t\n\t\t<\/div>\n\t\t\t\t\t\t<\/div>\n\t\t\t\t<div class=\"elementor-element elementor-element-37d1e4e elementor-position-left elementor-view-default elementor-mobile-position-top elementor-widget elementor-widget-icon-box\" data-id=\"37d1e4e\" data-element_type=\"widget\" data-widget_type=\"icon-box.default\">\n\t\t\t\t\t\t\t<div class=\"elementor-icon-box-wrapper\">\n\n\t\t\t\t\t\t<div class=\"elementor-icon-box-icon\">\n\t\t\t\t<a href=\"#\" class=\"elementor-icon\" tabindex=\"-1\" aria-label=\"Telefone\">\n\t\t\t\t<i aria-hidden=\"true\" class=\"jki jki-support1-light\"><\/i>\t\t\t\t<\/a>\n\t\t\t<\/div>\n\t\t\t\n\t\t\t\t\t\t<div class=\"elementor-icon-box-content\">\n\n\t\t\t\t\t\t\t\t\t<h3 class=\"elementor-icon-box-title\">\n\t\t\t\t\t\t<a href=\"#\" >\n\t\t\t\t\t\t\tTelefone\t\t\t\t\t\t<\/a>\n\t\t\t\t\t<\/h3>\n\t\t\t\t\n\t\t\t\t\t\t\t\t\t<p class=\"elementor-icon-box-description\">\n\t\t\t\t\t\t(11) 98483-8400\t\t\t\t\t<\/p>\n\t\t\t\t\n\t\t\t<\/div>\n\t\t\t\n\t\t<\/div>\n\t\t\t\t\t\t<\/div>\n\t\t\t\t<div class=\"elementor-element elementor-element-0ac0e45 elementor-position-left elementor-view-default elementor-mobile-position-top elementor-widget elementor-widget-icon-box\" data-id=\"0ac0e45\" data-element_type=\"widget\" data-widget_type=\"icon-box.default\">\n\t\t\t\t\t\t\t<div class=\"elementor-icon-box-wrapper\">\n\n\t\t\t\t\t\t<div class=\"elementor-icon-box-icon\">\n\t\t\t\t<a href=\"#\" class=\"elementor-icon\" tabindex=\"-1\" aria-label=\"Hor\u00e1rio de atendimento\">\n\t\t\t\t<i aria-hidden=\"true\" class=\"jki jki-countdown-timer-light\"><\/i>\t\t\t\t<\/a>\n\t\t\t<\/div>\n\t\t\t\n\t\t\t\t\t\t<div class=\"elementor-icon-box-content\">\n\n\t\t\t\t\t\t\t\t\t<h3 class=\"elementor-icon-box-title\">\n\t\t\t\t\t\t<a href=\"#\" >\n\t\t\t\t\t\t\tHor\u00e1rio de atendimento\t\t\t\t\t\t<\/a>\n\t\t\t\t\t<\/h3>\n\t\t\t\t\n\t\t\t\t\t\t\t\t\t<p class=\"elementor-icon-box-description\">\n\t\t\t\t\t\tSeg-Sex: 08:00 \u2013 19:00\t\t\t\t\t<\/p>\n\t\t\t\t\n\t\t\t<\/div>\n\t\t\t\n\t\t<\/div>\n\t\t\t\t\t\t<\/div>\n\t\t\t\t<\/div>\n\t\t<div class=\"elementor-element elementor-element-48282ee e-con-full e-flex e-con e-child\" data-id=\"48282ee\" data-element_type=\"container\">\n\t\t<div class=\"elementor-element elementor-element-1671dca e-con-full e-flex e-con e-child\" data-id=\"1671dca\" data-element_type=\"container\">\n\t\t<div class=\"elementor-element elementor-element-b6e1fbd e-con-full e-flex e-con e-child\" data-id=\"b6e1fbd\" data-element_type=\"container\">\n\t\t<div class=\"elementor-element elementor-element-ca89ded e-con-full e-flex e-con e-child\" data-id=\"ca89ded\" data-element_type=\"container\" data-settings=\"{&quot;background_background&quot;:&quot;classic&quot;}\">\n\t\t\t\t<div class=\"elementor-element elementor-element-d4186f5 elementor-view-default elementor-widget elementor-widget-icon\" data-id=\"d4186f5\" data-element_type=\"widget\" data-widget_type=\"icon.default\">\n\t\t\t\t\t\t\t<div class=\"elementor-icon-wrapper\">\n\t\t\t<div class=\"elementor-icon\">\n\t\t\t<i aria-hidden=\"true\" class=\"jki jki-home-solid\"><\/i>\t\t\t<\/div>\n\t\t<\/div>\n\t\t\t\t\t\t<\/div>\n\t\t\t\t<\/div>\n\t\t\t\t<\/div>\n\t\t<div class=\"elementor-element elementor-element-7b3e10c e-con-full e-flex e-con e-child\" data-id=\"7b3e10c\" data-element_type=\"container\">\n\t\t<div class=\"elementor-element elementor-element-548a75f e-con-full e-flex e-con e-child\" data-id=\"548a75f\" data-element_type=\"container\">\n\t\t\t\t<div class=\"elementor-element elementor-element-837b335 elementor-widget__width-initial elementor-widget-mobile__width-initial elementor-widget elementor-widget-heading\" data-id=\"837b335\" data-element_type=\"widget\" data-widget_type=\"heading.default\">\n\t\t\t\t\t<h2 class=\"elementor-heading-title elementor-size-default\">Precisa de Orienta\u00e7\u00e3o Jur\u00eddica? Fale Conosco<\/h2>\t\t\t\t<\/div>\n\t\t\t\t<\/div>\n\t\t\t\t<div class=\"elementor-element elementor-element-ad390af elementor-widget__width-initial elementor-widget elementor-widget-text-editor\" data-id=\"ad390af\" data-element_type=\"widget\" data-widget_type=\"text-editor.default\">\n\t\t\t\t\t\t\t\t\t<p>Preencha o formul\u00e1rio abaixo e nossa equipe de especialistas entrar\u00e1 em contato em at\u00e9 24 horas. Estamos prontos para analisar seu caso e oferecer a melhor solu\u00e7\u00e3o.<\/p>\t\t\t\t\t\t\t\t<\/div>\n\t\t\t\t<div class=\"elementor-element elementor-element-0c05004 elementor-button-align-stretch elementor-widget elementor-widget-form\" data-id=\"0c05004\" data-element_type=\"widget\" data-settings=\"{&quot;step_next_label&quot;:&quot;Pr\\u00f3ximo&quot;,&quot;step_previous_label&quot;:&quot;Anterior&quot;,&quot;button_width&quot;:&quot;100&quot;,&quot;step_type&quot;:&quot;number_text&quot;,&quot;step_icon_shape&quot;:&quot;circle&quot;}\" data-widget_type=\"form.default\">\n\t\t\t\t\t\t\t<form class=\"elementor-form\" method=\"post\" id=\"form_contact\" name=\"Formul\u00e1rio de contato Contato\" aria-label=\"Formul\u00e1rio de contato Contato\">\n\t\t\t<input type=\"hidden\" name=\"post_id\" value=\"242\"\/>\n\t\t\t<input type=\"hidden\" name=\"form_id\" value=\"0c05004\"\/>\n\t\t\t<input type=\"hidden\" name=\"referer_title\" value=\"Contato\" \/>\n\n\t\t\t\t\t\t\t<input type=\"hidden\" name=\"queried_id\" value=\"242\"\/>\n\t\t\t\n\t\t\t<div class=\"elementor-form-fields-wrapper elementor-labels-\">\n\t\t\t\t\t\t\t\t<div class=\"elementor-field-type-text elementor-field-group elementor-column elementor-field-group-name elementor-col-50\">\n\t\t\t\t\t\t\t\t\t\t\t\t<label for=\"form-field-name\" class=\"elementor-field-label elementor-screen-only\">\n\t\t\t\t\t\t\t\tNome\t\t\t\t\t\t\t<\/label>\n\t\t\t\t\t\t\t\t\t\t\t\t\t\t<input size=\"1\" type=\"text\" name=\"form_fields[name]\" id=\"form-field-name\" class=\"elementor-field elementor-size-md  elementor-field-textual\" placeholder=\"Nome\">\n\t\t\t\t\t\t\t\t\t\t\t<\/div>\n\t\t\t\t\t\t\t\t<div class=\"elementor-field-type-tel elementor-field-group elementor-column elementor-field-group-field_c6fe307 elementor-col-50\">\n\t\t\t\t\t\t\t\t\t\t\t\t<label for=\"form-field-field_c6fe307\" class=\"elementor-field-label elementor-screen-only\">\n\t\t\t\t\t\t\t\tFone\t\t\t\t\t\t\t<\/label>\n\t\t\t\t\t\t\t\t<input size=\"1\" type=\"tel\" name=\"form_fields[field_c6fe307]\" id=\"form-field-field_c6fe307\" class=\"elementor-field elementor-size-md  elementor-field-textual\" placeholder=\"Fone\" pattern=\"[0-9()#&amp;+*-=.]+\" title=\"Apenas n\u00fameros e caracteres de telefone (#, -, *, etc.) s\u00e3o aceitos.\">\n\n\t\t\t\t\t\t<\/div>\n\t\t\t\t\t\t\t\t<div class=\"elementor-field-type-email elementor-field-group elementor-column elementor-field-group-email elementor-col-100 elementor-field-required\">\n\t\t\t\t\t\t\t\t\t\t\t\t<label for=\"form-field-email\" class=\"elementor-field-label elementor-screen-only\">\n\t\t\t\t\t\t\t\tE-mail\t\t\t\t\t\t\t<\/label>\n\t\t\t\t\t\t\t\t\t\t\t\t\t\t<input size=\"1\" type=\"email\" name=\"form_fields[email]\" id=\"form-field-email\" class=\"elementor-field elementor-size-md  elementor-field-textual\" placeholder=\"E-mail\" required=\"required\">\n\t\t\t\t\t\t\t\t\t\t\t<\/div>\n\t\t\t\t\t\t\t\t<div class=\"elementor-field-type-textarea elementor-field-group elementor-column elementor-field-group-message elementor-col-100\">\n\t\t\t\t\t\t\t\t\t\t\t\t<label for=\"form-field-message\" class=\"elementor-field-label elementor-screen-only\">\n\t\t\t\t\t\t\t\tMensagem\t\t\t\t\t\t\t<\/label>\n\t\t\t\t\t\t<textarea class=\"elementor-field-textual elementor-field  elementor-size-md\" name=\"form_fields[message]\" id=\"form-field-message\" rows=\"4\" placeholder=\"Mensagem\"><\/textarea>\t\t\t\t<\/div>\n\t\t\t\t\t\t\t\t<div class=\"elementor-field-group elementor-column elementor-field-type-submit elementor-col-100 e-form__buttons\">\n\t\t\t\t\t<button class=\"elementor-button elementor-size-sm\" type=\"submit\">\n\t\t\t\t\t\t<span class=\"elementor-button-content-wrapper\">\n\t\t\t\t\t\t\t\t\t\t\t\t\t\t\t\t\t\t\t\t\t\t<span class=\"elementor-button-text\">Enviar<\/span>\n\t\t\t\t\t\t\t\t\t\t\t\t\t<\/span>\n\t\t\t\t\t<\/button>\n\t\t\t\t<\/div>\n\t\t\t<\/div>\n\t\t<\/form>\n\t\t\t\t\t\t<\/div>\n\t\t\t\t<\/div>\n\t\t\t\t<\/div>\n\t\t\t\t<\/div>\n\t\t\t\t\t<\/div>\n\t\t\t\t<\/div>\n\t\t<div class=\"elementor-element elementor-element-51f25961 e-con-full e-flex e-con e-parent\" data-id=\"51f25961\" data-element_type=\"container\">\n\t\t\t\t<div class=\"elementor-element elementor-element-79eeaf56 elementor-widget elementor-widget-google_maps\" data-id=\"79eeaf56\" data-element_type=\"widget\" data-widget_type=\"google_maps.default\">\n\t\t\t\t\t\t\t<div class=\"elementor-custom-embed\">\n\t\t\t<iframe loading=\"lazy\"\n\t\t\t\t\tsrc=\"https:\/\/maps.google.com\/maps?q=Rua%20do%20Bosque%2C%201589%2C%20Cj.%201211%2F1212%20-%20Barra%20Funda%2C%20S%C3%A3o%20Paulo%20-%20SP%20CEP%3A%2001136-001&#038;t=m&#038;z=13&#038;output=embed&#038;iwloc=near\"\n\t\t\t\t\ttitle=\"Rua do Bosque, 1589, Cj. 1211\/1212 - Barra Funda, S\u00e3o Paulo - SP CEP: 01136-001\"\n\t\t\t\t\taria-label=\"Rua do Bosque, 1589, Cj. 1211\/1212 - Barra Funda, S\u00e3o Paulo - SP CEP: 01136-001\"\n\t\t\t><\/iframe>\n\t\t<\/div>\n\t\t\t\t\t\t<\/div>\n\t\t\t\t<\/div>\n\t\t\t\t<\/div>\n\t\t","protected":false},"excerpt":{"rendered":"<p>Home &#8211; Localiza\u00e7\u00e3o Rua do Bosque, 1589, Cj. 1211 \/ 1212 &#8211; Barra Funda, S\u00e3o Paulo &#8211; SP CEP: 01136-000 E-mail paadvogadosadm@gmail.com Whatsapp (11) 91787-5610 Telefone (11) 98483-8400 Hor\u00e1rio de atendimento Seg-Sex: 08:00 \u2013 19:00 Precisa de Orienta\u00e7\u00e3o Jur\u00eddica? Fale Conosco Preencha o formul\u00e1rio abaixo e nossa equipe de especialistas entrar\u00e1 em contato em at\u00e9 [&hellip;]<\/p>\n","protected":false},"author":1,"featured_media":0,"parent":0,"menu_order":0,"comment_status":"closed","ping_status":"closed","template":"elementor_header_footer","meta":{"footnotes":""},"class_list":["post-242","page","type-page","status-publish","hentry"],"_links":{"self":[{"href":"https:\/\/paadvogados.com\/sitenovo\/wp-json\/wp\/v2\/pages\/242","targetHints":{"allow":["GET"]}}],"collection":[{"href":"https:\/\/paadvogados.com\/sitenovo\/wp-json\/wp\/v2\/pages"}],"about":[{"href":"https:\/\/paadvogados.com\/sitenovo\/wp-json\/wp\/v2\/types\/page"}],"author":[{"embeddable":true,"href":"https:\/\/paadvogados.com\/sitenovo\/wp-json\/wp\/v2\/users\/1"}],"replies":[{"embeddable":true,"href":"https:\/\/paadvogados.com\/sitenovo\/wp-json\/wp\/v2\/comments?post=242"}],"version-history":[{"count":28,"href":"https:\/\/paadvogados.com\/sitenovo\/wp-json\/wp\/v2\/pages\/242\/revisions"}],"predecessor-version":[{"id":1649,"href":"https:\/\/paadvogados.com\/sitenovo\/wp-json\/wp\/v2\/pages\/242\/revisions\/1649"}],"wp:attachment":[{"href":"https:\/\/paadvogados.com\/sitenovo\/wp-json\/wp\/v2\/media?parent=242"}],"curies":[{"name":"wp","href":"https:\/\/api.w.org\/{rel}","templated":true}]}}