{"id":231,"date":"2025-08-02T15:32:32","date_gmt":"2025-08-02T15:32:32","guid":{"rendered":"https:\/\/paadvogados.com\/sitenovo\/?page_id=231"},"modified":"2025-08-15T10:05:28","modified_gmt":"2025-08-15T13:05:28","slug":"direito-civel-estrategico","status":"publish","type":"page","link":"https:\/\/paadvogados.com\/sitenovo\/direito-civel-estrategico\/","title":{"rendered":"Direito C\u00edvel Estrat\u00e9gico"},"content":{"rendered":"\t\t<div data-elementor-type=\"wp-page\" data-elementor-id=\"231\" class=\"elementor elementor-231\" data-elementor-post-type=\"page\">\n\t\t\t\t<div class=\"elementor-element elementor-element-548914e4 e-flex e-con-boxed e-con e-parent\" data-id=\"548914e4\" data-element_type=\"container\" data-settings=\"{&quot;background_background&quot;:&quot;classic&quot;}\">\n\t\t\t\t\t<div class=\"e-con-inner\">\n\t\t\t\t<div class=\"elementor-element elementor-element-2194d8ad elementor-icon-list--layout-inline elementor-align-center elementor-list-item-link-full_width elementor-widget elementor-widget-icon-list\" data-id=\"2194d8ad\" data-element_type=\"widget\" data-widget_type=\"icon-list.default\">\n\t\t\t\t\t\t\t<ul class=\"elementor-icon-list-items elementor-inline-items\">\n\t\t\t\t\t\t\t<li class=\"elementor-icon-list-item elementor-inline-item\">\n\t\t\t\t\t\t\t\t\t\t\t<a href=\"\/paadvogados\/\">\n\n\t\t\t\t\t\t\t\t\t\t\t<span class=\"elementor-icon-list-text\">Home<\/span>\n\t\t\t\t\t\t\t\t\t\t\t<\/a>\n\t\t\t\t\t\t\t\t\t<\/li>\n\t\t\t\t\t\t\t\t<li class=\"elementor-icon-list-item elementor-inline-item\">\n\t\t\t\t\t\t\t\t\t\t<span class=\"elementor-icon-list-text\">-<\/span>\n\t\t\t\t\t\t\t\t\t<\/li>\n\t\t\t\t\t\t\t\t<li class=\"elementor-icon-list-item elementor-inline-item\">\n\t\t\t\t\t\t\t\t\t\t\t<a href=\"#\">\n\n\t\t\t\t\t\t\t\t\t\t\t<span class=\"elementor-icon-list-text\"><\/span>\n\t\t\t\t\t\t\t\t\t\t\t<\/a>\n\t\t\t\t\t\t\t\t\t<\/li>\n\t\t\t\t\t\t<\/ul>\n\t\t\t\t\t\t<\/div>\n\t\t\t\t\t<\/div>\n\t\t\t\t<\/div>\n\t\t<div class=\"elementor-element elementor-element-37bbf7ff e-flex e-con-boxed e-con e-parent\" data-id=\"37bbf7ff\" data-element_type=\"container\">\n\t\t\t\t\t<div class=\"e-con-inner\">\n\t\t<div class=\"elementor-element elementor-element-79af2b02 e-con-full e-flex e-con e-child\" data-id=\"79af2b02\" data-element_type=\"container\">\n\t\t<div class=\"elementor-element elementor-element-1743f7ba e-con-full e-flex e-con e-child\" data-id=\"1743f7ba\" data-element_type=\"container\">\n\t\t\t\t<div class=\"elementor-element elementor-element-348ad2b2 elementor-widget elementor-widget-heading\" data-id=\"348ad2b2\" data-element_type=\"widget\" data-widget_type=\"heading.default\">\n\t\t\t\t\t<h2 class=\"elementor-heading-title elementor-size-default\">Decis\u00f5es que Definem o Futuro<\/h2>\t\t\t\t<\/div>\n\t\t\t\t<div class=\"elementor-element elementor-element-637396e4 elementor-widget elementor-widget-text-editor\" data-id=\"637396e4\" data-element_type=\"widget\" data-widget_type=\"text-editor.default\">\n\t\t\t\t\t\t\t\t\t<p>A vida civil envolve um vasto conjunto de direitos e obriga\u00e7\u00f5es que impactam diretamente a vida pessoal e empresarial. Quest\u00f5es como contratos, responsabilidades, disputas de propriedade e indeniza\u00e7\u00f5es podem gerar riscos significativos, tanto financeiros quanto reputacionais.<\/p><p>Nessas situa\u00e7\u00f5es, solu\u00e7\u00f5es gen\u00e9ricas n\u00e3o s\u00e3o suficientes. \u00c9 preciso contar com uma an\u00e1lise aprofundada e uma estrat\u00e9gia sob medida. Na P&amp;A Advogados, avaliamos cada cen\u00e1rio com aten\u00e7\u00e3o aos detalhes, identificamos oportunidades e riscos, e definimos o plano de a\u00e7\u00e3o mais eficaz para proteger seu patrim\u00f4nio, sua imagem e seus direitos.<\/p>\t\t\t\t\t\t\t\t<\/div>\n\t\t\t\t<\/div>\n\t\t\t\t<\/div>\n\t\t<div class=\"elementor-element elementor-element-31bd8e44 e-con-full e-flex e-con e-child\" data-id=\"31bd8e44\" data-element_type=\"container\">\n\t\t\t\t<div class=\"elementor-element elementor-element-181a60d3 elementor-widget elementor-widget-image\" data-id=\"181a60d3\" data-element_type=\"widget\" data-widget_type=\"image.default\">\n\t\t\t\t\t\t\t\t\t\t\t\t\t\t\t<img fetchpriority=\"high\" decoding=\"async\" width=\"1920\" height=\"1275\" src=\"https:\/\/paadvogados.com\/sitenovo\/wp-content\/uploads\/2025\/08\/famous-united-states-supreme-court-building-under-PTBFT83-1.jpg\" class=\"attachment-full size-full wp-image-81\" alt=\"\" srcset=\"https:\/\/paadvogados.com\/sitenovo\/wp-content\/uploads\/2025\/08\/famous-united-states-supreme-court-building-under-PTBFT83-1.jpg 1920w, https:\/\/paadvogados.com\/sitenovo\/wp-content\/uploads\/2025\/08\/famous-united-states-supreme-court-building-under-PTBFT83-1-300x199.jpg 300w, https:\/\/paadvogados.com\/sitenovo\/wp-content\/uploads\/2025\/08\/famous-united-states-supreme-court-building-under-PTBFT83-1-1024x680.jpg 1024w, https:\/\/paadvogados.com\/sitenovo\/wp-content\/uploads\/2025\/08\/famous-united-states-supreme-court-building-under-PTBFT83-1-768x510.jpg 768w, https:\/\/paadvogados.com\/sitenovo\/wp-content\/uploads\/2025\/08\/famous-united-states-supreme-court-building-under-PTBFT83-1-1536x1020.jpg 1536w\" sizes=\"(max-width: 1920px) 100vw, 1920px\" \/>\t\t\t\t\t\t\t\t\t\t\t\t\t\t\t<\/div>\n\t\t\t\t<\/div>\n\t\t\t\t\t<\/div>\n\t\t\t\t<\/div>\n\t\t<div class=\"elementor-element elementor-element-4d532355 e-flex e-con-boxed e-con e-parent\" data-id=\"4d532355\" data-element_type=\"container\">\n\t\t\t\t\t<div class=\"e-con-inner\">\n\t\t<div class=\"elementor-element elementor-element-1d08e886 e-con-full e-flex e-con e-child\" data-id=\"1d08e886\" data-element_type=\"container\">\n\t\t<div class=\"elementor-element elementor-element-49d13ae3 e-con-full e-flex e-con e-child\" data-id=\"49d13ae3\" data-element_type=\"container\">\n\t\t<div class=\"elementor-element elementor-element-768f3b69 e-con-full e-flex e-con e-child\" data-id=\"768f3b69\" data-element_type=\"container\">\n\t\t<div class=\"elementor-element elementor-element-6351dcb6 e-con-full e-flex e-con e-child\" data-id=\"6351dcb6\" data-element_type=\"container\" data-settings=\"{&quot;background_background&quot;:&quot;classic&quot;}\">\n\t\t\t\t<div class=\"elementor-element elementor-element-53153698 elementor-view-default elementor-widget elementor-widget-icon\" data-id=\"53153698\" data-element_type=\"widget\" data-widget_type=\"icon.default\">\n\t\t\t\t\t\t\t<div class=\"elementor-icon-wrapper\">\n\t\t\t<div class=\"elementor-icon\">\n\t\t\t<i aria-hidden=\"true\" class=\"jki jki-briefcase-light\"><\/i>\t\t\t<\/div>\n\t\t<\/div>\n\t\t\t\t\t\t<\/div>\n\t\t\t\t<\/div>\n\t\t\t\t<\/div>\n\t\t<div class=\"elementor-element elementor-element-39c11ee1 e-con-full e-flex e-con e-child\" data-id=\"39c11ee1\" data-element_type=\"container\">\n\t\t\t\t<div class=\"elementor-element elementor-element-7cd67e63 elementor-widget elementor-widget-heading\" data-id=\"7cd67e63\" data-element_type=\"widget\" data-widget_type=\"heading.default\">\n\t\t\t\t\t<h2 class=\"elementor-heading-title elementor-size-default\">Nossa Atua\u00e7\u00e3o em Direito C\u00edvel Estrat\u00e9gico<\/h2>\t\t\t\t<\/div>\n\t\t\t\t<\/div>\n\t\t\t\t<\/div>\n\t\t\t\t<\/div>\n\t\t<div class=\"elementor-element elementor-element-768daa33 e-con-full e-flex e-con e-child\" data-id=\"768daa33\" data-element_type=\"container\">\n\t\t\t\t<div class=\"elementor-element elementor-element-650d8838 jkit-equal-height-disable elementor-widget elementor-widget-jkit_icon_box\" data-id=\"650d8838\" data-element_type=\"widget\" data-widget_type=\"jkit_icon_box.default\">\n\t\t\t\t\t<div  class=\"jeg-elementor-kit jkit-icon-box icon-position-top elementor-animation- jeg_module___69f91ab5cd69e\" ><div class=\"jkit-icon-box-wrapper hover-from-left\"><div class=\"icon-box icon-box-header elementor-animation-\"><div class=\"icon style-color\"><i aria-hidden=\"true\" class=\"jki jki-user-cog-solid\"><\/i><\/div><\/div><div class=\"icon-box icon-box-body\">\n                <h2 class=\"title\">Responsabilidade Civil<\/h2><p class=\"icon-box-description\">Atua\u00e7\u00e3o especializada na defesa ou no ajuizamento de a\u00e7\u00f5es de indeniza\u00e7\u00e3o por danos morais, materiais e est\u00e9ticos, em casos de alta complexidade.<\/p>\n            <\/div>\n            \n            <\/div><\/div>\t\t\t\t<\/div>\n\t\t\t\t<\/div>\n\t\t<div class=\"elementor-element elementor-element-55092794 e-con-full e-flex e-con e-child\" data-id=\"55092794\" data-element_type=\"container\">\n\t\t\t\t<div class=\"elementor-element elementor-element-6966ef75 jkit-equal-height-disable elementor-widget elementor-widget-jkit_icon_box\" data-id=\"6966ef75\" data-element_type=\"widget\" data-widget_type=\"jkit_icon_box.default\">\n\t\t\t\t\t<div  class=\"jeg-elementor-kit jkit-icon-box icon-position-top elementor-animation- jeg_module__1_69f91ab5cdb03\" ><div class=\"jkit-icon-box-wrapper hover-from-left\"><div class=\"icon-box icon-box-header elementor-animation-\"><div class=\"icon style-color\"><i aria-hidden=\"true\" class=\"jki jki-user-cog-solid\"><\/i><\/div><\/div><div class=\"icon-box icon-box-body\">\n                <h2 class=\"title\">An\u00e1lise e Disputas Contratuais<\/h2><p class=\"icon-box-description\">Interpreta\u00e7\u00e3o, revis\u00e3o e atua\u00e7\u00e3o em lit\u00edgios decorrentes de contratos complexos, buscando a anula\u00e7\u00e3o, a execu\u00e7\u00e3o ou a renegocia\u00e7\u00e3o de cl\u00e1usulas.<\/p>\n            <\/div>\n            \n            <\/div><\/div>\t\t\t\t<\/div>\n\t\t\t\t<\/div>\n\t\t<div class=\"elementor-element elementor-element-507a6c6a e-con-full e-flex e-con e-child\" data-id=\"507a6c6a\" data-element_type=\"container\">\n\t\t\t\t<div class=\"elementor-element elementor-element-6c1822c4 jkit-equal-height-disable elementor-widget elementor-widget-jkit_icon_box\" data-id=\"6c1822c4\" data-element_type=\"widget\" data-widget_type=\"jkit_icon_box.default\">\n\t\t\t\t\t<div  class=\"jeg-elementor-kit jkit-icon-box icon-position-top elementor-animation- jeg_module__2_69f91ab5cdddd\" ><div class=\"jkit-icon-box-wrapper hover-from-left\"><div class=\"icon-box icon-box-header elementor-animation-\"><div class=\"icon style-color\"><i aria-hidden=\"true\" class=\"jki jki-user-cog-solid\"><\/i><\/div><\/div><div class=\"icon-box icon-box-body\">\n                <h2 class=\"title\">Direito das Obriga\u00e7\u00f5es<\/h2><p class=\"icon-box-description\">Assessoria completa em quest\u00f5es de adimplemento e inadimplemento de obriga\u00e7\u00f5es, incluindo a\u00e7\u00f5es de cobran\u00e7a e execu\u00e7\u00e3o de t\u00edtulos.<\/p>\n            <\/div>\n            \n            <\/div><\/div>\t\t\t\t<\/div>\n\t\t\t\t<\/div>\n\t\t<div class=\"elementor-element elementor-element-2d1a2716 e-con-full e-flex e-con e-child\" data-id=\"2d1a2716\" data-element_type=\"container\">\n\t\t\t\t<div class=\"elementor-element elementor-element-db1edde jkit-equal-height-disable elementor-widget elementor-widget-jkit_icon_box\" data-id=\"db1edde\" data-element_type=\"widget\" data-widget_type=\"jkit_icon_box.default\">\n\t\t\t\t\t<div  class=\"jeg-elementor-kit jkit-icon-box icon-position-top elementor-animation- jeg_module__3_69f91ab5ce08e\" ><div class=\"jkit-icon-box-wrapper hover-from-left\"><div class=\"icon-box icon-box-header elementor-animation-\"><div class=\"icon style-color\"><i aria-hidden=\"true\" class=\"jki jki-user-cog-solid\"><\/i><\/div><\/div><div class=\"icon-box icon-box-body\">\n                <h2 class=\"title\">Quest\u00f5es Possess\u00f3rias e de Propriedade<\/h2><p class=\"icon-box-description\">Defesa dos seus direitos em disputas envolvendo a posse e a propriedade de bens m\u00f3veis e im\u00f3veis.<\/p>\n            <\/div>\n            \n            <\/div><\/div>\t\t\t\t<\/div>\n\t\t\t\t<\/div>\n\t\t<div class=\"elementor-element elementor-element-00cd6af e-con-full e-flex e-con e-child\" data-id=\"00cd6af\" data-element_type=\"container\">\n\t\t\t\t<div class=\"elementor-element elementor-element-8893870 jkit-equal-height-disable elementor-widget elementor-widget-jkit_icon_box\" data-id=\"8893870\" data-element_type=\"widget\" data-widget_type=\"jkit_icon_box.default\">\n\t\t\t\t\t<div  class=\"jeg-elementor-kit jkit-icon-box icon-position-top elementor-animation- jeg_module__4_69f91ab5ce32b\" ><div class=\"jkit-icon-box-wrapper hover-from-left\"><div class=\"icon-box icon-box-header elementor-animation-\"><div class=\"icon style-color\"><i aria-hidden=\"true\" class=\"jki jki-user-cog-solid\"><\/i><\/div><\/div><div class=\"icon-box icon-box-body\">\n                <h2 class=\"title\">Planejamento Sucess\u00f3rio<\/h2><p class=\"icon-box-description\">Estrutura\u00e7\u00e3o de planejamentos sucess\u00f3rios para garantir a transfer\u00eancia de patrim\u00f4nio de forma segura e eficiente, prevenindo futuros lit\u00edgios familiares.<\/p>\n            <\/div>\n            \n            <\/div><\/div>\t\t\t\t<\/div>\n\t\t\t\t<\/div>\n\t\t<div class=\"elementor-element elementor-element-7bfa8db e-con-full e-flex e-con e-child\" data-id=\"7bfa8db\" data-element_type=\"container\">\n\t\t\t\t<div class=\"elementor-element elementor-element-0d449a6 jkit-equal-height-disable elementor-widget elementor-widget-jkit_icon_box\" data-id=\"0d449a6\" data-element_type=\"widget\" data-widget_type=\"jkit_icon_box.default\">\n\t\t\t\t\t<div  class=\"jeg-elementor-kit jkit-icon-box icon-position-top elementor-animation- jeg_module__5_69f91ab5ce5c0\" ><div class=\"jkit-icon-box-wrapper hover-from-left\"><div class=\"icon-box icon-box-header elementor-animation-\"><div class=\"icon style-color\"><i aria-hidden=\"true\" class=\"jki jki-user-cog-solid\"><\/i><\/div><\/div><div class=\"icon-box icon-box-body\">\n                <h2 class=\"title\">Resolu\u00e7\u00e3o Estrat\u00e9gica de Conflitos<\/h2><p class=\"icon-box-description\">Utiliza\u00e7\u00e3o de media\u00e7\u00e3o, arbitragem e negocia\u00e7\u00e3o como ferramentas estrat\u00e9gicas para resolver disputas de forma mais r\u00e1pida e com menor custo que a via judicial.<\/p>\n            <\/div>\n            \n            <\/div><\/div>\t\t\t\t<\/div>\n\t\t\t\t<\/div>\n\t\t\t\t\t<\/div>\n\t\t\t\t<\/div>\n\t\t<div class=\"elementor-element elementor-element-5f57082d e-con-full e-flex e-con e-parent\" data-id=\"5f57082d\" data-element_type=\"container\">\n\t\t<div class=\"elementor-element elementor-element-71293c43 e-con-full e-flex e-con e-child\" data-id=\"71293c43\" data-element_type=\"container\" data-settings=\"{&quot;background_background&quot;:&quot;classic&quot;}\">\n\t\t\t\t<div class=\"elementor-element elementor-element-3614bdd2 elementor-widget__width-initial elementor-widget elementor-widget-image\" data-id=\"3614bdd2\" data-element_type=\"widget\" data-widget_type=\"image.default\">\n\t\t\t\t\t\t\t\t\t\t\t\t\t\t\t<img decoding=\"async\" width=\"1700\" height=\"1862\" src=\"https:\/\/paadvogados.com\/sitenovo\/wp-content\/uploads\/2025\/08\/11.png\" class=\"attachment-full size-full wp-image-196\" alt=\"PA Advogados Logo 11\" srcset=\"https:\/\/paadvogados.com\/sitenovo\/wp-content\/uploads\/2025\/08\/11.png 1700w, https:\/\/paadvogados.com\/sitenovo\/wp-content\/uploads\/2025\/08\/11-274x300.png 274w, https:\/\/paadvogados.com\/sitenovo\/wp-content\/uploads\/2025\/08\/11-935x1024.png 935w, https:\/\/paadvogados.com\/sitenovo\/wp-content\/uploads\/2025\/08\/11-768x841.png 768w, https:\/\/paadvogados.com\/sitenovo\/wp-content\/uploads\/2025\/08\/11-1402x1536.png 1402w\" sizes=\"(max-width: 1700px) 100vw, 1700px\" \/>\t\t\t\t\t\t\t\t\t\t\t\t\t\t\t<\/div>\n\t\t<div class=\"elementor-element elementor-element-a051cbe e-con-full e-flex e-con e-child\" data-id=\"a051cbe\" data-element_type=\"container\">\n\t\t\t\t<div class=\"elementor-element elementor-element-78407e08 elementor-widget elementor-widget-heading\" data-id=\"78407e08\" data-element_type=\"widget\" data-widget_type=\"heading.default\">\n\t\t\t\t\t<h2 class=\"elementor-heading-title elementor-size-default\">O Diferencial da P&amp;A na Sua Causa C\u00edvel<\/h2>\t\t\t\t<\/div>\n\t\t\t\t<div class=\"elementor-element elementor-element-3133b203 elementor-widget elementor-widget-heading\" data-id=\"3133b203\" data-element_type=\"widget\" data-widget_type=\"heading.default\">\n\t\t\t\t\t<h2 class=\"elementor-heading-title elementor-size-default\">Na P&amp;A Advogados, tratamos cada caso c\u00edvel com estrat\u00e9gia e precis\u00e3o, antecipando riscos e definindo o plano mais eficaz para alcan\u00e7ar resultados. Mais que uma defesa, oferecemos solu\u00e7\u00f5es sob medida para garantir a melhor posi\u00e7\u00e3o poss\u00edvel ao cliente.<\/h2>\t\t\t\t<\/div>\n\t\t\t\t<\/div>\n\t\t\t\t<\/div>\n\t\t\t\t<\/div>\n\t\t<div class=\"elementor-element elementor-element-1262aa42 e-flex e-con-boxed e-con e-parent\" data-id=\"1262aa42\" data-element_type=\"container\">\n\t\t\t\t\t<div class=\"e-con-inner\">\n\t\t<div class=\"elementor-element elementor-element-230fb275 e-con-full e-flex e-con e-child\" data-id=\"230fb275\" data-element_type=\"container\">\n\t\t<div class=\"elementor-element elementor-element-61e8623a e-con-full e-flex e-con e-child\" data-id=\"61e8623a\" data-element_type=\"container\">\n\t\t\t\t<div class=\"elementor-element elementor-element-721b1803 elementor-widget__width-initial elementor-widget elementor-widget-heading\" data-id=\"721b1803\" data-element_type=\"widget\" data-widget_type=\"heading.default\">\n\t\t\t\t\t<h2 class=\"elementor-heading-title elementor-size-default\">Experi\u00eancia Comprovada em Direito C\u00edvel Estrat\u00e9gico<\/h2>\t\t\t\t<\/div>\n\t\t\t\t<div class=\"elementor-element elementor-element-472da917 elementor-widget__width-initial elementor-widget elementor-widget-text-editor\" data-id=\"472da917\" data-element_type=\"widget\" data-widget_type=\"text-editor.default\">\n\t\t\t\t\t\t\t\t\t<p class=\"ng-star-inserted\"><strong>Vit\u00f3ria em A\u00e7\u00e3o de Responsabilidade Civil de Alto Valor<\/strong><\/p><p class=\"ng-star-inserted\"><span class=\"ng-star-inserted\"><strong>\u00c0rea:<\/strong> Direito C\u00edvel Estrat\u00e9gico<\/span><\/p><p class=\"ng-star-inserted\"><strong class=\"ng-star-inserted\"><span class=\"ng-star-inserted\">Resumo:<\/span><\/strong><span class=\"ng-star-inserted\">Em uma a\u00e7\u00e3o de indeniza\u00e7\u00e3o de valor elevado, nossa an\u00e1lise estrat\u00e9gica encontrou falhas na acusa\u00e7\u00e3o. Constru\u00edmos uma defesa eficaz que garantiu a improced\u00eancia total do pedido, livrando nosso cliente de um grande preju\u00edzo e protegendo sua reputa\u00e7\u00e3o.<\/span><\/p>\t\t\t\t\t\t\t\t<\/div>\n\t\t\t\t<\/div>\n\t\t\t\t<\/div>\n\t\t<div class=\"elementor-element elementor-element-32f407a3 e-con-full e-flex e-con e-child\" data-id=\"32f407a3\" data-element_type=\"container\">\n\t\t\t\t<div class=\"elementor-element elementor-element-478e26c3 elementor-widget elementor-widget-image\" data-id=\"478e26c3\" data-element_type=\"widget\" data-widget_type=\"image.default\">\n\t\t\t\t\t\t\t\t\t\t\t\t\t\t\t<img decoding=\"async\" width=\"1200\" height=\"800\" src=\"https:\/\/paadvogados.com\/sitenovo\/wp-content\/uploads\/2025\/08\/Pa-Advogados-2.jpg\" class=\"attachment-full size-full wp-image-719\" alt=\"Pa Advogados 2\" srcset=\"https:\/\/paadvogados.com\/sitenovo\/wp-content\/uploads\/2025\/08\/Pa-Advogados-2.jpg 1200w, https:\/\/paadvogados.com\/sitenovo\/wp-content\/uploads\/2025\/08\/Pa-Advogados-2-300x200.jpg 300w, https:\/\/paadvogados.com\/sitenovo\/wp-content\/uploads\/2025\/08\/Pa-Advogados-2-1024x683.jpg 1024w, https:\/\/paadvogados.com\/sitenovo\/wp-content\/uploads\/2025\/08\/Pa-Advogados-2-768x512.jpg 768w\" sizes=\"(max-width: 1200px) 100vw, 1200px\" \/>\t\t\t\t\t\t\t\t\t\t\t\t\t\t\t<\/div>\n\t\t\t\t<\/div>\n\t\t\t\t\t<\/div>\n\t\t\t\t<\/div>\n\t\t<div class=\"elementor-element elementor-element-1ff23d6e e-con-full e-flex e-con e-parent\" data-id=\"1ff23d6e\" data-element_type=\"container\">\n\t\t<div class=\"elementor-element elementor-element-19abbaa3 e-con-full e-flex e-con e-child\" data-id=\"19abbaa3\" data-element_type=\"container\" data-settings=\"{&quot;background_background&quot;:&quot;classic&quot;}\">\n\t\t\t\t<div class=\"elementor-element elementor-element-64365438 elementor-widget__width-initial elementor-widget elementor-widget-image\" data-id=\"64365438\" data-element_type=\"widget\" data-widget_type=\"image.default\">\n\t\t\t\t\t\t\t\t\t\t\t\t\t\t\t<img loading=\"lazy\" decoding=\"async\" width=\"1700\" height=\"1862\" src=\"https:\/\/paadvogados.com\/sitenovo\/wp-content\/uploads\/2025\/08\/12.png\" class=\"attachment-full size-full wp-image-197\" alt=\"PA Advogados Logo 12\" srcset=\"https:\/\/paadvogados.com\/sitenovo\/wp-content\/uploads\/2025\/08\/12.png 1700w, https:\/\/paadvogados.com\/sitenovo\/wp-content\/uploads\/2025\/08\/12-274x300.png 274w, https:\/\/paadvogados.com\/sitenovo\/wp-content\/uploads\/2025\/08\/12-935x1024.png 935w, https:\/\/paadvogados.com\/sitenovo\/wp-content\/uploads\/2025\/08\/12-768x841.png 768w, https:\/\/paadvogados.com\/sitenovo\/wp-content\/uploads\/2025\/08\/12-1402x1536.png 1402w\" sizes=\"(max-width: 1700px) 100vw, 1700px\" \/>\t\t\t\t\t\t\t\t\t\t\t\t\t\t\t<\/div>\n\t\t<div class=\"elementor-element elementor-element-77d0cf89 e-con-full e-flex e-con e-child\" data-id=\"77d0cf89\" data-element_type=\"container\">\n\t\t\t\t<div class=\"elementor-element elementor-element-3fb0c4ac elementor-widget elementor-widget-heading\" data-id=\"3fb0c4ac\" data-element_type=\"widget\" data-widget_type=\"heading.default\">\n\t\t\t\t\t<h2 class=\"elementor-heading-title elementor-size-default\">Pronto para Tra\u00e7ar a Melhor Estrat\u00e9gia?<\/h2>\t\t\t\t<\/div>\n\t\t\t\t<div class=\"elementor-element elementor-element-4c543907 elementor-widget elementor-widget-heading\" data-id=\"4c543907\" data-element_type=\"widget\" data-widget_type=\"heading.default\">\n\t\t\t\t\t<h2 class=\"elementor-heading-title elementor-size-default\">Se voc\u00ea enfrenta um desafio c\u00edvel complexo e precisa de uma orienta\u00e7\u00e3o jur\u00eddica que v\u00e1 al\u00e9m do convencional, nossa equipe est\u00e1 pronta para ajudar. Agende uma consulta e descubra o poder de uma abordagem estrat\u00e9gica.<\/h2>\t\t\t\t<\/div>\n\t\t\t\t<\/div>\n\t\t\t\t<div class=\"elementor-element elementor-element-61cf7f81 elementor-align-center elementor-widget elementor-widget-button\" data-id=\"61cf7f81\" data-element_type=\"widget\" data-widget_type=\"button.default\">\n\t\t\t\t\t\t\t\t\t\t<a class=\"elementor-button elementor-button-link elementor-size-sm\" href=\"https:\/\/wa.me\/5511917875610\" target=\"_blank\">\n\t\t\t\t\t\t<span class=\"elementor-button-content-wrapper\">\n\t\t\t\t\t\t\t\t\t<span class=\"elementor-button-text\"> Agende uma Consulta<\/span>\n\t\t\t\t\t<\/span>\n\t\t\t\t\t<\/a>\n\t\t\t\t\t\t\t\t<\/div>\n\t\t\t\t<\/div>\n\t\t\t\t<\/div>\n\t\t\t\t<\/div>\n\t\t","protected":false},"excerpt":{"rendered":"<p>Home &#8211; Decis\u00f5es que Definem o Futuro A vida civil envolve um vasto conjunto de direitos e obriga\u00e7\u00f5es que impactam diretamente a vida pessoal e empresarial. Quest\u00f5es como contratos, responsabilidades, disputas de propriedade e indeniza\u00e7\u00f5es podem gerar riscos significativos, tanto financeiros quanto reputacionais. Nessas situa\u00e7\u00f5es, solu\u00e7\u00f5es gen\u00e9ricas n\u00e3o s\u00e3o suficientes. \u00c9 preciso contar com uma [&hellip;]<\/p>\n","protected":false},"author":1,"featured_media":0,"parent":0,"menu_order":0,"comment_status":"closed","ping_status":"closed","template":"elementor_header_footer","meta":{"footnotes":""},"class_list":["post-231","page","type-page","status-publish","hentry"],"_links":{"self":[{"href":"https:\/\/paadvogados.com\/sitenovo\/wp-json\/wp\/v2\/pages\/231","targetHints":{"allow":["GET"]}}],"collection":[{"href":"https:\/\/paadvogados.com\/sitenovo\/wp-json\/wp\/v2\/pages"}],"about":[{"href":"https:\/\/paadvogados.com\/sitenovo\/wp-json\/wp\/v2\/types\/page"}],"author":[{"embeddable":true,"href":"https:\/\/paadvogados.com\/sitenovo\/wp-json\/wp\/v2\/users\/1"}],"replies":[{"embeddable":true,"href":"https:\/\/paadvogados.com\/sitenovo\/wp-json\/wp\/v2\/comments?post=231"}],"version-history":[{"count":50,"href":"https:\/\/paadvogados.com\/sitenovo\/wp-json\/wp\/v2\/pages\/231\/revisions"}],"predecessor-version":[{"id":1662,"href":"https:\/\/paadvogados.com\/sitenovo\/wp-json\/wp\/v2\/pages\/231\/revisions\/1662"}],"wp:attachment":[{"href":"https:\/\/paadvogados.com\/sitenovo\/wp-json\/wp\/v2\/media?parent=231"}],"curies":[{"name":"wp","href":"https:\/\/api.w.org\/{rel}","templated":true}]}}