{"id":230,"date":"2025-08-02T15:32:46","date_gmt":"2025-08-02T15:32:46","guid":{"rendered":"https:\/\/paadvogados.com\/sitenovo\/?page_id=230"},"modified":"2025-08-07T14:41:46","modified_gmt":"2025-08-07T17:41:46","slug":"direito-contratual","status":"publish","type":"page","link":"https:\/\/paadvogados.com\/sitenovo\/direito-contratual\/","title":{"rendered":"Direito Contratual"},"content":{"rendered":"\t\t<div data-elementor-type=\"wp-page\" data-elementor-id=\"230\" class=\"elementor elementor-230\" data-elementor-post-type=\"page\">\n\t\t\t\t<div class=\"elementor-element elementor-element-61699a7d e-flex e-con-boxed e-con e-parent\" data-id=\"61699a7d\" data-element_type=\"container\" data-settings=\"{&quot;background_background&quot;:&quot;classic&quot;}\">\n\t\t\t\t\t<div class=\"e-con-inner\">\n\t\t\t\t<div class=\"elementor-element elementor-element-3289d61f elementor-icon-list--layout-inline elementor-align-center elementor-list-item-link-full_width elementor-widget elementor-widget-icon-list\" data-id=\"3289d61f\" data-element_type=\"widget\" data-widget_type=\"icon-list.default\">\n\t\t\t\t\t\t\t<ul class=\"elementor-icon-list-items elementor-inline-items\">\n\t\t\t\t\t\t\t<li class=\"elementor-icon-list-item elementor-inline-item\">\n\t\t\t\t\t\t\t\t\t\t\t<a href=\"\/paadvogados\/\">\n\n\t\t\t\t\t\t\t\t\t\t\t<span class=\"elementor-icon-list-text\">Home<\/span>\n\t\t\t\t\t\t\t\t\t\t\t<\/a>\n\t\t\t\t\t\t\t\t\t<\/li>\n\t\t\t\t\t\t\t\t<li class=\"elementor-icon-list-item elementor-inline-item\">\n\t\t\t\t\t\t\t\t\t\t<span class=\"elementor-icon-list-text\">-<\/span>\n\t\t\t\t\t\t\t\t\t<\/li>\n\t\t\t\t\t\t\t\t<li class=\"elementor-icon-list-item elementor-inline-item\">\n\t\t\t\t\t\t\t\t\t\t\t<a href=\"#\">\n\n\t\t\t\t\t\t\t\t\t\t\t<span class=\"elementor-icon-list-text\"><\/span>\n\t\t\t\t\t\t\t\t\t\t\t<\/a>\n\t\t\t\t\t\t\t\t\t<\/li>\n\t\t\t\t\t\t<\/ul>\n\t\t\t\t\t\t<\/div>\n\t\t\t\t\t<\/div>\n\t\t\t\t<\/div>\n\t\t<div class=\"elementor-element elementor-element-198df268 e-flex e-con-boxed e-con e-parent\" data-id=\"198df268\" data-element_type=\"container\">\n\t\t\t\t\t<div class=\"e-con-inner\">\n\t\t<div class=\"elementor-element elementor-element-32ae270c e-con-full e-flex e-con e-child\" data-id=\"32ae270c\" data-element_type=\"container\">\n\t\t<div class=\"elementor-element elementor-element-3b0bf0b1 e-con-full e-flex e-con e-child\" data-id=\"3b0bf0b1\" data-element_type=\"container\">\n\t\t\t\t<div class=\"elementor-element elementor-element-251f050b elementor-widget elementor-widget-heading\" data-id=\"251f050b\" data-element_type=\"widget\" data-widget_type=\"heading.default\">\n\t\t\t\t\t<h2 class=\"elementor-heading-title elementor-size-default\">A Base de Toda Rela\u00e7\u00e3o Segura: O Contrato<\/h2>\t\t\t\t<\/div>\n\t\t\t\t<div class=\"elementor-element elementor-element-3c814104 elementor-widget elementor-widget-text-editor\" data-id=\"3c814104\" data-element_type=\"widget\" data-widget_type=\"text-editor.default\">\n\t\t\t\t\t\t\t\t\t<p class=\"ng-star-inserted\"><span class=\"ng-star-inserted\">Um contrato bem elaborado \u00e9 a funda\u00e7\u00e3o de qualquer neg\u00f3cio ou acordo bem-sucedido. No entanto, cl\u00e1usulas amb\u00edguas, omiss\u00f5es ou termos mal negociados podem transformar uma oportunidade em um grande risco, gerando preju\u00edzos e disputas futuras. Muitas vezes, o perigo est\u00e1 escondido nos detalhes. A P&amp;A Advogados atua com precis\u00e3o cir\u00fargica na an\u00e1lise e elabora\u00e7\u00e3o de contratos, garantindo que seus direitos estejam protegidos, suas obriga\u00e7\u00f5es sejam claras e seus interesses, blindados.<\/span><\/p>\t\t\t\t\t\t\t\t<\/div>\n\t\t\t\t<\/div>\n\t\t\t\t<\/div>\n\t\t<div class=\"elementor-element elementor-element-63255347 e-con-full e-flex e-con e-child\" data-id=\"63255347\" data-element_type=\"container\">\n\t\t\t\t<div class=\"elementor-element elementor-element-3842c534 elementor-widget elementor-widget-image\" data-id=\"3842c534\" data-element_type=\"widget\" data-widget_type=\"image.default\">\n\t\t\t\t\t\t\t\t\t\t\t\t\t\t\t<img fetchpriority=\"high\" decoding=\"async\" width=\"1920\" height=\"1275\" src=\"https:\/\/paadvogados.com\/sitenovo\/wp-content\/uploads\/2025\/08\/famous-united-states-supreme-court-building-under-PTBFT83-1.jpg\" class=\"attachment-full size-full wp-image-81\" alt=\"\" srcset=\"https:\/\/paadvogados.com\/sitenovo\/wp-content\/uploads\/2025\/08\/famous-united-states-supreme-court-building-under-PTBFT83-1.jpg 1920w, https:\/\/paadvogados.com\/sitenovo\/wp-content\/uploads\/2025\/08\/famous-united-states-supreme-court-building-under-PTBFT83-1-300x199.jpg 300w, https:\/\/paadvogados.com\/sitenovo\/wp-content\/uploads\/2025\/08\/famous-united-states-supreme-court-building-under-PTBFT83-1-1024x680.jpg 1024w, https:\/\/paadvogados.com\/sitenovo\/wp-content\/uploads\/2025\/08\/famous-united-states-supreme-court-building-under-PTBFT83-1-768x510.jpg 768w, https:\/\/paadvogados.com\/sitenovo\/wp-content\/uploads\/2025\/08\/famous-united-states-supreme-court-building-under-PTBFT83-1-1536x1020.jpg 1536w\" sizes=\"(max-width: 1920px) 100vw, 1920px\" \/>\t\t\t\t\t\t\t\t\t\t\t\t\t\t\t<\/div>\n\t\t\t\t<\/div>\n\t\t\t\t\t<\/div>\n\t\t\t\t<\/div>\n\t\t<div class=\"elementor-element elementor-element-4ab6acbe e-flex e-con-boxed e-con e-parent\" data-id=\"4ab6acbe\" data-element_type=\"container\">\n\t\t\t\t\t<div class=\"e-con-inner\">\n\t\t<div class=\"elementor-element elementor-element-57d609f9 e-con-full e-flex e-con e-child\" data-id=\"57d609f9\" data-element_type=\"container\">\n\t\t<div class=\"elementor-element elementor-element-69b28925 e-con-full e-flex e-con e-child\" data-id=\"69b28925\" data-element_type=\"container\">\n\t\t<div class=\"elementor-element elementor-element-3feb997a e-con-full e-flex e-con e-child\" data-id=\"3feb997a\" data-element_type=\"container\">\n\t\t<div class=\"elementor-element elementor-element-5a001f8a e-con-full e-flex e-con e-child\" data-id=\"5a001f8a\" data-element_type=\"container\" data-settings=\"{&quot;background_background&quot;:&quot;classic&quot;}\">\n\t\t\t\t<div class=\"elementor-element elementor-element-6ee41097 elementor-view-default elementor-widget elementor-widget-icon\" data-id=\"6ee41097\" data-element_type=\"widget\" data-widget_type=\"icon.default\">\n\t\t\t\t\t\t\t<div class=\"elementor-icon-wrapper\">\n\t\t\t<div class=\"elementor-icon\">\n\t\t\t<i aria-hidden=\"true\" class=\"jki jki-briefcase-light\"><\/i>\t\t\t<\/div>\n\t\t<\/div>\n\t\t\t\t\t\t<\/div>\n\t\t\t\t<\/div>\n\t\t\t\t<\/div>\n\t\t<div class=\"elementor-element elementor-element-6b252d1 e-con-full e-flex e-con e-child\" data-id=\"6b252d1\" data-element_type=\"container\">\n\t\t\t\t<div class=\"elementor-element elementor-element-7024c61a elementor-widget elementor-widget-heading\" data-id=\"7024c61a\" data-element_type=\"widget\" data-widget_type=\"heading.default\">\n\t\t\t\t\t<h2 class=\"elementor-heading-title elementor-size-default\">Nossa Atua\u00e7\u00e3o em Direito Contratual<\/h2>\t\t\t\t<\/div>\n\t\t\t\t<\/div>\n\t\t\t\t<\/div>\n\t\t\t\t<\/div>\n\t\t<div class=\"elementor-element elementor-element-752fbf25 e-con-full e-flex e-con e-child\" data-id=\"752fbf25\" data-element_type=\"container\">\n\t\t\t\t<div class=\"elementor-element elementor-element-9e52fe6 jkit-equal-height-disable elementor-widget elementor-widget-jkit_icon_box\" data-id=\"9e52fe6\" data-element_type=\"widget\" data-widget_type=\"jkit_icon_box.default\">\n\t\t\t\t\t<div  class=\"jeg-elementor-kit jkit-icon-box icon-position-top elementor-animation- jeg_module___69f91abb8ee1c\" ><div class=\"jkit-icon-box-wrapper hover-from-left\"><div class=\"icon-box icon-box-header elementor-animation-\"><div class=\"icon style-color\"><i aria-hidden=\"true\" class=\"jki jki-user-cog-solid\"><\/i><\/div><\/div><div class=\"icon-box icon-box-body\">\n                <h2 class=\"title\">Elabora\u00e7\u00e3o de Contratos Personalizados<\/h2><p class=\"icon-box-description\">Cria\u00e7\u00e3o de contratos sob medida para as mais diversas finalidades (presta\u00e7\u00e3o de servi\u00e7os, compra e venda, parceria, loca\u00e7\u00e3o, etc.), alinhados aos seus objetivos.<\/p>\n            <\/div>\n            \n            <\/div><\/div>\t\t\t\t<\/div>\n\t\t\t\t<\/div>\n\t\t<div class=\"elementor-element elementor-element-4499ec54 e-con-full e-flex e-con e-child\" data-id=\"4499ec54\" data-element_type=\"container\">\n\t\t\t\t<div class=\"elementor-element elementor-element-5fb505bc jkit-equal-height-disable elementor-widget elementor-widget-jkit_icon_box\" data-id=\"5fb505bc\" data-element_type=\"widget\" data-widget_type=\"jkit_icon_box.default\">\n\t\t\t\t\t<div  class=\"jeg-elementor-kit jkit-icon-box icon-position-top elementor-animation- jeg_module__1_69f91abb8f2e8\" ><div class=\"jkit-icon-box-wrapper hover-from-left\"><div class=\"icon-box icon-box-header elementor-animation-\"><div class=\"icon style-color\"><i aria-hidden=\"true\" class=\"jki jki-user-cog-solid\"><\/i><\/div><\/div><div class=\"icon-box icon-box-body\">\n                <h2 class=\"title\">An\u00e1lise e Revis\u00e3o de Contratos<\/h2><p class=\"icon-box-description\">Revis\u00e3o minuciosa de documentos propostos por terceiros, identificando cl\u00e1usulas de risco, ambiguidades e pontos de melhoria para sua prote\u00e7\u00e3o.<\/p>\n            <\/div>\n            \n            <\/div><\/div>\t\t\t\t<\/div>\n\t\t\t\t<\/div>\n\t\t<div class=\"elementor-element elementor-element-83cedd9 e-con-full e-flex e-con e-child\" data-id=\"83cedd9\" data-element_type=\"container\">\n\t\t\t\t<div class=\"elementor-element elementor-element-46884959 jkit-equal-height-disable elementor-widget elementor-widget-jkit_icon_box\" data-id=\"46884959\" data-element_type=\"widget\" data-widget_type=\"jkit_icon_box.default\">\n\t\t\t\t\t<div  class=\"jeg-elementor-kit jkit-icon-box icon-position-top elementor-animation- jeg_module__2_69f91abb8f5ef\" ><div class=\"jkit-icon-box-wrapper hover-from-left\"><div class=\"icon-box icon-box-header elementor-animation-\"><div class=\"icon style-color\"><i aria-hidden=\"true\" class=\"jki jki-user-cog-solid\"><\/i><\/div><\/div><div class=\"icon-box icon-box-body\">\n                <h2 class=\"title\">Negocia\u00e7\u00e3o Estrat\u00e9gica de Cl\u00e1usulas<\/h2><p class=\"icon-box-description\">Participa\u00e7\u00e3o ativa em negocia\u00e7\u00f5es para garantir que os termos contratuais sejam equilibrados e favor\u00e1veis aos seus interesses.<\/p>\n            <\/div>\n            \n            <\/div><\/div>\t\t\t\t<\/div>\n\t\t\t\t<\/div>\n\t\t<div class=\"elementor-element elementor-element-69c1ffc6 e-con-full e-flex e-con e-child\" data-id=\"69c1ffc6\" data-element_type=\"container\">\n\t\t\t\t<div class=\"elementor-element elementor-element-6a90cf6f jkit-equal-height-disable elementor-widget elementor-widget-jkit_icon_box\" data-id=\"6a90cf6f\" data-element_type=\"widget\" data-widget_type=\"jkit_icon_box.default\">\n\t\t\t\t\t<div  class=\"jeg-elementor-kit jkit-icon-box icon-position-top elementor-animation- jeg_module__3_69f91abb8f8c7\" ><div class=\"jkit-icon-box-wrapper hover-from-left\"><div class=\"icon-box icon-box-header elementor-animation-\"><div class=\"icon style-color\"><i aria-hidden=\"true\" class=\"jki jki-user-cog-solid\"><\/i><\/div><\/div><div class=\"icon-box icon-box-body\">\n                <h2 class=\"title\">Pareceres Jur\u00eddicos<\/h2><p class=\"icon-box-description\">Emiss\u00e3o de pareceres t\u00e9cnicos sobre a validade, a interpreta\u00e7\u00e3o e os riscos de instrumentos contratuais.<\/p>\n            <\/div>\n            \n            <\/div><\/div>\t\t\t\t<\/div>\n\t\t\t\t<\/div>\n\t\t<div class=\"elementor-element elementor-element-bfe42eb e-con-full e-flex e-con e-child\" data-id=\"bfe42eb\" data-element_type=\"container\">\n\t\t\t\t<div class=\"elementor-element elementor-element-45386e1 jkit-equal-height-disable elementor-widget elementor-widget-jkit_icon_box\" data-id=\"45386e1\" data-element_type=\"widget\" data-widget_type=\"jkit_icon_box.default\">\n\t\t\t\t\t<div  class=\"jeg-elementor-kit jkit-icon-box icon-position-top elementor-animation- jeg_module__4_69f91abb8fb76\" ><div class=\"jkit-icon-box-wrapper hover-from-left\"><div class=\"icon-box icon-box-header elementor-animation-\"><div class=\"icon style-color\"><i aria-hidden=\"true\" class=\"jki jki-user-cog-solid\"><\/i><\/div><\/div><div class=\"icon-box icon-box-body\">\n                <h2 class=\"title\">Gest\u00e3o de Distratos e Rescis\u00f5es<\/h2><p class=\"icon-box-description\">Assessoria completa para a rescis\u00e3o ou o encerramento de contratos de forma segura, minimizando perdas e prevenindo lit\u00edgios.<\/p>\n            <\/div>\n            \n            <\/div><\/div>\t\t\t\t<\/div>\n\t\t\t\t<\/div>\n\t\t<div class=\"elementor-element elementor-element-20cc0d3 e-con-full e-flex e-con e-child\" data-id=\"20cc0d3\" data-element_type=\"container\">\n\t\t\t\t<div class=\"elementor-element elementor-element-131405f jkit-equal-height-disable elementor-widget elementor-widget-jkit_icon_box\" data-id=\"131405f\" data-element_type=\"widget\" data-widget_type=\"jkit_icon_box.default\">\n\t\t\t\t\t<div  class=\"jeg-elementor-kit jkit-icon-box icon-position-top elementor-animation- jeg_module__5_69f91abb8fe12\" ><div class=\"jkit-icon-box-wrapper hover-from-left\"><div class=\"icon-box icon-box-header elementor-animation-\"><div class=\"icon style-color\"><i aria-hidden=\"true\" class=\"jki jki-user-cog-solid\"><\/i><\/div><\/div><div class=\"icon-box icon-box-body\">\n                <h2 class=\"title\">Atua\u00e7\u00e3o em Disputas Contratuais<\/h2><p class=\"icon-box-description\">Representa\u00e7\u00e3o em a\u00e7\u00f5es judiciais ou arbitrais que envolvam o descumprimento, a anula\u00e7\u00e3o ou a execu\u00e7\u00e3o de contratos.<\/p>\n            <\/div>\n            \n            <\/div><\/div>\t\t\t\t<\/div>\n\t\t\t\t<\/div>\n\t\t\t\t\t<\/div>\n\t\t\t\t<\/div>\n\t\t<div class=\"elementor-element elementor-element-65a6828a e-con-full e-flex e-con e-parent\" data-id=\"65a6828a\" data-element_type=\"container\">\n\t\t<div class=\"elementor-element elementor-element-1c8af5b2 e-con-full e-flex e-con e-child\" data-id=\"1c8af5b2\" data-element_type=\"container\" data-settings=\"{&quot;background_background&quot;:&quot;classic&quot;}\">\n\t\t\t\t<div class=\"elementor-element elementor-element-26ab61c9 elementor-widget__width-initial elementor-widget elementor-widget-image\" data-id=\"26ab61c9\" data-element_type=\"widget\" data-widget_type=\"image.default\">\n\t\t\t\t\t\t\t\t\t\t\t\t\t\t\t<img decoding=\"async\" width=\"1700\" height=\"1862\" src=\"https:\/\/paadvogados.com\/sitenovo\/wp-content\/uploads\/2025\/08\/11.png\" class=\"attachment-full size-full wp-image-196\" alt=\"PA Advogados Logo 11\" srcset=\"https:\/\/paadvogados.com\/sitenovo\/wp-content\/uploads\/2025\/08\/11.png 1700w, https:\/\/paadvogados.com\/sitenovo\/wp-content\/uploads\/2025\/08\/11-274x300.png 274w, https:\/\/paadvogados.com\/sitenovo\/wp-content\/uploads\/2025\/08\/11-935x1024.png 935w, https:\/\/paadvogados.com\/sitenovo\/wp-content\/uploads\/2025\/08\/11-768x841.png 768w, https:\/\/paadvogados.com\/sitenovo\/wp-content\/uploads\/2025\/08\/11-1402x1536.png 1402w\" sizes=\"(max-width: 1700px) 100vw, 1700px\" \/>\t\t\t\t\t\t\t\t\t\t\t\t\t\t\t<\/div>\n\t\t<div class=\"elementor-element elementor-element-4e1c4b36 e-con-full e-flex e-con e-child\" data-id=\"4e1c4b36\" data-element_type=\"container\">\n\t\t\t\t<div class=\"elementor-element elementor-element-355c3d6f elementor-widget elementor-widget-heading\" data-id=\"355c3d6f\" data-element_type=\"widget\" data-widget_type=\"heading.default\">\n\t\t\t\t\t<h2 class=\"elementor-heading-title elementor-size-default\">O Diferencial da P&amp;A nos Seus Contratos<\/h2>\t\t\t\t<\/div>\n\t\t\t\t<div class=\"elementor-element elementor-element-1c55326d elementor-widget elementor-widget-heading\" data-id=\"1c55326d\" data-element_type=\"widget\" data-widget_type=\"heading.default\">\n\t\t\t\t\t<h2 class=\"elementor-heading-title elementor-size-default\">Para a P&amp;A Advogados, um contrato \u00e9 mais do que um documento legal; \u00e9 uma ferramenta estrat\u00e9gica de neg\u00f3cio. Nossa abordagem n\u00e3o se limita a verificar a legalidade das cl\u00e1usulas. N\u00f3s mergulhamos no contexto do seu acordo para criar um instrumento que seja claro, funcional e que preveja cen\u00e1rios futuros. Transformamos o \"juridiqu\u00eas\" em diretrizes pr\u00e1ticas, garantindo que voc\u00ea tenha n\u00e3o apenas um contrato v\u00e1lido, mas um roteiro seguro para o sucesso da sua parceria.<\/h2>\t\t\t\t<\/div>\n\t\t\t\t<\/div>\n\t\t\t\t<\/div>\n\t\t\t\t<\/div>\n\t\t<div class=\"elementor-element elementor-element-48e6dcf7 e-flex e-con-boxed e-con e-parent\" data-id=\"48e6dcf7\" data-element_type=\"container\">\n\t\t\t\t\t<div class=\"e-con-inner\">\n\t\t<div class=\"elementor-element elementor-element-44bbf406 e-con-full e-flex e-con e-child\" data-id=\"44bbf406\" data-element_type=\"container\">\n\t\t<div class=\"elementor-element elementor-element-6d77c108 e-con-full e-flex e-con e-child\" data-id=\"6d77c108\" data-element_type=\"container\">\n\t\t\t\t<div class=\"elementor-element elementor-element-52d8e498 elementor-widget__width-initial elementor-widget elementor-widget-heading\" data-id=\"52d8e498\" data-element_type=\"widget\" data-widget_type=\"heading.default\">\n\t\t\t\t\t<h2 class=\"elementor-heading-title elementor-size-default\">Experi\u00eancia Comprovada em Direito Contratual<\/h2>\t\t\t\t<\/div>\n\t\t\t\t<div class=\"elementor-element elementor-element-13e15182 elementor-widget__width-initial elementor-widget elementor-widget-text-editor\" data-id=\"13e15182\" data-element_type=\"widget\" data-widget_type=\"text-editor.default\">\n\t\t\t\t\t\t\t\t\t<p class=\"ng-star-inserted\"><strong>Anula\u00e7\u00e3o de Cl\u00e1usulas Abusivas em Contrato<\/strong><\/p><p class=\"ng-star-inserted\"><span class=\"ng-star-inserted\"><strong>\u00c0rea:<\/strong> Direito Contratual<\/span><\/p><p class=\"ng-star-inserted\"><strong class=\"ng-star-inserted\"><span class=\"ng-star-inserted\">Resumo:<\/span><\/strong><span class=\"ng-star-inserted\">Um cliente nos procurou preso a um contrato de ades\u00e3o com cl\u00e1usulas claramente abusivas que geravam grande preju\u00edzo. Analisamos o documento e ingressamos com uma a\u00e7\u00e3o que resultou na anula\u00e7\u00e3o das cl\u00e1usulas, reequilibrando a rela\u00e7\u00e3o contratual e restabelecendo a justi\u00e7a.<\/span><\/p>\t\t\t\t\t\t\t\t<\/div>\n\t\t\t\t<\/div>\n\t\t\t\t<\/div>\n\t\t<div class=\"elementor-element elementor-element-131942b8 e-con-full e-flex e-con e-child\" data-id=\"131942b8\" data-element_type=\"container\">\n\t\t\t\t<div class=\"elementor-element elementor-element-7dd70cf8 elementor-widget elementor-widget-image\" data-id=\"7dd70cf8\" data-element_type=\"widget\" data-widget_type=\"image.default\">\n\t\t\t\t\t\t\t\t\t\t\t\t\t\t\t<img decoding=\"async\" width=\"1200\" height=\"800\" src=\"https:\/\/paadvogados.com\/sitenovo\/wp-content\/uploads\/2025\/08\/Pa-Advogados-3.jpg\" class=\"attachment-full size-full wp-image-720\" alt=\"Pa Advogados 3\" srcset=\"https:\/\/paadvogados.com\/sitenovo\/wp-content\/uploads\/2025\/08\/Pa-Advogados-3.jpg 1200w, https:\/\/paadvogados.com\/sitenovo\/wp-content\/uploads\/2025\/08\/Pa-Advogados-3-300x200.jpg 300w, https:\/\/paadvogados.com\/sitenovo\/wp-content\/uploads\/2025\/08\/Pa-Advogados-3-1024x683.jpg 1024w, https:\/\/paadvogados.com\/sitenovo\/wp-content\/uploads\/2025\/08\/Pa-Advogados-3-768x512.jpg 768w\" sizes=\"(max-width: 1200px) 100vw, 1200px\" \/>\t\t\t\t\t\t\t\t\t\t\t\t\t\t\t<\/div>\n\t\t\t\t<\/div>\n\t\t\t\t\t<\/div>\n\t\t\t\t<\/div>\n\t\t<div class=\"elementor-element elementor-element-5dd95ab5 e-con-full e-flex e-con e-parent\" data-id=\"5dd95ab5\" data-element_type=\"container\">\n\t\t<div class=\"elementor-element elementor-element-83b0396 e-con-full e-flex e-con e-child\" data-id=\"83b0396\" data-element_type=\"container\" data-settings=\"{&quot;background_background&quot;:&quot;classic&quot;}\">\n\t\t\t\t<div class=\"elementor-element elementor-element-6db5472c elementor-widget__width-initial elementor-widget elementor-widget-image\" data-id=\"6db5472c\" data-element_type=\"widget\" data-widget_type=\"image.default\">\n\t\t\t\t\t\t\t\t\t\t\t\t\t\t\t<img loading=\"lazy\" decoding=\"async\" width=\"1700\" height=\"1862\" src=\"https:\/\/paadvogados.com\/sitenovo\/wp-content\/uploads\/2025\/08\/12.png\" class=\"attachment-full size-full wp-image-197\" alt=\"PA Advogados Logo 12\" srcset=\"https:\/\/paadvogados.com\/sitenovo\/wp-content\/uploads\/2025\/08\/12.png 1700w, https:\/\/paadvogados.com\/sitenovo\/wp-content\/uploads\/2025\/08\/12-274x300.png 274w, https:\/\/paadvogados.com\/sitenovo\/wp-content\/uploads\/2025\/08\/12-935x1024.png 935w, https:\/\/paadvogados.com\/sitenovo\/wp-content\/uploads\/2025\/08\/12-768x841.png 768w, https:\/\/paadvogados.com\/sitenovo\/wp-content\/uploads\/2025\/08\/12-1402x1536.png 1402w\" sizes=\"(max-width: 1700px) 100vw, 1700px\" \/>\t\t\t\t\t\t\t\t\t\t\t\t\t\t\t<\/div>\n\t\t<div class=\"elementor-element elementor-element-66038cb8 e-con-full e-flex e-con e-child\" data-id=\"66038cb8\" data-element_type=\"container\">\n\t\t\t\t<div class=\"elementor-element elementor-element-3b910b71 elementor-widget elementor-widget-heading\" data-id=\"3b910b71\" data-element_type=\"widget\" data-widget_type=\"heading.default\">\n\t\t\t\t\t<h2 class=\"elementor-heading-title elementor-size-default\">Precisa de Seguran\u00e7a em Seus Acordos?<\/h2>\t\t\t\t<\/div>\n\t\t\t\t<div class=\"elementor-element elementor-element-67b850d7 elementor-widget elementor-widget-heading\" data-id=\"67b850d7\" data-element_type=\"widget\" data-widget_type=\"heading.default\">\n\t\t\t\t\t<h2 class=\"elementor-heading-title elementor-size-default\">Seja para criar um novo contrato ou para analisar um documento existente, nossos especialistas est\u00e3o prontos para oferecer a clareza e a prote\u00e7\u00e3o que voc\u00ea precisa. Garanta a seguran\u00e7a dos seus neg\u00f3cios.<\/h2>\t\t\t\t<\/div>\n\t\t\t\t<\/div>\n\t\t\t\t<div class=\"elementor-element elementor-element-7e94c3da elementor-align-center elementor-widget elementor-widget-button\" data-id=\"7e94c3da\" data-element_type=\"widget\" data-widget_type=\"button.default\">\n\t\t\t\t\t\t\t\t\t\t<a class=\"elementor-button elementor-button-link elementor-size-sm\" href=\"https:\/\/wa.me\/5511917875610\" target=\"_blank\">\n\t\t\t\t\t\t<span class=\"elementor-button-content-wrapper\">\n\t\t\t\t\t\t\t\t\t<span class=\"elementor-button-text\"> Agende uma Consulta<\/span>\n\t\t\t\t\t<\/span>\n\t\t\t\t\t<\/a>\n\t\t\t\t\t\t\t\t<\/div>\n\t\t\t\t<\/div>\n\t\t\t\t<\/div>\n\t\t\t\t<\/div>\n\t\t","protected":false},"excerpt":{"rendered":"<p>Home &#8211; A Base de Toda Rela\u00e7\u00e3o Segura: O Contrato Um contrato bem elaborado \u00e9 a funda\u00e7\u00e3o de qualquer neg\u00f3cio ou acordo bem-sucedido. No entanto, cl\u00e1usulas amb\u00edguas, omiss\u00f5es ou termos mal negociados podem transformar uma oportunidade em um grande risco, gerando preju\u00edzos e disputas futuras. Muitas vezes, o perigo est\u00e1 escondido nos detalhes. A P&amp;A [&hellip;]<\/p>\n","protected":false},"author":1,"featured_media":0,"parent":0,"menu_order":0,"comment_status":"closed","ping_status":"closed","template":"elementor_header_footer","meta":{"footnotes":""},"class_list":["post-230","page","type-page","status-publish","hentry"],"_links":{"self":[{"href":"https:\/\/paadvogados.com\/sitenovo\/wp-json\/wp\/v2\/pages\/230","targetHints":{"allow":["GET"]}}],"collection":[{"href":"https:\/\/paadvogados.com\/sitenovo\/wp-json\/wp\/v2\/pages"}],"about":[{"href":"https:\/\/paadvogados.com\/sitenovo\/wp-json\/wp\/v2\/types\/page"}],"author":[{"embeddable":true,"href":"https:\/\/paadvogados.com\/sitenovo\/wp-json\/wp\/v2\/users\/1"}],"replies":[{"embeddable":true,"href":"https:\/\/paadvogados.com\/sitenovo\/wp-json\/wp\/v2\/comments?post=230"}],"version-history":[{"count":50,"href":"https:\/\/paadvogados.com\/sitenovo\/wp-json\/wp\/v2\/pages\/230\/revisions"}],"predecessor-version":[{"id":1201,"href":"https:\/\/paadvogados.com\/sitenovo\/wp-json\/wp\/v2\/pages\/230\/revisions\/1201"}],"wp:attachment":[{"href":"https:\/\/paadvogados.com\/sitenovo\/wp-json\/wp\/v2\/media?parent=230"}],"curies":[{"name":"wp","href":"https:\/\/api.w.org\/{rel}","templated":true}]}}