{"id":1616,"date":"2025-08-12T17:25:29","date_gmt":"2025-08-12T20:25:29","guid":{"rendered":"https:\/\/paadvogados.com\/sitenovo\/?page_id=1616"},"modified":"2025-08-15T09:50:11","modified_gmt":"2025-08-15T12:50:11","slug":"equipe","status":"publish","type":"page","link":"https:\/\/paadvogados.com\/sitenovo\/equipe\/","title":{"rendered":"Equipe"},"content":{"rendered":"\t\t<div data-elementor-type=\"wp-page\" data-elementor-id=\"1616\" class=\"elementor elementor-1616\" data-elementor-post-type=\"page\">\n\t\t\t\t<div class=\"elementor-element elementor-element-14034b82 e-flex e-con-boxed e-con e-parent\" data-id=\"14034b82\" data-element_type=\"container\" data-settings=\"{&quot;background_background&quot;:&quot;classic&quot;}\">\n\t\t\t\t\t<div class=\"e-con-inner\">\n\t\t\t\t<div class=\"elementor-element elementor-element-5e4fc594 elementor-icon-list--layout-inline elementor-align-center elementor-list-item-link-full_width elementor-widget elementor-widget-icon-list\" data-id=\"5e4fc594\" data-element_type=\"widget\" data-widget_type=\"icon-list.default\">\n\t\t\t\t\t\t\t<ul class=\"elementor-icon-list-items elementor-inline-items\">\n\t\t\t\t\t\t\t<li class=\"elementor-icon-list-item elementor-inline-item\">\n\t\t\t\t\t\t\t\t\t\t\t<a href=\"https:\/\/promentor.wpolive.com\/\">\n\n\t\t\t\t\t\t\t\t\t\t\t<span class=\"elementor-icon-list-text\">Home<\/span>\n\t\t\t\t\t\t\t\t\t\t\t<\/a>\n\t\t\t\t\t\t\t\t\t<\/li>\n\t\t\t\t\t\t\t\t<li class=\"elementor-icon-list-item elementor-inline-item\">\n\t\t\t\t\t\t\t\t\t\t<span class=\"elementor-icon-list-text\">-<\/span>\n\t\t\t\t\t\t\t\t\t<\/li>\n\t\t\t\t\t\t\t\t<li class=\"elementor-icon-list-item elementor-inline-item\">\n\t\t\t\t\t\t\t\t\t\t\t<a href=\"#\">\n\n\t\t\t\t\t\t\t\t\t\t\t<span class=\"elementor-icon-list-text\"><\/span>\n\t\t\t\t\t\t\t\t\t\t\t<\/a>\n\t\t\t\t\t\t\t\t\t<\/li>\n\t\t\t\t\t\t<\/ul>\n\t\t\t\t\t\t<\/div>\n\t\t\t\t\t<\/div>\n\t\t\t\t<\/div>\n\t\t<div class=\"elementor-element elementor-element-8e04409 e-flex e-con-boxed e-con e-parent\" data-id=\"8e04409\" data-element_type=\"container\">\n\t\t\t\t\t<div class=\"e-con-inner\">\n\t\t<div class=\"elementor-element elementor-element-fe84622 e-con-full e-flex e-con e-child\" data-id=\"fe84622\" data-element_type=\"container\">\n\t\t<div class=\"elementor-element elementor-element-46ae106 e-con-full e-flex e-con e-child\" data-id=\"46ae106\" data-element_type=\"container\">\n\t\t<div class=\"elementor-element elementor-element-fad4308 e-con-full e-flex e-con e-child\" data-id=\"fad4308\" data-element_type=\"container\">\n\t\t<div class=\"elementor-element elementor-element-b73e161 e-con-full e-flex e-con e-child\" data-id=\"b73e161\" data-element_type=\"container\" data-settings=\"{&quot;background_background&quot;:&quot;classic&quot;}\">\n\t\t\t\t<div class=\"elementor-element elementor-element-6193a65 elementor-view-default elementor-widget elementor-widget-icon\" data-id=\"6193a65\" data-element_type=\"widget\" data-widget_type=\"icon.default\">\n\t\t\t\t\t\t\t<div class=\"elementor-icon-wrapper\">\n\t\t\t<div class=\"elementor-icon\">\n\t\t\t<i aria-hidden=\"true\" class=\"jki jki-briefcase-light\"><\/i>\t\t\t<\/div>\n\t\t<\/div>\n\t\t\t\t\t\t<\/div>\n\t\t\t\t<\/div>\n\t\t\t\t<\/div>\n\t\t<div class=\"elementor-element elementor-element-5af0611 e-con-full e-flex e-con e-child\" data-id=\"5af0611\" data-element_type=\"container\">\n\t\t\t\t<div class=\"elementor-element elementor-element-bfce730 elementor-widget elementor-widget-heading\" data-id=\"bfce730\" data-element_type=\"widget\" data-widget_type=\"heading.default\">\n\t\t\t\t\t<h2 class=\"elementor-heading-title elementor-size-default\">Conhe\u00e7a nossa equipe de Especialistas<\/h2>\t\t\t\t<\/div>\n\t\t\t\t<div class=\"elementor-element elementor-element-5a42957 elementor-widget__width-initial elementor-widget elementor-widget-text-editor\" data-id=\"5a42957\" data-element_type=\"widget\" data-widget_type=\"text-editor.default\">\n\t\t\t\t\t\t\t\t\t<p>Conhe\u00e7a os colaboradores que unem s\u00f3lida forma\u00e7\u00e3o e ampla experi\u00eancia para liderar a estrat\u00e9gia jur\u00eddica e o sucesso dos casos na P&amp;A Advogados.<\/p>\t\t\t\t\t\t\t\t<\/div>\n\t\t\t\t<\/div>\n\t\t\t\t<\/div>\n\t\t\t\t<\/div>\n\t\t<div class=\"elementor-element elementor-element-e1d0811 e-con-full e-flex e-con e-child\" data-id=\"e1d0811\" data-element_type=\"container\">\n\t\t\t\t<div class=\"elementor-element elementor-element-b154cb3 elementor-widget elementor-widget-jkit_team\" data-id=\"b154cb3\" data-element_type=\"widget\" data-widget_type=\"jkit_team.default\">\n\t\t\t\t\t<div  class=\"jeg-elementor-kit jkit-team style-overlay overlay-bottom jeg_module___69f91aeed9b02\" ><div class=\"profile-card \"><img fetchpriority=\"high\" decoding=\"async\" width=\"768\" height=\"1024\" src=\"https:\/\/paadvogados.com\/sitenovo\/wp-content\/uploads\/2025\/08\/Daniel-Arini.jpg\" class=\"attachment-full size-full\" alt=\"Daniel Arini\" url=\"https:\/\/paadvogados.com\/sitenovo\/wp-content\/uploads\/2025\/08\/Daniel-Arini.jpg\" source=\"library\" srcset=\"https:\/\/paadvogados.com\/sitenovo\/wp-content\/uploads\/2025\/08\/Daniel-Arini.jpg 768w, https:\/\/paadvogados.com\/sitenovo\/wp-content\/uploads\/2025\/08\/Daniel-Arini-225x300.jpg 225w\" sizes=\"(max-width: 768px) 100vw, 768px\" \/>\n                <div class=\"hover-area alignment-center\"><div class=\"profile-body\">\n                <h2 class=\"profile-title\"><\/h2>\n                <p class=\"profile-designation\"><\/p>\n                \n                <ul class=\"social-list\"><li class=\"social-icon elementor-repeater-item-fb2a92b\"><a href=\"https:\/\/facebook.com\" aria-label=\"social-icon\"><i aria-hidden=\"true\" class=\"jki jki-facebook-f\"><\/i><\/a><\/li><li class=\"social-icon elementor-repeater-item-79a60c2\"><a href=\"https:\/\/Instagram.com\" aria-label=\"social-icon\"><i aria-hidden=\"true\" class=\"jki jki-instagram\"><\/i><\/a><\/li><\/ul>\n            <\/div><\/div>\n            <\/div><\/div>\t\t\t\t<\/div>\n\t\t<div class=\"elementor-element elementor-element-a75f7be e-con-full e-flex e-con e-child\" data-id=\"a75f7be\" data-element_type=\"container\" data-settings=\"{&quot;background_background&quot;:&quot;classic&quot;}\">\n\t\t\t\t<div class=\"elementor-element elementor-element-86475d2 elementor-widget elementor-widget-heading\" data-id=\"86475d2\" data-element_type=\"widget\" data-widget_type=\"heading.default\">\n\t\t\t\t\t<h2 class=\"elementor-heading-title elementor-size-default\">Dr. Daniel Arini<\/h2>\t\t\t\t<\/div>\n\t\t\t\t<div class=\"elementor-element elementor-element-2d37fa1 elementor-widget elementor-widget-text-editor\" data-id=\"2d37fa1\" data-element_type=\"widget\" data-widget_type=\"text-editor.default\">\n\t\t\t\t\t\t\t\t\t<p>Advogado<\/p>\t\t\t\t\t\t\t\t<\/div>\n\t\t\t\t<\/div>\n\t\t\t\t<\/div>\n\t\t<div class=\"elementor-element elementor-element-623cc59 e-con-full e-flex e-con e-child\" data-id=\"623cc59\" data-element_type=\"container\">\n\t\t\t\t<div class=\"elementor-element elementor-element-54917e3 elementor-widget elementor-widget-jkit_team\" data-id=\"54917e3\" data-element_type=\"widget\" data-widget_type=\"jkit_team.default\">\n\t\t\t\t\t<div  class=\"jeg-elementor-kit jkit-team style-overlay overlay-bottom jeg_module__1_69f91aeeda52f\" ><div class=\"profile-card \"><img decoding=\"async\" width=\"768\" height=\"1024\" src=\"https:\/\/paadvogados.com\/sitenovo\/wp-content\/uploads\/2025\/08\/Joao-Pedro.jpg\" class=\"attachment-full size-full\" alt=\"Jo\u00e3o Pedro\" url=\"https:\/\/paadvogados.com\/sitenovo\/wp-content\/uploads\/2025\/08\/Joao-Pedro.jpg\" source=\"library\" srcset=\"https:\/\/paadvogados.com\/sitenovo\/wp-content\/uploads\/2025\/08\/Joao-Pedro.jpg 768w, https:\/\/paadvogados.com\/sitenovo\/wp-content\/uploads\/2025\/08\/Joao-Pedro-225x300.jpg 225w\" sizes=\"(max-width: 768px) 100vw, 768px\" \/>\n                <div class=\"hover-area alignment-center\"><div class=\"profile-body\">\n                <h2 class=\"profile-title\"><\/h2>\n                <p class=\"profile-designation\"><\/p>\n                \n                <ul class=\"social-list\"><li class=\"social-icon elementor-repeater-item-fb2a92b\"><a href=\"https:\/\/facebook.com\" aria-label=\"social-icon\"><i aria-hidden=\"true\" class=\"jki jki-facebook-f\"><\/i><\/a><\/li><li class=\"social-icon elementor-repeater-item-79a60c2\"><a href=\"https:\/\/Instagram.com\" aria-label=\"social-icon\"><i aria-hidden=\"true\" class=\"jki jki-instagram\"><\/i><\/a><\/li><\/ul>\n            <\/div><\/div>\n            <\/div><\/div>\t\t\t\t<\/div>\n\t\t<div class=\"elementor-element elementor-element-f12e278 e-con-full e-flex e-con e-child\" data-id=\"f12e278\" data-element_type=\"container\" data-settings=\"{&quot;background_background&quot;:&quot;classic&quot;}\">\n\t\t\t\t<div class=\"elementor-element elementor-element-abdab81 elementor-widget elementor-widget-heading\" data-id=\"abdab81\" data-element_type=\"widget\" data-widget_type=\"heading.default\">\n\t\t\t\t\t<h2 class=\"elementor-heading-title elementor-size-default\">Jo\u00e3o Pedro<\/h2>\t\t\t\t<\/div>\n\t\t\t\t<div class=\"elementor-element elementor-element-c1c9a13 elementor-widget elementor-widget-text-editor\" data-id=\"c1c9a13\" data-element_type=\"widget\" data-widget_type=\"text-editor.default\">\n\t\t\t\t\t\t\t\t\t<p>Estagi\u00e1rio<\/p>\t\t\t\t\t\t\t\t<\/div>\n\t\t\t\t<\/div>\n\t\t\t\t<\/div>\n\t\t<div class=\"elementor-element elementor-element-436dbc5 e-con-full e-flex e-con e-child\" data-id=\"436dbc5\" data-element_type=\"container\">\n\t\t\t\t<div class=\"elementor-element elementor-element-40a5218 elementor-widget elementor-widget-jkit_team\" data-id=\"40a5218\" data-element_type=\"widget\" data-widget_type=\"jkit_team.default\">\n\t\t\t\t\t<div  class=\"jeg-elementor-kit jkit-team style-overlay overlay-bottom jeg_module__2_69f91aeedac7f\" ><div class=\"profile-card \"><img decoding=\"async\" width=\"768\" height=\"1024\" src=\"https:\/\/paadvogados.com\/sitenovo\/wp-content\/uploads\/2025\/08\/Larissa-Tousek.jpg\" class=\"attachment-full size-full\" alt=\"Larissa Tousek\" url=\"https:\/\/paadvogados.com\/sitenovo\/wp-content\/uploads\/2025\/08\/Larissa-Tousek.jpg\" source=\"library\" srcset=\"https:\/\/paadvogados.com\/sitenovo\/wp-content\/uploads\/2025\/08\/Larissa-Tousek.jpg 768w, https:\/\/paadvogados.com\/sitenovo\/wp-content\/uploads\/2025\/08\/Larissa-Tousek-225x300.jpg 225w\" sizes=\"(max-width: 768px) 100vw, 768px\" \/>\n                <div class=\"hover-area alignment-center\"><div class=\"profile-body\">\n                <h2 class=\"profile-title\"><\/h2>\n                <p class=\"profile-designation\"><\/p>\n                \n                <ul class=\"social-list\"><li class=\"social-icon elementor-repeater-item-fb2a92b\"><a href=\"https:\/\/facebook.com\" aria-label=\"social-icon\"><i aria-hidden=\"true\" class=\"jki jki-facebook-f\"><\/i><\/a><\/li><li class=\"social-icon elementor-repeater-item-79a60c2\"><a href=\"https:\/\/instagram.com\" aria-label=\"social-icon\"><i aria-hidden=\"true\" class=\"jki jki-instagram\"><\/i><\/a><\/li><\/ul>\n            <\/div><\/div>\n            <\/div><\/div>\t\t\t\t<\/div>\n\t\t<div class=\"elementor-element elementor-element-a838dd5 e-con-full e-flex e-con e-child\" data-id=\"a838dd5\" data-element_type=\"container\" data-settings=\"{&quot;background_background&quot;:&quot;classic&quot;}\">\n\t\t\t\t<div class=\"elementor-element elementor-element-e8f1420 elementor-widget elementor-widget-heading\" data-id=\"e8f1420\" data-element_type=\"widget\" data-widget_type=\"heading.default\">\n\t\t\t\t\t<h2 class=\"elementor-heading-title elementor-size-default\">Larissa Tousek<\/h2>\t\t\t\t<\/div>\n\t\t\t\t<div class=\"elementor-element elementor-element-3e35def elementor-widget elementor-widget-text-editor\" data-id=\"3e35def\" data-element_type=\"widget\" data-widget_type=\"text-editor.default\">\n\t\t\t\t\t\t\t\t\t<p>Administrativo<\/p>\t\t\t\t\t\t\t\t<\/div>\n\t\t\t\t<\/div>\n\t\t\t\t<\/div>\n\t\t<div class=\"elementor-element elementor-element-4a64433 e-con-full e-flex e-con e-child\" data-id=\"4a64433\" data-element_type=\"container\">\n\t\t\t\t<div class=\"elementor-element elementor-element-c80ec57 elementor-widget elementor-widget-jkit_team\" data-id=\"c80ec57\" data-element_type=\"widget\" data-widget_type=\"jkit_team.default\">\n\t\t\t\t\t<div  class=\"jeg-elementor-kit jkit-team style-overlay overlay-bottom jeg_module__3_69f91aeedb390\" ><div class=\"profile-card \"><img loading=\"lazy\" decoding=\"async\" width=\"768\" height=\"1024\" src=\"https:\/\/paadvogados.com\/sitenovo\/wp-content\/uploads\/2025\/08\/Ana-Paula.jpg\" class=\"attachment-full size-full\" alt=\"Ana Paula\" url=\"https:\/\/paadvogados.com\/sitenovo\/wp-content\/uploads\/2025\/08\/Ana-Paula.jpg\" source=\"library\" srcset=\"https:\/\/paadvogados.com\/sitenovo\/wp-content\/uploads\/2025\/08\/Ana-Paula.jpg 768w, https:\/\/paadvogados.com\/sitenovo\/wp-content\/uploads\/2025\/08\/Ana-Paula-225x300.jpg 225w\" sizes=\"(max-width: 768px) 100vw, 768px\" \/>\n                <div class=\"hover-area alignment-center\"><div class=\"profile-body\">\n                <h2 class=\"profile-title\"><\/h2>\n                <p class=\"profile-designation\"><\/p>\n                \n                <ul class=\"social-list\"><li class=\"social-icon elementor-repeater-item-fb2a92b\"><a href=\"https:\/\/facebook.com\" aria-label=\"social-icon\"><i aria-hidden=\"true\" class=\"jki jki-facebook-f\"><\/i><\/a><\/li><li class=\"social-icon elementor-repeater-item-79a60c2\"><a href=\"https:\/\/instagram.com\" aria-label=\"social-icon\"><i aria-hidden=\"true\" class=\"jki jki-instagram\"><\/i><\/a><\/li><\/ul>\n            <\/div><\/div>\n            <\/div><\/div>\t\t\t\t<\/div>\n\t\t<div class=\"elementor-element elementor-element-b2b4986 e-con-full e-flex e-con e-child\" data-id=\"b2b4986\" data-element_type=\"container\" data-settings=\"{&quot;background_background&quot;:&quot;classic&quot;}\">\n\t\t\t\t<div class=\"elementor-element elementor-element-0bb454e elementor-widget elementor-widget-heading\" data-id=\"0bb454e\" data-element_type=\"widget\" data-widget_type=\"heading.default\">\n\t\t\t\t\t<h2 class=\"elementor-heading-title elementor-size-default\">Dra. Ana Paula<\/h2>\t\t\t\t<\/div>\n\t\t\t\t<div class=\"elementor-element elementor-element-01cbf17 elementor-widget elementor-widget-text-editor\" data-id=\"01cbf17\" data-element_type=\"widget\" data-widget_type=\"text-editor.default\">\n\t\t\t\t\t\t\t\t\t<p>Advogada<\/p>\t\t\t\t\t\t\t\t<\/div>\n\t\t\t\t<\/div>\n\t\t\t\t<\/div>\n\t\t<div class=\"elementor-element elementor-element-337ae07 e-con-full e-flex e-con e-child\" data-id=\"337ae07\" data-element_type=\"container\">\n\t\t\t\t<div class=\"elementor-element elementor-element-31f0200 elementor-widget elementor-widget-jkit_team\" data-id=\"31f0200\" data-element_type=\"widget\" data-widget_type=\"jkit_team.default\">\n\t\t\t\t\t<div  class=\"jeg-elementor-kit jkit-team style-overlay overlay-bottom jeg_module__4_69f91aeedba10\" ><div class=\"profile-card \"><img loading=\"lazy\" decoding=\"async\" width=\"768\" height=\"1024\" src=\"https:\/\/paadvogados.com\/sitenovo\/wp-content\/uploads\/2025\/08\/Patricia-Tousek.jpg\" class=\"attachment-full size-full\" alt=\"Patr\u00edcia Tousek\" url=\"https:\/\/paadvogados.com\/sitenovo\/wp-content\/uploads\/2025\/08\/Patricia-Tousek.jpg\" source=\"library\" srcset=\"https:\/\/paadvogados.com\/sitenovo\/wp-content\/uploads\/2025\/08\/Patricia-Tousek.jpg 768w, https:\/\/paadvogados.com\/sitenovo\/wp-content\/uploads\/2025\/08\/Patricia-Tousek-225x300.jpg 225w\" sizes=\"(max-width: 768px) 100vw, 768px\" \/>\n                <div class=\"hover-area alignment-center\"><div class=\"profile-body\">\n                <h2 class=\"profile-title\"><\/h2>\n                <p class=\"profile-designation\"><\/p>\n                \n                <ul class=\"social-list\"><li class=\"social-icon elementor-repeater-item-fb2a92b\"><a href=\"https:\/\/facebook.com\" aria-label=\"social-icon\"><i aria-hidden=\"true\" class=\"jki jki-facebook-f\"><\/i><\/a><\/li><li class=\"social-icon elementor-repeater-item-7c3144b\"><a href=\"https:\/\/instagram.com\" aria-label=\"social-icon\"><i aria-hidden=\"true\" class=\"jki jki-instagram\"><\/i><\/a><\/li><\/ul>\n            <\/div><\/div>\n            <\/div><\/div>\t\t\t\t<\/div>\n\t\t<div class=\"elementor-element elementor-element-691322d e-con-full e-flex e-con e-child\" data-id=\"691322d\" data-element_type=\"container\" data-settings=\"{&quot;background_background&quot;:&quot;classic&quot;}\">\n\t\t\t\t<div class=\"elementor-element elementor-element-b910efc elementor-widget elementor-widget-heading\" data-id=\"b910efc\" data-element_type=\"widget\" data-widget_type=\"heading.default\">\n\t\t\t\t\t<h2 class=\"elementor-heading-title elementor-size-default\">Patr\u00edcia Tousek<\/h2>\t\t\t\t<\/div>\n\t\t\t\t<div class=\"elementor-element elementor-element-9051d48 elementor-widget elementor-widget-text-editor\" data-id=\"9051d48\" data-element_type=\"widget\" data-widget_type=\"text-editor.default\">\n\t\t\t\t\t\t\t\t\t<p>Administrativo<\/p>\t\t\t\t\t\t\t\t<\/div>\n\t\t\t\t<\/div>\n\t\t\t\t<\/div>\n\t\t\t\t\t<\/div>\n\t\t\t\t<\/div>\n\t\t\t\t<\/div>\n\t\t","protected":false},"excerpt":{"rendered":"<p>Home &#8211; Conhe\u00e7a nossa equipe de Especialistas Conhe\u00e7a os colaboradores que unem s\u00f3lida forma\u00e7\u00e3o e ampla experi\u00eancia para liderar a estrat\u00e9gia jur\u00eddica e o sucesso dos casos na P&amp;A Advogados. Dr. Daniel Arini Advogado Jo\u00e3o Pedro Estagi\u00e1rio Larissa Tousek Administrativo Dra. Ana Paula Advogada Patr\u00edcia Tousek Administrativo<\/p>\n","protected":false},"author":1,"featured_media":0,"parent":0,"menu_order":0,"comment_status":"closed","ping_status":"closed","template":"elementor_header_footer","meta":{"footnotes":""},"class_list":["post-1616","page","type-page","status-publish","hentry"],"_links":{"self":[{"href":"https:\/\/paadvogados.com\/sitenovo\/wp-json\/wp\/v2\/pages\/1616","targetHints":{"allow":["GET"]}}],"collection":[{"href":"https:\/\/paadvogados.com\/sitenovo\/wp-json\/wp\/v2\/pages"}],"about":[{"href":"https:\/\/paadvogados.com\/sitenovo\/wp-json\/wp\/v2\/types\/page"}],"author":[{"embeddable":true,"href":"https:\/\/paadvogados.com\/sitenovo\/wp-json\/wp\/v2\/users\/1"}],"replies":[{"embeddable":true,"href":"https:\/\/paadvogados.com\/sitenovo\/wp-json\/wp\/v2\/comments?post=1616"}],"version-history":[{"count":22,"href":"https:\/\/paadvogados.com\/sitenovo\/wp-json\/wp\/v2\/pages\/1616\/revisions"}],"predecessor-version":[{"id":1656,"href":"https:\/\/paadvogados.com\/sitenovo\/wp-json\/wp\/v2\/pages\/1616\/revisions\/1656"}],"wp:attachment":[{"href":"https:\/\/paadvogados.com\/sitenovo\/wp-json\/wp\/v2\/media?parent=1616"}],"curies":[{"name":"wp","href":"https:\/\/api.w.org\/{rel}","templated":true}]}}